{"id":20963,"date":"2020-08-16T10:05:32","date_gmt":"2020-08-16T10:05:32","guid":{"rendered":"https:\/\/basakcilastik.com.tr\/?post_type=product&#038;p=20963"},"modified":"2020-08-16T10:05:34","modified_gmt":"2020-08-16T10:05:34","slug":"34-12-havali-lokma-anahtar-adaptoru","status":"publish","type":"product","link":"http:\/\/basakcilastik.com.tr\/?product=34-12-havali-lokma-anahtar-adaptoru","title":{"rendered":"34-12 Haval\u0131 Lokma Anahtar Adapt\u00f6r\u00fc"},"content":{"rendered":"<table>\n<tbody>\n<tr>\n<td width=\"10\"><strong>3\/4\u201d(F) x 1\/2\u201d(M) Haval\u0131<br \/>\nLokma Anahtar adapt\u00f6r\u00fc<\/strong><\/td>\n<td width=\"10\"><\/td>\n<td rowspan=\"2\">AFM-H<br \/>\n3\/4\u201d(F) x 1\/2\u201d(M) haval\u0131 lokma anahtar adapt\u00f6r\u00fc<br \/>\nhaval\u0131 aletlerde kullan\u0131m i\u00e7in gereken y\u00fcksek tork<br \/>\nperformans\u0131n\u0131 sunar. krom-molibdenium \u00e7eli\u011finden<br \/>\nimal edilir ve \u0131s\u0131l i\u015flemden ge\u00e7er.<br \/>\nhaval\u0131 aletlerle kullan\u0131l\u0131r.<br \/>\npaketleme: barkodlu alfatech ambalaj\u0131<\/td>\n<\/tr>\n<tr>\n<td width=\"10\"><\/td>\n<td width=\"10\"><\/td>\n<\/tr>\n<\/tbody>\n<\/table>\n<p>&nbsp;<\/p>\n<table width=\"633\">\n<thead>\n<tr>\n<td><strong>Stok Kodu<\/strong><\/td>\n<td><strong>mm<\/strong><\/td>\n<td><strong>Adet<\/strong><\/td>\n<\/tr>\n<\/thead>\n<tbody>\n<tr>\n<td>AFM-3412H<\/td>\n<td>3\/4\u201dFX1\/2\u201dM<\/td>\n<td>3<\/td>\n<\/tr>\n<\/tbody>\n<\/table>\n<p>&nbsp;<\/p>\n","protected":false},"excerpt":{"rendered":"<p>3\/4\u201d(F) x 1\/2\u201d(M) Haval\u0131 Lokma Anahtar adapt\u00f6r\u00fc AFM-H 3\/4\u201d(F) x 1\/2\u201d(M) haval\u0131 lokma anahtar adapt\u00f6r\u00fc haval\u0131 aletlerde kullan\u0131m i\u00e7in gereken y\u00fcksek tork performans\u0131n\u0131 sunar. krom-molibdenium \u00e7eli\u011finden imal edilir ve \u0131s\u0131l i\u015flemden ge\u00e7er. haval\u0131 aletlerle kullan\u0131l\u0131r. paketleme: barkodlu alfatech ambalaj\u0131 &nbsp; Stok Kodu mm Adet AFM-3412H 3\/4\u201dFX1\/2\u201dM 3 &nbsp;<\/p>\n","protected":false},"featured_media":20966,"comment_status":"open","ping_status":"closed","template":"","meta":[],"product_brand":[],"product_cat":[15,72,232,83],"product_tag":[],"class_list":{"0":"post-20963","1":"product","2":"type-product","3":"status-publish","4":"has-post-thumbnail","6":"product_cat-genel","7":"product_cat-hirdavat","8":"product_cat-lokma","9":"product_cat-lokma-ve-bijon-anahtarlari","11":"first","12":"instock","13":"shipping-taxable","14":"product-type-simple"},"_links":{"self":[{"href":"http:\/\/basakcilastik.com.tr\/index.php?rest_route=\/wp\/v2\/product\/20963","targetHints":{"allow":["GET"]}}],"collection":[{"href":"http:\/\/basakcilastik.com.tr\/index.php?rest_route=\/wp\/v2\/product"}],"about":[{"href":"http:\/\/basakcilastik.com.tr\/index.php?rest_route=\/wp\/v2\/types\/product"}],"replies":[{"embeddable":true,"href":"http:\/\/basakcilastik.com.tr\/index.php?rest_route=%2Fwp%2Fv2%2Fcomments&post=20963"}],"wp:featuredmedia":[{"embeddable":true,"href":"http:\/\/basakcilastik.com.tr\/index.php?rest_route=\/wp\/v2\/media\/20966"}],"wp:attachment":[{"href":"http:\/\/basakcilastik.com.tr\/index.php?rest_route=%2Fwp%2Fv2%2Fmedia&parent=20963"}],"wp:term":[{"taxonomy":"product_brand","embeddable":true,"href":"http:\/\/basakcilastik.com.tr\/index.php?rest_route=%2Fwp%2Fv2%2Fproduct_brand&post=20963"},{"taxonomy":"product_cat","embeddable":true,"href":"http:\/\/basakcilastik.com.tr\/index.php?rest_route=%2Fwp%2Fv2%2Fproduct_cat&post=20963"},{"taxonomy":"product_tag","embeddable":true,"href":"http:\/\/basakcilastik.com.tr\/index.php?rest_route=%2Fwp%2Fv2%2Fproduct_tag&post=20963"}],"curies":[{"name":"wp","href":"https:\/\/api.w.org\/{rel}","templated":true}]}}