{"id":20957,"date":"2020-08-16T10:02:03","date_gmt":"2020-08-16T10:02:03","guid":{"rendered":"https:\/\/basakcilastik.com.tr\/?post_type=product&#038;p=20957"},"modified":"2020-08-16T10:02:05","modified_gmt":"2020-08-16T10:02:05","slug":"34-uzatma","status":"publish","type":"product","link":"http:\/\/basakcilastik.com.tr\/?product=34-uzatma","title":{"rendered":"34\u201d UZATMA"},"content":{"rendered":"<p>3\/4\u201d UZATMA<\/p>\n<table width=\"540\">\n<thead>\n<tr>\n<td><strong>Kod<\/strong><\/td>\n<td><strong>\u00dcr\u00fcn Ad\u0131<\/strong><\/td>\n<td><strong>Koli<\/strong><\/td>\n<td><strong>Paket<\/strong><\/td>\n<\/tr>\n<\/thead>\n<tbody>\n<tr>\n<td>007-RC34100<\/td>\n<td>100 mm<\/td>\n<td>10<\/td>\n<td>40<\/td>\n<\/tr>\n<tr>\n<td>007-RC34200<\/td>\n<td>200 mm<\/td>\n<td>5<\/td>\n<td>25<\/td>\n<\/tr>\n<tr>\n<td>007-RC34400<\/td>\n<td>400 mm<\/td>\n<td>3<\/td>\n<td>12<\/td>\n<\/tr>\n<\/tbody>\n<\/table>\n<p>&nbsp;<\/p>\n","protected":false},"excerpt":{"rendered":"<p>3\/4\u201d UZATMA Kod \u00dcr\u00fcn Ad\u0131 Koli Paket 007-RC34100 100 mm 10 40 007-RC34200 200 mm 5 25 007-RC34400 400 mm 3 12 &nbsp;<\/p>\n","protected":false},"featured_media":20960,"comment_status":"open","ping_status":"closed","template":"","meta":[],"product_brand":[],"product_cat":[15,72,232,83],"product_tag":[],"class_list":{"0":"post-20957","1":"product","2":"type-product","3":"status-publish","4":"has-post-thumbnail","6":"product_cat-genel","7":"product_cat-hirdavat","8":"product_cat-lokma","9":"product_cat-lokma-ve-bijon-anahtarlari","11":"first","12":"instock","13":"shipping-taxable","14":"product-type-simple"},"_links":{"self":[{"href":"http:\/\/basakcilastik.com.tr\/index.php?rest_route=\/wp\/v2\/product\/20957","targetHints":{"allow":["GET"]}}],"collection":[{"href":"http:\/\/basakcilastik.com.tr\/index.php?rest_route=\/wp\/v2\/product"}],"about":[{"href":"http:\/\/basakcilastik.com.tr\/index.php?rest_route=\/wp\/v2\/types\/product"}],"replies":[{"embeddable":true,"href":"http:\/\/basakcilastik.com.tr\/index.php?rest_route=%2Fwp%2Fv2%2Fcomments&post=20957"}],"wp:featuredmedia":[{"embeddable":true,"href":"http:\/\/basakcilastik.com.tr\/index.php?rest_route=\/wp\/v2\/media\/20960"}],"wp:attachment":[{"href":"http:\/\/basakcilastik.com.tr\/index.php?rest_route=%2Fwp%2Fv2%2Fmedia&parent=20957"}],"wp:term":[{"taxonomy":"product_brand","embeddable":true,"href":"http:\/\/basakcilastik.com.tr\/index.php?rest_route=%2Fwp%2Fv2%2Fproduct_brand&post=20957"},{"taxonomy":"product_cat","embeddable":true,"href":"http:\/\/basakcilastik.com.tr\/index.php?rest_route=%2Fwp%2Fv2%2Fproduct_cat&post=20957"},{"taxonomy":"product_tag","embeddable":true,"href":"http:\/\/basakcilastik.com.tr\/index.php?rest_route=%2Fwp%2Fv2%2Fproduct_tag&post=20957"}],"curies":[{"name":"wp","href":"https:\/\/api.w.org\/{rel}","templated":true}]}}