{"id":20947,"date":"2020-08-16T09:58:10","date_gmt":"2020-08-16T09:58:10","guid":{"rendered":"https:\/\/basakcilastik.com.tr\/?post_type=product&#038;p=20947"},"modified":"2020-08-16T09:58:11","modified_gmt":"2020-08-16T09:58:11","slug":"34-havali-lokma-anahtar","status":"publish","type":"product","link":"http:\/\/basakcilastik.com.tr\/?product=34-havali-lokma-anahtar","title":{"rendered":"34\u201d Haval\u0131 Lokma Anahtar"},"content":{"rendered":"<table>\n<tbody>\n<tr>\n<td rowspan=\"2\">AHL<br \/>\n3\/4\u201d 6-k\u00f6\u015fe haval\u0131 lokma anahtarlar<br \/>\nhaval\u0131 aletlerde kullan\u0131m i\u00e7in gereken y\u00fcksek tork performans\u0131n\u0131 sunar.<br \/>\nt\u00fcm \u00f6l\u00e7\u00fcler krom-molibdenium \u00e7eli\u011finden imal edilir ve \u0131s\u0131l i\u015flemden ge\u00e7er.<br \/>\nhaval\u0131 aletlerle kullan\u0131l\u0131r.<br \/>\npaketleme: barkodlu alfatech ambalaj\u0131<\/td>\n<td colspan=\"2\" width=\"17\">&nbsp;<\/td>\n<td width=\"0\"><\/td>\n<\/tr>\n<tr>\n<td width=\"10\"><\/td>\n<td width=\"10\"><\/td>\n<td width=\"0\">&nbsp;<\/td>\n<\/tr>\n<\/tbody>\n<\/table>\n<p>&nbsp;<\/p>\n<table width=\"633\">\n<thead>\n<tr>\n<td><strong>Stok Kodu<\/strong><\/td>\n<td><strong>mm<\/strong><\/td>\n<td><strong>Adet<\/strong><\/td>\n<td><strong>Stok Kodu<\/strong><\/td>\n<td><strong>mm<\/strong><\/td>\n<td><strong>Adet<\/strong><\/td>\n<\/tr>\n<\/thead>\n<tbody>\n<tr>\n<td>AHL-3417<\/td>\n<td>17<\/td>\n<td>8<\/td>\n<td>AHL-3434<\/td>\n<td>34<\/td>\n<td>10<\/td>\n<\/tr>\n<tr>\n<td>AHL-3419<\/td>\n<td>19<\/td>\n<td>8<\/td>\n<td>AHL-3435<\/td>\n<td>35<\/td>\n<td>10<\/td>\n<\/tr>\n<tr>\n<td>AHL-3421<\/td>\n<td>21<\/td>\n<td>8<\/td>\n<td>AHL-3436<\/td>\n<td>36<\/td>\n<td>10<\/td>\n<\/tr>\n<tr>\n<td>AHL-3422<\/td>\n<td>22<\/td>\n<td>8<\/td>\n<td>AHL-3438<\/td>\n<td>38<\/td>\n<td>8<\/td>\n<\/tr>\n<tr>\n<td>AHL-3423<\/td>\n<td>23<\/td>\n<td>8<\/td>\n<td>AHL-3441<\/td>\n<td>41<\/td>\n<td>8<\/td>\n<\/tr>\n<tr>\n<td>AHL-3424<\/td>\n<td>24<\/td>\n<td>8<\/td>\n<td>AHL-3446<\/td>\n<td>46<\/td>\n<td>1<\/td>\n<\/tr>\n<tr>\n<td>AHL-3427<\/td>\n<td>27<\/td>\n<td>8<\/td>\n<td>AHL-3450<\/td>\n<td>50<\/td>\n<td>1<\/td>\n<\/tr>\n<tr>\n<td>AHL-3428<\/td>\n<td>28<\/td>\n<td>8<\/td>\n<td>AHL-3455<\/td>\n<td>55<\/td>\n<td>1<\/td>\n<\/tr>\n<tr>\n<td>AHL-3430<\/td>\n<td>30<\/td>\n<td>6<\/td>\n<td>AHL-3460<\/td>\n<td>60<\/td>\n<td>1<\/td>\n<\/tr>\n<tr>\n<td>AHL-3432<\/td>\n<td>32<\/td>\n<td>12<\/td>\n<td>AHL-3465<\/td>\n<td>65<\/td>\n<td>1<\/td>\n<\/tr>\n<tr>\n<td>AHL-3433<\/td>\n<td>33<\/td>\n<td>12<\/td>\n<td><\/td>\n<td><\/td>\n<td>&nbsp;<\/td>\n<\/tr>\n<\/tbody>\n<\/table>\n<p>&nbsp;<\/p>\n","protected":false},"excerpt":{"rendered":"<p>AHL 3\/4\u201d 6-k\u00f6\u015fe haval\u0131 lokma anahtarlar haval\u0131 aletlerde kullan\u0131m i\u00e7in gereken y\u00fcksek tork performans\u0131n\u0131 sunar. t\u00fcm \u00f6l\u00e7\u00fcler krom-molibdenium \u00e7eli\u011finden imal edilir ve \u0131s\u0131l i\u015flemden ge\u00e7er. haval\u0131 aletlerle kullan\u0131l\u0131r. paketleme: barkodlu alfatech ambalaj\u0131 &nbsp; &nbsp; &nbsp; Stok Kodu mm Adet Stok Kodu mm Adet AHL-3417 17 8 AHL-3434 34 10 AHL-3419 19 8 AHL-3435 35 10 AHL-3421 21 8 AHL-3436 36 [&hellip;]<\/p>\n","protected":false},"featured_media":20950,"comment_status":"open","ping_status":"closed","template":"","meta":[],"product_brand":[],"product_cat":[15,72,232,83],"product_tag":[],"class_list":{"0":"post-20947","1":"product","2":"type-product","3":"status-publish","4":"has-post-thumbnail","6":"product_cat-genel","7":"product_cat-hirdavat","8":"product_cat-lokma","9":"product_cat-lokma-ve-bijon-anahtarlari","11":"first","12":"instock","13":"shipping-taxable","14":"product-type-simple"},"_links":{"self":[{"href":"http:\/\/basakcilastik.com.tr\/index.php?rest_route=\/wp\/v2\/product\/20947","targetHints":{"allow":["GET"]}}],"collection":[{"href":"http:\/\/basakcilastik.com.tr\/index.php?rest_route=\/wp\/v2\/product"}],"about":[{"href":"http:\/\/basakcilastik.com.tr\/index.php?rest_route=\/wp\/v2\/types\/product"}],"replies":[{"embeddable":true,"href":"http:\/\/basakcilastik.com.tr\/index.php?rest_route=%2Fwp%2Fv2%2Fcomments&post=20947"}],"wp:featuredmedia":[{"embeddable":true,"href":"http:\/\/basakcilastik.com.tr\/index.php?rest_route=\/wp\/v2\/media\/20950"}],"wp:attachment":[{"href":"http:\/\/basakcilastik.com.tr\/index.php?rest_route=%2Fwp%2Fv2%2Fmedia&parent=20947"}],"wp:term":[{"taxonomy":"product_brand","embeddable":true,"href":"http:\/\/basakcilastik.com.tr\/index.php?rest_route=%2Fwp%2Fv2%2Fproduct_brand&post=20947"},{"taxonomy":"product_cat","embeddable":true,"href":"http:\/\/basakcilastik.com.tr\/index.php?rest_route=%2Fwp%2Fv2%2Fproduct_cat&post=20947"},{"taxonomy":"product_tag","embeddable":true,"href":"http:\/\/basakcilastik.com.tr\/index.php?rest_route=%2Fwp%2Fv2%2Fproduct_tag&post=20947"}],"curies":[{"name":"wp","href":"https:\/\/api.w.org\/{rel}","templated":true}]}}