{"id":20939,"date":"2020-08-16T09:55:21","date_gmt":"2020-08-16T09:55:21","guid":{"rendered":"https:\/\/basakcilastik.com.tr\/?post_type=product&#038;p=20939"},"modified":"2020-08-16T09:55:24","modified_gmt":"2020-08-16T09:55:24","slug":"34-12-kose-havali-lokma","status":"publish","type":"product","link":"http:\/\/basakcilastik.com.tr\/?product=34-12-kose-havali-lokma","title":{"rendered":"34\u201d 12 K\u00d6\u015eE HAVALI LOKMA"},"content":{"rendered":"<p>3\/4\u201d 12 K\u00d6\u015eE HAVALI LOKMA<\/p>\n<table width=\"540\">\n<thead>\n<tr>\n<td><strong>Kod<\/strong><\/td>\n<td><strong>\u00dcr\u00fcn Ad\u0131<\/strong><\/td>\n<td><strong>Koli<\/strong><\/td>\n<td><strong>Paket<\/strong><\/td>\n<\/tr>\n<\/thead>\n<tbody>\n<tr>\n<td>022-RC2536<\/td>\n<td>36mm<\/td>\n<td>8<\/td>\n<td>32<\/td>\n<\/tr>\n<tr>\n<td>022-RC2541<\/td>\n<td>41mm<\/td>\n<td>8<\/td>\n<td>32<\/td>\n<\/tr>\n<tr>\n<td>022-RC2546<\/td>\n<td>46mm<\/td>\n<td>8<\/td>\n<td>16<\/td>\n<\/tr>\n<tr>\n<td>022-RC2565<\/td>\n<td>65mm<\/td>\n<td>5<\/td>\n<td>10<\/td>\n<\/tr>\n<\/tbody>\n<\/table>\n<p>&nbsp;<\/p>\n","protected":false},"excerpt":{"rendered":"<p>3\/4\u201d 12 K\u00d6\u015eE HAVALI LOKMA Kod \u00dcr\u00fcn Ad\u0131 Koli Paket 022-RC2536 36mm 8 32 022-RC2541 41mm 8 32 022-RC2546 46mm 8 16 022-RC2565 65mm 5 10 &nbsp;<\/p>\n","protected":false},"featured_media":20943,"comment_status":"open","ping_status":"closed","template":"","meta":[],"product_brand":[],"product_cat":[15,72,232,83],"product_tag":[],"class_list":{"0":"post-20939","1":"product","2":"type-product","3":"status-publish","4":"has-post-thumbnail","6":"product_cat-genel","7":"product_cat-hirdavat","8":"product_cat-lokma","9":"product_cat-lokma-ve-bijon-anahtarlari","11":"first","12":"instock","13":"shipping-taxable","14":"product-type-simple"},"_links":{"self":[{"href":"http:\/\/basakcilastik.com.tr\/index.php?rest_route=\/wp\/v2\/product\/20939","targetHints":{"allow":["GET"]}}],"collection":[{"href":"http:\/\/basakcilastik.com.tr\/index.php?rest_route=\/wp\/v2\/product"}],"about":[{"href":"http:\/\/basakcilastik.com.tr\/index.php?rest_route=\/wp\/v2\/types\/product"}],"replies":[{"embeddable":true,"href":"http:\/\/basakcilastik.com.tr\/index.php?rest_route=%2Fwp%2Fv2%2Fcomments&post=20939"}],"wp:featuredmedia":[{"embeddable":true,"href":"http:\/\/basakcilastik.com.tr\/index.php?rest_route=\/wp\/v2\/media\/20943"}],"wp:attachment":[{"href":"http:\/\/basakcilastik.com.tr\/index.php?rest_route=%2Fwp%2Fv2%2Fmedia&parent=20939"}],"wp:term":[{"taxonomy":"product_brand","embeddable":true,"href":"http:\/\/basakcilastik.com.tr\/index.php?rest_route=%2Fwp%2Fv2%2Fproduct_brand&post=20939"},{"taxonomy":"product_cat","embeddable":true,"href":"http:\/\/basakcilastik.com.tr\/index.php?rest_route=%2Fwp%2Fv2%2Fproduct_cat&post=20939"},{"taxonomy":"product_tag","embeddable":true,"href":"http:\/\/basakcilastik.com.tr\/index.php?rest_route=%2Fwp%2Fv2%2Fproduct_tag&post=20939"}],"curies":[{"name":"wp","href":"https:\/\/api.w.org\/{rel}","templated":true}]}}