{"id":20933,"date":"2020-08-16T09:52:10","date_gmt":"2020-08-16T09:52:10","guid":{"rendered":"https:\/\/basakcilastik.com.tr\/?post_type=product&#038;p=20933"},"modified":"2020-08-16T09:52:12","modified_gmt":"2020-08-16T09:52:12","slug":"34-6-kose-derin-havali-lokmalar","status":"publish","type":"product","link":"http:\/\/basakcilastik.com.tr\/?product=34-6-kose-derin-havali-lokmalar","title":{"rendered":"34\u201d 6 K\u00d6\u015eE DER\u0130N HAVALI LOKMALAR"},"content":{"rendered":"<p>3\/4\u201d 6 K\u00d6\u015eE DER\u0130N HAVALI LOKMALAR<\/p>\n<table width=\"540\">\n<thead>\n<tr>\n<td><strong>Kod<\/strong><\/td>\n<td><strong>\u00dcr\u00fcn Ad\u0131<\/strong><\/td>\n<td><strong>Koli<\/strong><\/td>\n<td><strong>Paket<\/strong><\/td>\n<\/tr>\n<\/thead>\n<tbody>\n<tr>\n<td>022-RC2817<\/td>\n<td>17 mm<\/td>\n<td>10<\/td>\n<td>30<\/td>\n<\/tr>\n<tr>\n<td>022-RC2819<\/td>\n<td>19 mm<\/td>\n<td>0<\/td>\n<td>30<\/td>\n<\/tr>\n<tr>\n<td>022-RC2824<\/td>\n<td>24 mm<\/td>\n<td>10<\/td>\n<td>30<\/td>\n<\/tr>\n<tr>\n<td>022-RC2827<\/td>\n<td>27 mm<\/td>\n<td>10<\/td>\n<td>30<\/td>\n<\/tr>\n<tr>\n<td>022-RC2830<\/td>\n<td>30 mm<\/td>\n<td>10<\/td>\n<td>30<\/td>\n<\/tr>\n<tr>\n<td>022-RC2832<\/td>\n<td>32 mm<\/td>\n<td>10<\/td>\n<td>30<\/td>\n<\/tr>\n<tr>\n<td>022-RC2836<\/td>\n<td>36 mm<\/td>\n<td>10<\/td>\n<td>30<\/td>\n<\/tr>\n<tr>\n<td>022-RC2841<\/td>\n<td>41 mm<\/td>\n<td>8<\/td>\n<td>24<\/td>\n<\/tr>\n<\/tbody>\n<\/table>\n<p>&nbsp;<\/p>\n","protected":false},"excerpt":{"rendered":"<p>3\/4\u201d 6 K\u00d6\u015eE DER\u0130N HAVALI LOKMALAR Kod \u00dcr\u00fcn Ad\u0131 Koli Paket 022-RC2817 17 mm 10 30 022-RC2819 19 mm 0 30 022-RC2824 24 mm 10 30 022-RC2827 27 mm 10 30 022-RC2830 30 mm 10 30 022-RC2832 32 mm 10 30 022-RC2836 36 mm 10 30 022-RC2841 41 mm 8 24 &nbsp;<\/p>\n","protected":false},"featured_media":20936,"comment_status":"open","ping_status":"closed","template":"","meta":[],"product_brand":[],"product_cat":[15,72,232,83],"product_tag":[],"class_list":{"0":"post-20933","1":"product","2":"type-product","3":"status-publish","4":"has-post-thumbnail","6":"product_cat-genel","7":"product_cat-hirdavat","8":"product_cat-lokma","9":"product_cat-lokma-ve-bijon-anahtarlari","11":"first","12":"instock","13":"shipping-taxable","14":"product-type-simple"},"_links":{"self":[{"href":"http:\/\/basakcilastik.com.tr\/index.php?rest_route=\/wp\/v2\/product\/20933","targetHints":{"allow":["GET"]}}],"collection":[{"href":"http:\/\/basakcilastik.com.tr\/index.php?rest_route=\/wp\/v2\/product"}],"about":[{"href":"http:\/\/basakcilastik.com.tr\/index.php?rest_route=\/wp\/v2\/types\/product"}],"replies":[{"embeddable":true,"href":"http:\/\/basakcilastik.com.tr\/index.php?rest_route=%2Fwp%2Fv2%2Fcomments&post=20933"}],"wp:featuredmedia":[{"embeddable":true,"href":"http:\/\/basakcilastik.com.tr\/index.php?rest_route=\/wp\/v2\/media\/20936"}],"wp:attachment":[{"href":"http:\/\/basakcilastik.com.tr\/index.php?rest_route=%2Fwp%2Fv2%2Fmedia&parent=20933"}],"wp:term":[{"taxonomy":"product_brand","embeddable":true,"href":"http:\/\/basakcilastik.com.tr\/index.php?rest_route=%2Fwp%2Fv2%2Fproduct_brand&post=20933"},{"taxonomy":"product_cat","embeddable":true,"href":"http:\/\/basakcilastik.com.tr\/index.php?rest_route=%2Fwp%2Fv2%2Fproduct_cat&post=20933"},{"taxonomy":"product_tag","embeddable":true,"href":"http:\/\/basakcilastik.com.tr\/index.php?rest_route=%2Fwp%2Fv2%2Fproduct_tag&post=20933"}],"curies":[{"name":"wp","href":"https:\/\/api.w.org\/{rel}","templated":true}]}}