{"id":20923,"date":"2020-08-16T09:48:02","date_gmt":"2020-08-16T09:48:02","guid":{"rendered":"https:\/\/basakcilastik.com.tr\/?post_type=product&#038;p=20923"},"modified":"2020-08-16T09:48:04","modified_gmt":"2020-08-16T09:48:04","slug":"34-uzatma-kolu","status":"publish","type":"product","link":"http:\/\/basakcilastik.com.tr\/?product=34-uzatma-kolu","title":{"rendered":"34 Uzatma Kolu"},"content":{"rendered":"<table>\n<tbody>\n<tr>\n<td rowspan=\"2\"><strong><br \/>\nAUK-34<\/strong><br \/>\n3\/4&#8243; uzatma kollar\u0131<br \/>\nt\u00fcm \u00f6l\u00e7\u00fcler y\u00fcksek vas\u0131fl\u0131 krom-vanadium<br \/>\n\u00e7eli\u011finden imal edilir ve \u0131s\u0131l i\u015flemden ge\u00e7er.<br \/>\npaketleme: barkodlu alfatech ambalaj\u0131<\/td>\n<td colspan=\"2\" width=\"17\">&nbsp;<\/td>\n<td width=\"0\"><\/td>\n<\/tr>\n<tr>\n<td width=\"10\"><\/td>\n<td width=\"10\"><\/td>\n<td width=\"0\">&nbsp;<\/td>\n<\/tr>\n<\/tbody>\n<\/table>\n<p>&nbsp;<\/p>\n<table width=\"633\">\n<tbody>\n<tr>\n<td>Stok Kodu<\/td>\n<td>\u00d6l\u00e7\u00fc (mm)<\/td>\n<td>Adet<\/td>\n<\/tr>\n<tr>\n<td>AUK-3410<\/td>\n<td>100<\/td>\n<td>10<\/td>\n<\/tr>\n<tr>\n<td>AUK-3420<\/td>\n<td>200<\/td>\n<td>5<\/td>\n<\/tr>\n<\/tbody>\n<\/table>\n<p>&nbsp;<\/p>\n","protected":false},"excerpt":{"rendered":"<p>AUK-34 3\/4&#8243; uzatma kollar\u0131 t\u00fcm \u00f6l\u00e7\u00fcler y\u00fcksek vas\u0131fl\u0131 krom-vanadium \u00e7eli\u011finden imal edilir ve \u0131s\u0131l i\u015flemden ge\u00e7er. paketleme: barkodlu alfatech ambalaj\u0131 &nbsp; &nbsp; &nbsp; Stok Kodu \u00d6l\u00e7\u00fc (mm) Adet AUK-3410 100 10 AUK-3420 200 5 &nbsp;<\/p>\n","protected":false},"featured_media":20926,"comment_status":"open","ping_status":"closed","template":"","meta":[],"product_brand":[],"product_cat":[15,72,232,83],"product_tag":[],"class_list":{"0":"post-20923","1":"product","2":"type-product","3":"status-publish","4":"has-post-thumbnail","6":"product_cat-genel","7":"product_cat-hirdavat","8":"product_cat-lokma","9":"product_cat-lokma-ve-bijon-anahtarlari","11":"first","12":"instock","13":"shipping-taxable","14":"product-type-simple"},"_links":{"self":[{"href":"http:\/\/basakcilastik.com.tr\/index.php?rest_route=\/wp\/v2\/product\/20923","targetHints":{"allow":["GET"]}}],"collection":[{"href":"http:\/\/basakcilastik.com.tr\/index.php?rest_route=\/wp\/v2\/product"}],"about":[{"href":"http:\/\/basakcilastik.com.tr\/index.php?rest_route=\/wp\/v2\/types\/product"}],"replies":[{"embeddable":true,"href":"http:\/\/basakcilastik.com.tr\/index.php?rest_route=%2Fwp%2Fv2%2Fcomments&post=20923"}],"wp:featuredmedia":[{"embeddable":true,"href":"http:\/\/basakcilastik.com.tr\/index.php?rest_route=\/wp\/v2\/media\/20926"}],"wp:attachment":[{"href":"http:\/\/basakcilastik.com.tr\/index.php?rest_route=%2Fwp%2Fv2%2Fmedia&parent=20923"}],"wp:term":[{"taxonomy":"product_brand","embeddable":true,"href":"http:\/\/basakcilastik.com.tr\/index.php?rest_route=%2Fwp%2Fv2%2Fproduct_brand&post=20923"},{"taxonomy":"product_cat","embeddable":true,"href":"http:\/\/basakcilastik.com.tr\/index.php?rest_route=%2Fwp%2Fv2%2Fproduct_cat&post=20923"},{"taxonomy":"product_tag","embeddable":true,"href":"http:\/\/basakcilastik.com.tr\/index.php?rest_route=%2Fwp%2Fv2%2Fproduct_tag&post=20923"}],"curies":[{"name":"wp","href":"https:\/\/api.w.org\/{rel}","templated":true}]}}