{"id":20914,"date":"2020-08-14T19:09:08","date_gmt":"2020-08-14T19:09:08","guid":{"rendered":"https:\/\/basakcilastik.com.tr\/?post_type=product&#038;p=20914"},"modified":"2020-08-14T19:09:10","modified_gmt":"2020-08-14T19:09:10","slug":"34-12-kose-lokma-anahtar","status":"publish","type":"product","link":"http:\/\/basakcilastik.com.tr\/?product=34-12-kose-lokma-anahtar","title":{"rendered":"34 12-k\u00f6\u015fe lokma anahtar"},"content":{"rendered":"<table>\n<tbody>\n<tr>\n<td rowspan=\"2\"><strong>AAL-35<\/strong><br \/>\n3\/4&#8243; 12-k\u00f6\u015fe lokma anahtarlar<br \/>\nAAL serisi 3\/4&#8243; a\u011f\u0131r lokmalar kullan\u0131c\u0131ya y\u00fcksek tork performans\u0131 sunar.<br \/>\nt\u00fcm \u00f6l\u00e7\u00fcler y\u00fcksek vas\u0131fl\u0131 krom-vanadium \u00e7eli\u011finden imal edilir ve \u0131s\u0131l i\u015flemden ge\u00e7er.<br \/>\npaketleme: barkodlu alfatech ambalaj\u0131<\/td>\n<td colspan=\"2\" width=\"17\">&nbsp;<\/td>\n<td width=\"0\"><\/td>\n<\/tr>\n<tr>\n<td width=\"10\"><\/td>\n<td width=\"10\"><\/td>\n<td width=\"0\">&nbsp;<\/td>\n<\/tr>\n<\/tbody>\n<\/table>\n<p>&nbsp;<\/p>\n<table width=\"633\">\n<thead>\n<tr>\n<td><strong>Stok Kodu<\/strong><\/td>\n<td><strong>mm<\/strong><\/td>\n<td><strong>Adet<\/strong><\/td>\n<td><strong>Stok Kodu<\/strong><\/td>\n<td><strong>mm<\/strong><\/td>\n<td><strong>Adet<\/strong><\/td>\n<\/tr>\n<\/thead>\n<tbody>\n<tr>\n<td>AAL-3517<\/td>\n<td>17<\/td>\n<td>10<\/td>\n<td>AAL-3534<\/td>\n<td>34<\/td>\n<td>10<\/td>\n<\/tr>\n<tr>\n<td>AAL-3518<\/td>\n<td>18<\/td>\n<td>10<\/td>\n<td>AAL-3535<\/td>\n<td>35<\/td>\n<td>10<\/td>\n<\/tr>\n<tr>\n<td>AAL-3519<\/td>\n<td>19<\/td>\n<td>10<\/td>\n<td>AAL-3536<\/td>\n<td>36<\/td>\n<td>10<\/td>\n<\/tr>\n<tr>\n<td>AAL-3521<\/td>\n<td>21<\/td>\n<td>10<\/td>\n<td>AAL-3538<\/td>\n<td>38<\/td>\n<td>10<\/td>\n<\/tr>\n<tr>\n<td>AAL-3522<\/td>\n<td>22<\/td>\n<td>10<\/td>\n<td>AAL-3541<\/td>\n<td>41<\/td>\n<td>10<\/td>\n<\/tr>\n<tr>\n<td>AAL-3523<\/td>\n<td>23<\/td>\n<td>10<\/td>\n<td>AAL-3546<\/td>\n<td>46<\/td>\n<td>10<\/td>\n<\/tr>\n<tr>\n<td>AAL-3524<\/td>\n<td>24<\/td>\n<td>10<\/td>\n<td>AAL-3550<\/td>\n<td>50<\/td>\n<td>10<\/td>\n<\/tr>\n<tr>\n<td>AAL-3526<\/td>\n<td>26<\/td>\n<td>10<\/td>\n<td>AAL-3555<\/td>\n<td>55<\/td>\n<td>10<\/td>\n<\/tr>\n<tr>\n<td>AAL-3527<\/td>\n<td>27<\/td>\n<td>10<\/td>\n<td>AAL-3557<\/td>\n<td>57<\/td>\n<td>10<\/td>\n<\/tr>\n<tr>\n<td>AAL-3528<\/td>\n<td>28<\/td>\n<td>10<\/td>\n<td>AAL-3560<\/td>\n<td>60<\/td>\n<td>10<\/td>\n<\/tr>\n<tr>\n<td>AAL-3530<\/td>\n<td>30<\/td>\n<td>10<\/td>\n<td>AAL-3565<\/td>\n<td>65<\/td>\n<td>5<\/td>\n<\/tr>\n<tr>\n<td>AAL-3532<\/td>\n<td>32<\/td>\n<td>10<\/td>\n<td>AAL-3570<\/td>\n<td>70<\/td>\n<td>4<\/td>\n<\/tr>\n<tr>\n<td>AAL-3533<\/td>\n<td>33<\/td>\n<td>10<\/td>\n<td><\/td>\n<td><\/td>\n<td>&nbsp;<\/td>\n<\/tr>\n<\/tbody>\n<\/table>\n<p>&nbsp;<\/p>\n","protected":false},"excerpt":{"rendered":"<p>AAL-35 3\/4&#8243; 12-k\u00f6\u015fe lokma anahtarlar AAL serisi 3\/4&#8243; a\u011f\u0131r lokmalar kullan\u0131c\u0131ya y\u00fcksek tork performans\u0131 sunar. t\u00fcm \u00f6l\u00e7\u00fcler y\u00fcksek vas\u0131fl\u0131 krom-vanadium \u00e7eli\u011finden imal edilir ve \u0131s\u0131l i\u015flemden ge\u00e7er. paketleme: barkodlu alfatech ambalaj\u0131 &nbsp; &nbsp; &nbsp; Stok Kodu mm Adet Stok Kodu mm Adet AAL-3517 17 10 AAL-3534 34 10 AAL-3518 18 10 AAL-3535 35 10 AAL-3519 19 10 AAL-3536 36 10 [&hellip;]<\/p>\n","protected":false},"featured_media":20917,"comment_status":"open","ping_status":"closed","template":"","meta":[],"product_brand":[],"product_cat":[15,72,232,83],"product_tag":[],"class_list":{"0":"post-20914","1":"product","2":"type-product","3":"status-publish","4":"has-post-thumbnail","6":"product_cat-genel","7":"product_cat-hirdavat","8":"product_cat-lokma","9":"product_cat-lokma-ve-bijon-anahtarlari","11":"first","12":"instock","13":"shipping-taxable","14":"product-type-simple"},"_links":{"self":[{"href":"http:\/\/basakcilastik.com.tr\/index.php?rest_route=\/wp\/v2\/product\/20914","targetHints":{"allow":["GET"]}}],"collection":[{"href":"http:\/\/basakcilastik.com.tr\/index.php?rest_route=\/wp\/v2\/product"}],"about":[{"href":"http:\/\/basakcilastik.com.tr\/index.php?rest_route=\/wp\/v2\/types\/product"}],"replies":[{"embeddable":true,"href":"http:\/\/basakcilastik.com.tr\/index.php?rest_route=%2Fwp%2Fv2%2Fcomments&post=20914"}],"wp:featuredmedia":[{"embeddable":true,"href":"http:\/\/basakcilastik.com.tr\/index.php?rest_route=\/wp\/v2\/media\/20917"}],"wp:attachment":[{"href":"http:\/\/basakcilastik.com.tr\/index.php?rest_route=%2Fwp%2Fv2%2Fmedia&parent=20914"}],"wp:term":[{"taxonomy":"product_brand","embeddable":true,"href":"http:\/\/basakcilastik.com.tr\/index.php?rest_route=%2Fwp%2Fv2%2Fproduct_brand&post=20914"},{"taxonomy":"product_cat","embeddable":true,"href":"http:\/\/basakcilastik.com.tr\/index.php?rest_route=%2Fwp%2Fv2%2Fproduct_cat&post=20914"},{"taxonomy":"product_tag","embeddable":true,"href":"http:\/\/basakcilastik.com.tr\/index.php?rest_route=%2Fwp%2Fv2%2Fproduct_tag&post=20914"}],"curies":[{"name":"wp","href":"https:\/\/api.w.org\/{rel}","templated":true}]}}