{"id":20803,"date":"2020-08-12T15:15:54","date_gmt":"2020-08-12T15:15:54","guid":{"rendered":"https:\/\/basakcilastik.com.tr\/?post_type=product&#038;p=20803"},"modified":"2020-08-12T15:15:56","modified_gmt":"2020-08-12T15:15:56","slug":"14-allen-h-tip-lokmali-bits-uc","status":"publish","type":"product","link":"http:\/\/basakcilastik.com.tr\/?product=14-allen-h-tip-lokmali-bits-uc","title":{"rendered":"14 Allen (H) Tip Lokmal\u0131 Bits U\u00e7"},"content":{"rendered":"<table>\n<tbody>\n<tr>\n<td rowspan=\"2\"><strong><br \/>\nALB-H<\/strong><br \/>\n1\/4 H tip lokmal\u0131 bitsler<br \/>\ny\u00fcksek tork performans\u0131 sunar.<br \/>\nt\u00fcm \u00f6l\u00e7\u00fcler y\u00fcksek vas\u0131fl\u0131 krom-vanadium<br \/>\n\u00e7eli\u011finden imal edilmi\u015ftir.<br \/>\npaketleme: barkodlu alfatech ambalaj\u0131<\/td>\n<td colspan=\"2\" width=\"17\">&nbsp;<\/td>\n<td width=\"0\"><\/td>\n<\/tr>\n<tr>\n<td width=\"10\"><\/td>\n<td width=\"10\"><\/td>\n<td width=\"0\">&nbsp;<\/td>\n<\/tr>\n<\/tbody>\n<\/table>\n<p>&nbsp;<\/p>\n<table width=\"633\">\n<thead>\n<tr>\n<td><strong>Stok Kodu<\/strong><\/td>\n<td><strong>mm<\/strong><\/td>\n<td><strong>Adet<\/strong><\/td>\n<\/tr>\n<\/thead>\n<tbody>\n<tr>\n<td>ALB-H3<\/td>\n<td>H3<\/td>\n<td>10<\/td>\n<\/tr>\n<tr>\n<td>ALB-H4<\/td>\n<td>H4<\/td>\n<td>10<\/td>\n<\/tr>\n<tr>\n<td>ALB-H5<\/td>\n<td>H5<\/td>\n<td>10<\/td>\n<\/tr>\n<tr>\n<td>ALB-H6<\/td>\n<td>H6<\/td>\n<td>10<\/td>\n<\/tr>\n<tr>\n<td>ALB-H7<\/td>\n<td>H7<\/td>\n<td>10<\/td>\n<\/tr>\n<tr>\n<td>ALB-H8<\/td>\n<td>H8<\/td>\n<td>10<\/td>\n<\/tr>\n<\/tbody>\n<\/table>\n<p>&nbsp;<\/p>\n","protected":false},"excerpt":{"rendered":"<p>ALB-H 1\/4 H tip lokmal\u0131 bitsler y\u00fcksek tork performans\u0131 sunar. t\u00fcm \u00f6l\u00e7\u00fcler y\u00fcksek vas\u0131fl\u0131 krom-vanadium \u00e7eli\u011finden imal edilmi\u015ftir. paketleme: barkodlu alfatech ambalaj\u0131 &nbsp; &nbsp; &nbsp; Stok Kodu mm Adet ALB-H3 H3 10 ALB-H4 H4 10 ALB-H5 H5 10 ALB-H6 H6 10 ALB-H7 H7 10 ALB-H8 H8 10 &nbsp;<\/p>\n","protected":false},"featured_media":20806,"comment_status":"open","ping_status":"closed","template":"","meta":[],"product_brand":[],"product_cat":[15,72,232,83],"product_tag":[],"class_list":{"0":"post-20803","1":"product","2":"type-product","3":"status-publish","4":"has-post-thumbnail","6":"product_cat-genel","7":"product_cat-hirdavat","8":"product_cat-lokma","9":"product_cat-lokma-ve-bijon-anahtarlari","11":"first","12":"instock","13":"shipping-taxable","14":"product-type-simple"},"_links":{"self":[{"href":"http:\/\/basakcilastik.com.tr\/index.php?rest_route=\/wp\/v2\/product\/20803","targetHints":{"allow":["GET"]}}],"collection":[{"href":"http:\/\/basakcilastik.com.tr\/index.php?rest_route=\/wp\/v2\/product"}],"about":[{"href":"http:\/\/basakcilastik.com.tr\/index.php?rest_route=\/wp\/v2\/types\/product"}],"replies":[{"embeddable":true,"href":"http:\/\/basakcilastik.com.tr\/index.php?rest_route=%2Fwp%2Fv2%2Fcomments&post=20803"}],"wp:featuredmedia":[{"embeddable":true,"href":"http:\/\/basakcilastik.com.tr\/index.php?rest_route=\/wp\/v2\/media\/20806"}],"wp:attachment":[{"href":"http:\/\/basakcilastik.com.tr\/index.php?rest_route=%2Fwp%2Fv2%2Fmedia&parent=20803"}],"wp:term":[{"taxonomy":"product_brand","embeddable":true,"href":"http:\/\/basakcilastik.com.tr\/index.php?rest_route=%2Fwp%2Fv2%2Fproduct_brand&post=20803"},{"taxonomy":"product_cat","embeddable":true,"href":"http:\/\/basakcilastik.com.tr\/index.php?rest_route=%2Fwp%2Fv2%2Fproduct_cat&post=20803"},{"taxonomy":"product_tag","embeddable":true,"href":"http:\/\/basakcilastik.com.tr\/index.php?rest_route=%2Fwp%2Fv2%2Fproduct_tag&post=20803"}],"curies":[{"name":"wp","href":"https:\/\/api.w.org\/{rel}","templated":true}]}}