{"id":20797,"date":"2020-08-12T15:13:47","date_gmt":"2020-08-12T15:13:47","guid":{"rendered":"https:\/\/basakcilastik.com.tr\/?post_type=product&#038;p=20797"},"modified":"2020-08-12T15:13:48","modified_gmt":"2020-08-12T15:13:48","slug":"14-6-kose-derin-lokma-anahtar","status":"publish","type":"product","link":"http:\/\/basakcilastik.com.tr\/?product=14-6-kose-derin-lokma-anahtar","title":{"rendered":"14 6 K\u00f6\u015fe Derin Lokma Anahtar"},"content":{"rendered":"<table>\n<tbody>\n<tr>\n<td rowspan=\"2\"><strong>AUL<\/strong><br \/>\n1\/4&#8243; 6-k\u00f6\u015fe derin lokma anahtarlar<br \/>\ny\u00fcksek tork performans\u0131 sunar.<br \/>\nt\u00fcm \u00f6l\u00e7\u00fcler parlak krom kaplamad\u0131r.<br \/>\ny\u00fcksek vas\u0131fl\u0131 krom-vanadium \u00e7eli\u011finden imal<br \/>\nedilir ve \u0131s\u0131l i\u015flemden ge\u00e7er.<br \/>\nstandart lokmalarla ula\u015f\u0131lmas\u0131 zor b\u00f6l\u00fcmlerde<br \/>\nkullan\u0131m kolayl\u0131\u011f\u0131 sa\u011flar.<br \/>\npaketleme: barkodlu alfatech ambalaj\u0131<\/td>\n<td colspan=\"2\" width=\"17\">&nbsp;<\/td>\n<td width=\"0\"><\/td>\n<\/tr>\n<tr>\n<td width=\"10\"><\/td>\n<td width=\"10\"><\/td>\n<td width=\"0\">&nbsp;<\/td>\n<\/tr>\n<\/tbody>\n<\/table>\n<p>&nbsp;<\/p>\n<table width=\"633\">\n<thead>\n<tr>\n<td><strong>Stok Kodu<\/strong><\/td>\n<td><strong>mm<\/strong><\/td>\n<td><strong>Adet<\/strong><\/td>\n<\/tr>\n<\/thead>\n<tbody>\n<tr>\n<td>AUL-1406<\/td>\n<td>6<\/td>\n<td>10<\/td>\n<\/tr>\n<tr>\n<td>AUL-1407<\/td>\n<td>7<\/td>\n<td>10<\/td>\n<\/tr>\n<tr>\n<td>AUL-1408<\/td>\n<td>8<\/td>\n<td>10<\/td>\n<\/tr>\n<tr>\n<td>AUL-1409<\/td>\n<td>9<\/td>\n<td>10<\/td>\n<\/tr>\n<tr>\n<td>AUL-1410<\/td>\n<td>10<\/td>\n<td>10<\/td>\n<\/tr>\n<tr>\n<td>AUL-1411<\/td>\n<td>11<\/td>\n<td>10<\/td>\n<\/tr>\n<tr>\n<td>AUL-1412<\/td>\n<td>12<\/td>\n<td>10<\/td>\n<\/tr>\n<tr>\n<td>AUL-1413<\/td>\n<td>13<\/td>\n<td>10<\/td>\n<\/tr>\n<tr>\n<td>AUL-1414<\/td>\n<td>14<\/td>\n<td>10<\/td>\n<\/tr>\n<\/tbody>\n<\/table>\n<p>&nbsp;<\/p>\n","protected":false},"excerpt":{"rendered":"<p>AUL 1\/4&#8243; 6-k\u00f6\u015fe derin lokma anahtarlar y\u00fcksek tork performans\u0131 sunar. t\u00fcm \u00f6l\u00e7\u00fcler parlak krom kaplamad\u0131r. y\u00fcksek vas\u0131fl\u0131 krom-vanadium \u00e7eli\u011finden imal edilir ve \u0131s\u0131l i\u015flemden ge\u00e7er. standart lokmalarla ula\u015f\u0131lmas\u0131 zor b\u00f6l\u00fcmlerde kullan\u0131m kolayl\u0131\u011f\u0131 sa\u011flar. paketleme: barkodlu alfatech ambalaj\u0131 &nbsp; &nbsp; &nbsp; Stok Kodu mm Adet AUL-1406 6 10 AUL-1407 7 10 AUL-1408 8 10 AUL-1409 9 10 AUL-1410 10 10 AUL-1411 [&hellip;]<\/p>\n","protected":false},"featured_media":20800,"comment_status":"open","ping_status":"closed","template":"","meta":[],"product_brand":[],"product_cat":[15,72,232,83],"product_tag":[],"class_list":{"0":"post-20797","1":"product","2":"type-product","3":"status-publish","4":"has-post-thumbnail","6":"product_cat-genel","7":"product_cat-hirdavat","8":"product_cat-lokma","9":"product_cat-lokma-ve-bijon-anahtarlari","11":"first","12":"instock","13":"shipping-taxable","14":"product-type-simple"},"_links":{"self":[{"href":"http:\/\/basakcilastik.com.tr\/index.php?rest_route=\/wp\/v2\/product\/20797","targetHints":{"allow":["GET"]}}],"collection":[{"href":"http:\/\/basakcilastik.com.tr\/index.php?rest_route=\/wp\/v2\/product"}],"about":[{"href":"http:\/\/basakcilastik.com.tr\/index.php?rest_route=\/wp\/v2\/types\/product"}],"replies":[{"embeddable":true,"href":"http:\/\/basakcilastik.com.tr\/index.php?rest_route=%2Fwp%2Fv2%2Fcomments&post=20797"}],"wp:featuredmedia":[{"embeddable":true,"href":"http:\/\/basakcilastik.com.tr\/index.php?rest_route=\/wp\/v2\/media\/20800"}],"wp:attachment":[{"href":"http:\/\/basakcilastik.com.tr\/index.php?rest_route=%2Fwp%2Fv2%2Fmedia&parent=20797"}],"wp:term":[{"taxonomy":"product_brand","embeddable":true,"href":"http:\/\/basakcilastik.com.tr\/index.php?rest_route=%2Fwp%2Fv2%2Fproduct_brand&post=20797"},{"taxonomy":"product_cat","embeddable":true,"href":"http:\/\/basakcilastik.com.tr\/index.php?rest_route=%2Fwp%2Fv2%2Fproduct_cat&post=20797"},{"taxonomy":"product_tag","embeddable":true,"href":"http:\/\/basakcilastik.com.tr\/index.php?rest_route=%2Fwp%2Fv2%2Fproduct_tag&post=20797"}],"curies":[{"name":"wp","href":"https:\/\/api.w.org\/{rel}","templated":true}]}}