{"id":20713,"date":"2020-08-12T13:36:52","date_gmt":"2020-08-12T13:36:52","guid":{"rendered":"https:\/\/basakcilastik.com.tr\/?post_type=product&#038;p=20713"},"modified":"2020-08-12T13:36:54","modified_gmt":"2020-08-12T13:36:54","slug":"12-12-kose-lokma-pvc","status":"publish","type":"product","link":"http:\/\/basakcilastik.com.tr\/?product=12-12-kose-lokma-pvc","title":{"rendered":"12\u201d 12 K\u00d6\u015eE LOKMA PVC"},"content":{"rendered":"<p>1\/2\u201d 12 K\u00d6\u015eE LOKMA PVC<\/p>\n<table width=\"540\">\n<thead>\n<tr>\n<td><strong>Kod<\/strong><\/td>\n<td><strong>\u00dcr\u00fcn Ad\u0131<\/strong><\/td>\n<td><strong>Koli<\/strong><\/td>\n<td><strong>Paket<\/strong><\/td>\n<\/tr>\n<\/thead>\n<tbody>\n<tr>\n<td>007-RC1108P<\/td>\n<td>8 mm PVC<\/td>\n<td>10<\/td>\n<td>200<\/td>\n<\/tr>\n<tr>\n<td>007-RC1209P<\/td>\n<td>9 mm PVC<\/td>\n<td>10<\/td>\n<td>200<\/td>\n<\/tr>\n<tr>\n<td>007-RC1210P<\/td>\n<td>10 mm PVC<\/td>\n<td>10<\/td>\n<td>200<\/td>\n<\/tr>\n<tr>\n<td>007-RC1211P<\/td>\n<td>11 mm PVC<\/td>\n<td>10<\/td>\n<td>200<\/td>\n<\/tr>\n<tr>\n<td>007-RC1212P<\/td>\n<td>12 mm PVC<\/td>\n<td>10<\/td>\n<td>200<\/td>\n<\/tr>\n<tr>\n<td>007-RC1213P<\/td>\n<td>13 mm PVC<\/td>\n<td>10<\/td>\n<td>200<\/td>\n<\/tr>\n<tr>\n<td>007-RC1214P<\/td>\n<td>14 mm PVC<\/td>\n<td>10<\/td>\n<td>200<\/td>\n<\/tr>\n<tr>\n<td>007-RC1215P<\/td>\n<td>15 mm PVC<\/td>\n<td>10<\/td>\n<td>200<\/td>\n<\/tr>\n<tr>\n<td>007-RC1216P<\/td>\n<td>16 mm PVC<\/td>\n<td>10<\/td>\n<td>200<\/td>\n<\/tr>\n<tr>\n<td>007-RC1217P<\/td>\n<td>17 mm PVC<\/td>\n<td>10<\/td>\n<td>200<\/td>\n<\/tr>\n<tr>\n<td>007-RC1218P<\/td>\n<td>18 mm PVC<\/td>\n<td>10<\/td>\n<td>200<\/td>\n<\/tr>\n<tr>\n<td>007-RC1219P<\/td>\n<td>19 mm PVC<\/td>\n<td>10<\/td>\n<td>200<\/td>\n<\/tr>\n<tr>\n<td>007-RC1220P<\/td>\n<td>20 mm PVC<\/td>\n<td>10<\/td>\n<td>200<\/td>\n<\/tr>\n<tr>\n<td>007-RC1221P<\/td>\n<td>21 mm PVC<\/td>\n<td>10<\/td>\n<td>200<\/td>\n<\/tr>\n<tr>\n<td>007-RC1222P<\/td>\n<td>22 mm PVC<\/td>\n<td>10<\/td>\n<td>100<\/td>\n<\/tr>\n<tr>\n<td>007-RC1224P<\/td>\n<td>24 mm PVC<\/td>\n<td>10<\/td>\n<td>100<\/td>\n<\/tr>\n<tr>\n<td>007-RC1227P<\/td>\n<td>27 mm PVC<\/td>\n<td>10<\/td>\n<td>100<\/td>\n<\/tr>\n<tr>\n<td>007-RC1230P<\/td>\n<td>30 mm PVC<\/td>\n<td>10<\/td>\n<td>100<\/td>\n<\/tr>\n<tr>\n<td>007-RC1232P<\/td>\n<td>32 mm PVC<\/td>\n<td>10<\/td>\n<td>100<\/td>\n<\/tr>\n<\/tbody>\n<\/table>\n<p>&nbsp;<\/p>\n","protected":false},"excerpt":{"rendered":"<p>1\/2\u201d 12 K\u00d6\u015eE LOKMA PVC Kod \u00dcr\u00fcn Ad\u0131 Koli Paket 007-RC1108P 8 mm PVC 10 200 007-RC1209P 9 mm PVC 10 200 007-RC1210P 10 mm PVC 10 200 007-RC1211P 11 mm PVC 10 200 007-RC1212P 12 mm PVC 10 200 007-RC1213P 13 mm PVC 10 200 007-RC1214P 14 mm PVC 10 200 007-RC1215P 15 mm PVC 10 200 007-RC1216P 16 [&hellip;]<\/p>\n","protected":false},"featured_media":20716,"comment_status":"open","ping_status":"closed","template":"","meta":[],"product_brand":[],"product_cat":[15,72,232,83],"product_tag":[],"class_list":{"0":"post-20713","1":"product","2":"type-product","3":"status-publish","4":"has-post-thumbnail","6":"product_cat-genel","7":"product_cat-hirdavat","8":"product_cat-lokma","9":"product_cat-lokma-ve-bijon-anahtarlari","11":"first","12":"instock","13":"shipping-taxable","14":"product-type-simple"},"_links":{"self":[{"href":"http:\/\/basakcilastik.com.tr\/index.php?rest_route=\/wp\/v2\/product\/20713","targetHints":{"allow":["GET"]}}],"collection":[{"href":"http:\/\/basakcilastik.com.tr\/index.php?rest_route=\/wp\/v2\/product"}],"about":[{"href":"http:\/\/basakcilastik.com.tr\/index.php?rest_route=\/wp\/v2\/types\/product"}],"replies":[{"embeddable":true,"href":"http:\/\/basakcilastik.com.tr\/index.php?rest_route=%2Fwp%2Fv2%2Fcomments&post=20713"}],"wp:featuredmedia":[{"embeddable":true,"href":"http:\/\/basakcilastik.com.tr\/index.php?rest_route=\/wp\/v2\/media\/20716"}],"wp:attachment":[{"href":"http:\/\/basakcilastik.com.tr\/index.php?rest_route=%2Fwp%2Fv2%2Fmedia&parent=20713"}],"wp:term":[{"taxonomy":"product_brand","embeddable":true,"href":"http:\/\/basakcilastik.com.tr\/index.php?rest_route=%2Fwp%2Fv2%2Fproduct_brand&post=20713"},{"taxonomy":"product_cat","embeddable":true,"href":"http:\/\/basakcilastik.com.tr\/index.php?rest_route=%2Fwp%2Fv2%2Fproduct_cat&post=20713"},{"taxonomy":"product_tag","embeddable":true,"href":"http:\/\/basakcilastik.com.tr\/index.php?rest_route=%2Fwp%2Fv2%2Fproduct_tag&post=20713"}],"curies":[{"name":"wp","href":"https:\/\/api.w.org\/{rel}","templated":true}]}}