{"id":20709,"date":"2020-08-12T13:35:12","date_gmt":"2020-08-12T13:35:12","guid":{"rendered":"https:\/\/basakcilastik.com.tr\/?post_type=product&#038;p=20709"},"modified":"2020-08-12T13:35:14","modified_gmt":"2020-08-12T13:35:14","slug":"12-12-kose-derin-lokma-pvc","status":"publish","type":"product","link":"http:\/\/basakcilastik.com.tr\/?product=12-12-kose-derin-lokma-pvc","title":{"rendered":"12\u201d 12 K\u00d6\u015eE DER\u0130N LOKMA PVC"},"content":{"rendered":"<p>1\/2\u201d 12 K\u00d6\u015eE DER\u0130N LOKMA PVC<\/p>\n<table width=\"540\">\n<thead>\n<tr>\n<td><strong>Kod<\/strong><\/td>\n<td><strong>\u00dcr\u00fcn Ad\u0131<\/strong><\/td>\n<td><strong>Koli<\/strong><\/td>\n<td><strong>Paket<\/strong><\/td>\n<\/tr>\n<\/thead>\n<tbody>\n<tr>\n<td>007-RC8208P<\/td>\n<td>8 mm PVC<\/td>\n<td>10<\/td>\n<td>100<\/td>\n<\/tr>\n<tr>\n<td>007-RC8209P<\/td>\n<td>9 mm PVC<\/td>\n<td>10<\/td>\n<td>100<\/td>\n<\/tr>\n<tr>\n<td>007-RC8210P<\/td>\n<td>10 mm PVC<\/td>\n<td>10<\/td>\n<td>100<\/td>\n<\/tr>\n<tr>\n<td>007-RC8211P<\/td>\n<td>11 mm PVC<\/td>\n<td>10<\/td>\n<td>100<\/td>\n<\/tr>\n<tr>\n<td>007-RC8212P<\/td>\n<td>12 mm PVC<\/td>\n<td>10<\/td>\n<td>100<\/td>\n<\/tr>\n<tr>\n<td>007-RC8213P<\/td>\n<td>13 mm PVC<\/td>\n<td>10<\/td>\n<td>100<\/td>\n<\/tr>\n<tr>\n<td>007-RC8214P<\/td>\n<td>14 mm PVC<\/td>\n<td>10<\/td>\n<td>100<\/td>\n<\/tr>\n<tr>\n<td>007-RC8215P<\/td>\n<td>15 mm PVC<\/td>\n<td>10<\/td>\n<td>100<\/td>\n<\/tr>\n<tr>\n<td>007-RC8216P<\/td>\n<td>16 mm PVC<\/td>\n<td>10<\/td>\n<td>100<\/td>\n<\/tr>\n<tr>\n<td>007-RC8217P<\/td>\n<td>17 mm PVC<\/td>\n<td>10<\/td>\n<td>100<\/td>\n<\/tr>\n<tr>\n<td>007-RC8218P<\/td>\n<td>18 mm PVC<\/td>\n<td>10<\/td>\n<td>100<\/td>\n<\/tr>\n<tr>\n<td>007-RC8219P<\/td>\n<td>19 mm PVC<\/td>\n<td>10<\/td>\n<td>100<\/td>\n<\/tr>\n<tr>\n<td>007-RC8220P<\/td>\n<td>20 mm PVC<\/td>\n<td>10<\/td>\n<td>100<\/td>\n<\/tr>\n<tr>\n<td>007-RC8221P<\/td>\n<td>21 mm PVC<\/td>\n<td>10<\/td>\n<td>60<\/td>\n<\/tr>\n<tr>\n<td>007-RC8222P<\/td>\n<td>22 mm PVC<\/td>\n<td>10<\/td>\n<td>60<\/td>\n<\/tr>\n<tr>\n<td>007-RC8224P<\/td>\n<td>24 mm PVC<\/td>\n<td>10<\/td>\n<td>50<\/td>\n<\/tr>\n<tr>\n<td>007-RC8227P<\/td>\n<td>27 mm PVC<\/td>\n<td>10<\/td>\n<td>50<\/td>\n<\/tr>\n<tr>\n<td>007-RC8230P<\/td>\n<td>30 mm PVC<\/td>\n<td>10<\/td>\n<td>40<\/td>\n<\/tr>\n<tr>\n<td>007-RC8232P<\/td>\n<td>32 mm PVC<\/td>\n<td>10<\/td>\n<td>40<\/td>\n<\/tr>\n<\/tbody>\n<\/table>\n<p>&nbsp;<\/p>\n","protected":false},"excerpt":{"rendered":"<p>1\/2\u201d 12 K\u00d6\u015eE DER\u0130N LOKMA PVC Kod \u00dcr\u00fcn Ad\u0131 Koli Paket 007-RC8208P 8 mm PVC 10 100 007-RC8209P 9 mm PVC 10 100 007-RC8210P 10 mm PVC 10 100 007-RC8211P 11 mm PVC 10 100 007-RC8212P 12 mm PVC 10 100 007-RC8213P 13 mm PVC 10 100 007-RC8214P 14 mm PVC 10 100 007-RC8215P 15 mm PVC 10 100 007-RC8216P [&hellip;]<\/p>\n","protected":false},"featured_media":20712,"comment_status":"open","ping_status":"closed","template":"","meta":[],"product_brand":[],"product_cat":[15,72,232,83],"product_tag":[],"class_list":{"0":"post-20709","1":"product","2":"type-product","3":"status-publish","4":"has-post-thumbnail","6":"product_cat-genel","7":"product_cat-hirdavat","8":"product_cat-lokma","9":"product_cat-lokma-ve-bijon-anahtarlari","11":"first","12":"instock","13":"shipping-taxable","14":"product-type-simple"},"_links":{"self":[{"href":"http:\/\/basakcilastik.com.tr\/index.php?rest_route=\/wp\/v2\/product\/20709","targetHints":{"allow":["GET"]}}],"collection":[{"href":"http:\/\/basakcilastik.com.tr\/index.php?rest_route=\/wp\/v2\/product"}],"about":[{"href":"http:\/\/basakcilastik.com.tr\/index.php?rest_route=\/wp\/v2\/types\/product"}],"replies":[{"embeddable":true,"href":"http:\/\/basakcilastik.com.tr\/index.php?rest_route=%2Fwp%2Fv2%2Fcomments&post=20709"}],"wp:featuredmedia":[{"embeddable":true,"href":"http:\/\/basakcilastik.com.tr\/index.php?rest_route=\/wp\/v2\/media\/20712"}],"wp:attachment":[{"href":"http:\/\/basakcilastik.com.tr\/index.php?rest_route=%2Fwp%2Fv2%2Fmedia&parent=20709"}],"wp:term":[{"taxonomy":"product_brand","embeddable":true,"href":"http:\/\/basakcilastik.com.tr\/index.php?rest_route=%2Fwp%2Fv2%2Fproduct_brand&post=20709"},{"taxonomy":"product_cat","embeddable":true,"href":"http:\/\/basakcilastik.com.tr\/index.php?rest_route=%2Fwp%2Fv2%2Fproduct_cat&post=20709"},{"taxonomy":"product_tag","embeddable":true,"href":"http:\/\/basakcilastik.com.tr\/index.php?rest_route=%2Fwp%2Fv2%2Fproduct_tag&post=20709"}],"curies":[{"name":"wp","href":"https:\/\/api.w.org\/{rel}","templated":true}]}}