{"id":20699,"date":"2020-08-12T13:29:02","date_gmt":"2020-08-12T13:29:02","guid":{"rendered":"https:\/\/basakcilastik.com.tr\/?post_type=product&#038;p=20699"},"modified":"2020-08-12T13:29:03","modified_gmt":"2020-08-12T13:29:03","slug":"12-6-kose-derin-lokma","status":"publish","type":"product","link":"http:\/\/basakcilastik.com.tr\/?product=12-6-kose-derin-lokma","title":{"rendered":"12\u201d 6 K\u00d6\u015eE DER\u0130N LOKMA"},"content":{"rendered":"<p>1\/2\u201d 6 K\u00d6\u015eE DER\u0130N LOKMA<\/p>\n<table width=\"540\">\n<thead>\n<tr>\n<td><strong>Kod<\/strong><\/td>\n<td><strong>\u00dcr\u00fcn Ad\u0131<\/strong><\/td>\n<td><strong>Koli<\/strong><\/td>\n<td><strong>Paket<\/strong><\/td>\n<\/tr>\n<\/thead>\n<tbody>\n<tr>\n<td>007-RC8108<\/td>\n<td>8 mm<\/td>\n<td>10<\/td>\n<td>100<\/td>\n<\/tr>\n<tr>\n<td>007-RC8109<\/td>\n<td>9 mm<\/td>\n<td>10<\/td>\n<td>100<\/td>\n<\/tr>\n<tr>\n<td>007-RC8110<\/td>\n<td>10 mm<\/td>\n<td>10<\/td>\n<td>100<\/td>\n<\/tr>\n<tr>\n<td>007-RC8111<\/td>\n<td>11 mm<\/td>\n<td>10<\/td>\n<td>100<\/td>\n<\/tr>\n<tr>\n<td>007-RC8112<\/td>\n<td>12 mm<\/td>\n<td>10<\/td>\n<td>100<\/td>\n<\/tr>\n<tr>\n<td>007-RC8113<\/td>\n<td>13 mm<\/td>\n<td>10<\/td>\n<td>100<\/td>\n<\/tr>\n<tr>\n<td>007-RC8114<\/td>\n<td>14 mm<\/td>\n<td>10<\/td>\n<td>100<\/td>\n<\/tr>\n<tr>\n<td>007-RC8115<\/td>\n<td>15 mm<\/td>\n<td>10<\/td>\n<td>100<\/td>\n<\/tr>\n<tr>\n<td>007-RC8116<\/td>\n<td>16 mm<\/td>\n<td>10<\/td>\n<td>100<\/td>\n<\/tr>\n<tr>\n<td>007-RC8117<\/td>\n<td>17 mm<\/td>\n<td>10<\/td>\n<td>100<\/td>\n<\/tr>\n<tr>\n<td>007-RC8118<\/td>\n<td>18 mm<\/td>\n<td>10<\/td>\n<td>100<\/td>\n<\/tr>\n<tr>\n<td>007-RC8119<\/td>\n<td>19 mm<\/td>\n<td>10<\/td>\n<td>100<\/td>\n<\/tr>\n<tr>\n<td>007-RC8120<\/td>\n<td>20 mm<\/td>\n<td>10<\/td>\n<td>100<\/td>\n<\/tr>\n<tr>\n<td>007-RC8121<\/td>\n<td>21 mm<\/td>\n<td>10<\/td>\n<td>60<\/td>\n<\/tr>\n<tr>\n<td>007-RC8122<\/td>\n<td>22 mm<\/td>\n<td>10<\/td>\n<td>60<\/td>\n<\/tr>\n<tr>\n<td>007-RC8124<\/td>\n<td>24 mm<\/td>\n<td>10<\/td>\n<td>50<\/td>\n<\/tr>\n<tr>\n<td>007-RC8127<\/td>\n<td>27 mm<\/td>\n<td>10<\/td>\n<td>50<\/td>\n<\/tr>\n<tr>\n<td>007-RC8130<\/td>\n<td>30 mm<\/td>\n<td>10<\/td>\n<td>40<\/td>\n<\/tr>\n<tr>\n<td>007-RC8132<\/td>\n<td>32 mm<\/td>\n<td>10<\/td>\n<td>40<\/td>\n<\/tr>\n<\/tbody>\n<\/table>\n<p>&nbsp;<\/p>\n","protected":false},"excerpt":{"rendered":"<p>1\/2\u201d 6 K\u00d6\u015eE DER\u0130N LOKMA Kod \u00dcr\u00fcn Ad\u0131 Koli Paket 007-RC8108 8 mm 10 100 007-RC8109 9 mm 10 100 007-RC8110 10 mm 10 100 007-RC8111 11 mm 10 100 007-RC8112 12 mm 10 100 007-RC8113 13 mm 10 100 007-RC8114 14 mm 10 100 007-RC8115 15 mm 10 100 007-RC8116 16 mm 10 100 007-RC8117 17 mm 10 100 [&hellip;]<\/p>\n","protected":false},"featured_media":20702,"comment_status":"open","ping_status":"closed","template":"","meta":[],"product_brand":[],"product_cat":[15,72,232,83],"product_tag":[],"class_list":{"0":"post-20699","1":"product","2":"type-product","3":"status-publish","4":"has-post-thumbnail","6":"product_cat-genel","7":"product_cat-hirdavat","8":"product_cat-lokma","9":"product_cat-lokma-ve-bijon-anahtarlari","11":"first","12":"instock","13":"shipping-taxable","14":"product-type-simple"},"_links":{"self":[{"href":"http:\/\/basakcilastik.com.tr\/index.php?rest_route=\/wp\/v2\/product\/20699","targetHints":{"allow":["GET"]}}],"collection":[{"href":"http:\/\/basakcilastik.com.tr\/index.php?rest_route=\/wp\/v2\/product"}],"about":[{"href":"http:\/\/basakcilastik.com.tr\/index.php?rest_route=\/wp\/v2\/types\/product"}],"replies":[{"embeddable":true,"href":"http:\/\/basakcilastik.com.tr\/index.php?rest_route=%2Fwp%2Fv2%2Fcomments&post=20699"}],"wp:featuredmedia":[{"embeddable":true,"href":"http:\/\/basakcilastik.com.tr\/index.php?rest_route=\/wp\/v2\/media\/20702"}],"wp:attachment":[{"href":"http:\/\/basakcilastik.com.tr\/index.php?rest_route=%2Fwp%2Fv2%2Fmedia&parent=20699"}],"wp:term":[{"taxonomy":"product_brand","embeddable":true,"href":"http:\/\/basakcilastik.com.tr\/index.php?rest_route=%2Fwp%2Fv2%2Fproduct_brand&post=20699"},{"taxonomy":"product_cat","embeddable":true,"href":"http:\/\/basakcilastik.com.tr\/index.php?rest_route=%2Fwp%2Fv2%2Fproduct_cat&post=20699"},{"taxonomy":"product_tag","embeddable":true,"href":"http:\/\/basakcilastik.com.tr\/index.php?rest_route=%2Fwp%2Fv2%2Fproduct_tag&post=20699"}],"curies":[{"name":"wp","href":"https:\/\/api.w.org\/{rel}","templated":true}]}}