{"id":20584,"date":"2020-08-12T12:37:36","date_gmt":"2020-08-12T12:37:36","guid":{"rendered":"https:\/\/basakcilastik.com.tr\/?post_type=product&#038;p=20584"},"modified":"2020-08-12T12:37:37","modified_gmt":"2020-08-12T12:37:37","slug":"1x-34-havali-lokma-anahtar-adaptoru","status":"publish","type":"product","link":"http:\/\/basakcilastik.com.tr\/?product=1x-34-havali-lokma-anahtar-adaptoru","title":{"rendered":"1\u201dx 34\u201d Haval\u0131 Lokma Anahtar Adapt\u00f6r\u00fc"},"content":{"rendered":"<p>1\u201dx 34\u201d Haval\u0131 Lokma Anahtar Adapt\u00f6r\u00fc<\/p>\n","protected":false},"excerpt":{"rendered":"<p>1\u201dx 34\u201d Haval\u0131 Lokma Anahtar Adapt\u00f6r\u00fc<\/p>\n","protected":false},"featured_media":20587,"comment_status":"open","ping_status":"closed","template":"","meta":[],"product_brand":[],"product_cat":[15,72,232,83],"product_tag":[],"class_list":{"0":"post-20584","1":"product","2":"type-product","3":"status-publish","4":"has-post-thumbnail","6":"product_cat-genel","7":"product_cat-hirdavat","8":"product_cat-lokma","9":"product_cat-lokma-ve-bijon-anahtarlari","11":"first","12":"instock","13":"shipping-taxable","14":"product-type-simple"},"_links":{"self":[{"href":"http:\/\/basakcilastik.com.tr\/index.php?rest_route=\/wp\/v2\/product\/20584","targetHints":{"allow":["GET"]}}],"collection":[{"href":"http:\/\/basakcilastik.com.tr\/index.php?rest_route=\/wp\/v2\/product"}],"about":[{"href":"http:\/\/basakcilastik.com.tr\/index.php?rest_route=\/wp\/v2\/types\/product"}],"replies":[{"embeddable":true,"href":"http:\/\/basakcilastik.com.tr\/index.php?rest_route=%2Fwp%2Fv2%2Fcomments&post=20584"}],"wp:featuredmedia":[{"embeddable":true,"href":"http:\/\/basakcilastik.com.tr\/index.php?rest_route=\/wp\/v2\/media\/20587"}],"wp:attachment":[{"href":"http:\/\/basakcilastik.com.tr\/index.php?rest_route=%2Fwp%2Fv2%2Fmedia&parent=20584"}],"wp:term":[{"taxonomy":"product_brand","embeddable":true,"href":"http:\/\/basakcilastik.com.tr\/index.php?rest_route=%2Fwp%2Fv2%2Fproduct_brand&post=20584"},{"taxonomy":"product_cat","embeddable":true,"href":"http:\/\/basakcilastik.com.tr\/index.php?rest_route=%2Fwp%2Fv2%2Fproduct_cat&post=20584"},{"taxonomy":"product_tag","embeddable":true,"href":"http:\/\/basakcilastik.com.tr\/index.php?rest_route=%2Fwp%2Fv2%2Fproduct_tag&post=20584"}],"curies":[{"name":"wp","href":"https:\/\/api.w.org\/{rel}","templated":true}]}}