{"id":20549,"date":"2020-08-12T12:12:19","date_gmt":"2020-08-12T12:12:19","guid":{"rendered":"https:\/\/basakcilastik.com.tr\/?post_type=product&#038;p=20549"},"modified":"2020-08-12T12:12:21","modified_gmt":"2020-08-12T12:12:21","slug":"1-altikose-havali-lokmalar","status":"publish","type":"product","link":"http:\/\/basakcilastik.com.tr\/?product=1-altikose-havali-lokmalar","title":{"rendered":"1 ALTIK\u00d6\u015eE HAVALI LOKMALAR"},"content":{"rendered":"<p>1 ALTIK\u00d6\u015eE HAVALI LOKMALAR<\/p>\n","protected":false},"excerpt":{"rendered":"<p>1 ALTIK\u00d6\u015eE HAVALI LOKMALAR<\/p>\n","protected":false},"featured_media":20552,"comment_status":"open","ping_status":"closed","template":"","meta":[],"product_brand":[],"product_cat":[15,231,72,83],"product_tag":[],"class_list":{"0":"post-20549","1":"product","2":"type-product","3":"status-publish","4":"has-post-thumbnail","6":"product_cat-genel","7":"product_cat-bijon-anahtarlari","8":"product_cat-hirdavat","9":"product_cat-lokma-ve-bijon-anahtarlari","11":"first","12":"instock","13":"shipping-taxable","14":"product-type-simple"},"_links":{"self":[{"href":"http:\/\/basakcilastik.com.tr\/index.php?rest_route=\/wp\/v2\/product\/20549","targetHints":{"allow":["GET"]}}],"collection":[{"href":"http:\/\/basakcilastik.com.tr\/index.php?rest_route=\/wp\/v2\/product"}],"about":[{"href":"http:\/\/basakcilastik.com.tr\/index.php?rest_route=\/wp\/v2\/types\/product"}],"replies":[{"embeddable":true,"href":"http:\/\/basakcilastik.com.tr\/index.php?rest_route=%2Fwp%2Fv2%2Fcomments&post=20549"}],"wp:featuredmedia":[{"embeddable":true,"href":"http:\/\/basakcilastik.com.tr\/index.php?rest_route=\/wp\/v2\/media\/20552"}],"wp:attachment":[{"href":"http:\/\/basakcilastik.com.tr\/index.php?rest_route=%2Fwp%2Fv2%2Fmedia&parent=20549"}],"wp:term":[{"taxonomy":"product_brand","embeddable":true,"href":"http:\/\/basakcilastik.com.tr\/index.php?rest_route=%2Fwp%2Fv2%2Fproduct_brand&post=20549"},{"taxonomy":"product_cat","embeddable":true,"href":"http:\/\/basakcilastik.com.tr\/index.php?rest_route=%2Fwp%2Fv2%2Fproduct_cat&post=20549"},{"taxonomy":"product_tag","embeddable":true,"href":"http:\/\/basakcilastik.com.tr\/index.php?rest_route=%2Fwp%2Fv2%2Fproduct_tag&post=20549"}],"curies":[{"name":"wp","href":"https:\/\/api.w.org\/{rel}","templated":true}]}}