{"id":20488,"date":"2020-08-11T22:04:17","date_gmt":"2020-08-11T22:04:17","guid":{"rendered":"https:\/\/basakcilastik.com.tr\/?post_type=product&#038;p=20488"},"modified":"2020-08-11T22:04:18","modified_gmt":"2020-08-11T22:04:18","slug":"beta-31sp6-pim-zimba-takimi-6-parca","status":"publish","type":"product","link":"http:\/\/basakcilastik.com.tr\/?product=beta-31sp6-pim-zimba-takimi-6-parca","title":{"rendered":"BETA 31SP6 Pim Z\u0131mba Tak\u0131m\u0131 6 Par\u00e7a"},"content":{"rendered":"<p>BETA 31SP6 Pim Z\u0131mba Tak\u0131m\u0131 6 Par\u00e7a<\/p>\n","protected":false},"excerpt":{"rendered":"<p>BETA 31SP6 Pim Z\u0131mba Tak\u0131m\u0131 6 Par\u00e7a<\/p>\n","protected":false},"featured_media":20491,"comment_status":"open","ping_status":"closed","template":"","meta":[],"product_brand":[],"product_cat":[15,72,82,230],"product_tag":[],"class_list":{"0":"post-20488","1":"product","2":"type-product","3":"status-publish","4":"has-post-thumbnail","6":"product_cat-genel","7":"product_cat-hirdavat","8":"product_cat-levyeler","9":"product_cat-zimbalar","11":"first","12":"instock","13":"shipping-taxable","14":"product-type-simple"},"_links":{"self":[{"href":"http:\/\/basakcilastik.com.tr\/index.php?rest_route=\/wp\/v2\/product\/20488","targetHints":{"allow":["GET"]}}],"collection":[{"href":"http:\/\/basakcilastik.com.tr\/index.php?rest_route=\/wp\/v2\/product"}],"about":[{"href":"http:\/\/basakcilastik.com.tr\/index.php?rest_route=\/wp\/v2\/types\/product"}],"replies":[{"embeddable":true,"href":"http:\/\/basakcilastik.com.tr\/index.php?rest_route=%2Fwp%2Fv2%2Fcomments&post=20488"}],"wp:featuredmedia":[{"embeddable":true,"href":"http:\/\/basakcilastik.com.tr\/index.php?rest_route=\/wp\/v2\/media\/20491"}],"wp:attachment":[{"href":"http:\/\/basakcilastik.com.tr\/index.php?rest_route=%2Fwp%2Fv2%2Fmedia&parent=20488"}],"wp:term":[{"taxonomy":"product_brand","embeddable":true,"href":"http:\/\/basakcilastik.com.tr\/index.php?rest_route=%2Fwp%2Fv2%2Fproduct_brand&post=20488"},{"taxonomy":"product_cat","embeddable":true,"href":"http:\/\/basakcilastik.com.tr\/index.php?rest_route=%2Fwp%2Fv2%2Fproduct_cat&post=20488"},{"taxonomy":"product_tag","embeddable":true,"href":"http:\/\/basakcilastik.com.tr\/index.php?rest_route=%2Fwp%2Fv2%2Fproduct_tag&post=20488"}],"curies":[{"name":"wp","href":"https:\/\/api.w.org\/{rel}","templated":true}]}}