{"id":20482,"date":"2020-08-11T22:02:30","date_gmt":"2020-08-11T22:02:30","guid":{"rendered":"https:\/\/basakcilastik.com.tr\/?post_type=product&#038;p=20482"},"modified":"2020-08-11T22:02:32","modified_gmt":"2020-08-11T22:02:32","slug":"5550-duz-pim-zimba-takimi-6-parca","status":"publish","type":"product","link":"http:\/\/basakcilastik.com.tr\/?product=5550-duz-pim-zimba-takimi-6-parca","title":{"rendered":"5550 D\u00fcz Pim Z\u0131mba Tak\u0131m\u0131 (6 Par\u00e7a)"},"content":{"rendered":"<p>5550 D\u00fcz Pim Z\u0131mba Tak\u0131m\u0131 (6 Par\u00e7a)<\/p>\n","protected":false},"excerpt":{"rendered":"<p>5550 D\u00fcz Pim Z\u0131mba Tak\u0131m\u0131 (6 Par\u00e7a)<\/p>\n","protected":false},"featured_media":20485,"comment_status":"open","ping_status":"closed","template":"","meta":[],"product_brand":[],"product_cat":[15,72,82,230],"product_tag":[],"class_list":{"0":"post-20482","1":"product","2":"type-product","3":"status-publish","4":"has-post-thumbnail","6":"product_cat-genel","7":"product_cat-hirdavat","8":"product_cat-levyeler","9":"product_cat-zimbalar","11":"first","12":"instock","13":"shipping-taxable","14":"product-type-simple"},"_links":{"self":[{"href":"http:\/\/basakcilastik.com.tr\/index.php?rest_route=\/wp\/v2\/product\/20482","targetHints":{"allow":["GET"]}}],"collection":[{"href":"http:\/\/basakcilastik.com.tr\/index.php?rest_route=\/wp\/v2\/product"}],"about":[{"href":"http:\/\/basakcilastik.com.tr\/index.php?rest_route=\/wp\/v2\/types\/product"}],"replies":[{"embeddable":true,"href":"http:\/\/basakcilastik.com.tr\/index.php?rest_route=%2Fwp%2Fv2%2Fcomments&post=20482"}],"wp:featuredmedia":[{"embeddable":true,"href":"http:\/\/basakcilastik.com.tr\/index.php?rest_route=\/wp\/v2\/media\/20485"}],"wp:attachment":[{"href":"http:\/\/basakcilastik.com.tr\/index.php?rest_route=%2Fwp%2Fv2%2Fmedia&parent=20482"}],"wp:term":[{"taxonomy":"product_brand","embeddable":true,"href":"http:\/\/basakcilastik.com.tr\/index.php?rest_route=%2Fwp%2Fv2%2Fproduct_brand&post=20482"},{"taxonomy":"product_cat","embeddable":true,"href":"http:\/\/basakcilastik.com.tr\/index.php?rest_route=%2Fwp%2Fv2%2Fproduct_cat&post=20482"},{"taxonomy":"product_tag","embeddable":true,"href":"http:\/\/basakcilastik.com.tr\/index.php?rest_route=%2Fwp%2Fv2%2Fproduct_tag&post=20482"}],"curies":[{"name":"wp","href":"https:\/\/api.w.org\/{rel}","templated":true}]}}