{"id":20388,"date":"2020-08-11T14:33:52","date_gmt":"2020-08-11T14:33:52","guid":{"rendered":"https:\/\/basakcilastik.com.tr\/?post_type=product&#038;p=20388"},"modified":"2020-08-11T14:33:54","modified_gmt":"2020-08-11T14:33:54","slug":"mannesmann-61006-metal-ege-seti-6-parca","status":"publish","type":"product","link":"http:\/\/basakcilastik.com.tr\/?product=mannesmann-61006-metal-ege-seti-6-parca","title":{"rendered":"Mannesmann 61006 Metal E\u011fe Seti, 6 Par\u00e7a"},"content":{"rendered":"<p>Mannesmann 61006 Metal E\u011fe Seti, 6 Par\u00e7a<\/p>\n","protected":false},"excerpt":{"rendered":"<p>Mannesmann 61006 Metal E\u011fe Seti, 6 Par\u00e7a<\/p>\n","protected":false},"featured_media":20391,"comment_status":"open","ping_status":"closed","template":"","meta":[],"product_brand":[],"product_cat":[15,227,72,82],"product_tag":[],"class_list":{"0":"post-20388","1":"product","2":"type-product","3":"status-publish","4":"has-post-thumbnail","6":"product_cat-genel","7":"product_cat-egeler","8":"product_cat-hirdavat","9":"product_cat-levyeler","11":"first","12":"instock","13":"shipping-taxable","14":"product-type-simple"},"_links":{"self":[{"href":"http:\/\/basakcilastik.com.tr\/index.php?rest_route=\/wp\/v2\/product\/20388","targetHints":{"allow":["GET"]}}],"collection":[{"href":"http:\/\/basakcilastik.com.tr\/index.php?rest_route=\/wp\/v2\/product"}],"about":[{"href":"http:\/\/basakcilastik.com.tr\/index.php?rest_route=\/wp\/v2\/types\/product"}],"replies":[{"embeddable":true,"href":"http:\/\/basakcilastik.com.tr\/index.php?rest_route=%2Fwp%2Fv2%2Fcomments&post=20388"}],"wp:featuredmedia":[{"embeddable":true,"href":"http:\/\/basakcilastik.com.tr\/index.php?rest_route=\/wp\/v2\/media\/20391"}],"wp:attachment":[{"href":"http:\/\/basakcilastik.com.tr\/index.php?rest_route=%2Fwp%2Fv2%2Fmedia&parent=20388"}],"wp:term":[{"taxonomy":"product_brand","embeddable":true,"href":"http:\/\/basakcilastik.com.tr\/index.php?rest_route=%2Fwp%2Fv2%2Fproduct_brand&post=20388"},{"taxonomy":"product_cat","embeddable":true,"href":"http:\/\/basakcilastik.com.tr\/index.php?rest_route=%2Fwp%2Fv2%2Fproduct_cat&post=20388"},{"taxonomy":"product_tag","embeddable":true,"href":"http:\/\/basakcilastik.com.tr\/index.php?rest_route=%2Fwp%2Fv2%2Fproduct_tag&post=20388"}],"curies":[{"name":"wp","href":"https:\/\/api.w.org\/{rel}","templated":true}]}}