{"id":20105,"date":"2020-08-06T18:55:32","date_gmt":"2020-08-06T18:55:32","guid":{"rendered":"https:\/\/basakcilastik.com.tr\/?post_type=product&#038;p=20105"},"modified":"2020-08-06T18:55:33","modified_gmt":"2020-08-06T18:55:33","slug":"troy-27233-fiberglas-sapli-cekic-300gr","status":"publish","type":"product","link":"http:\/\/basakcilastik.com.tr\/?product=troy-27233-fiberglas-sapli-cekic-300gr","title":{"rendered":"TROY 27233 Fiberglas Sapl\u0131 \u00c7eki\u00e7 (300gr)"},"content":{"rendered":"<p>TROY 27233 Fiberglas Sapl\u0131 \u00c7eki\u00e7 (300gr)<\/p>\n","protected":false},"excerpt":{"rendered":"<p>TROY 27233 Fiberglas Sapl\u0131 \u00c7eki\u00e7 (300gr)<\/p>\n","protected":false},"featured_media":20108,"comment_status":"open","ping_status":"closed","template":"","meta":[],"product_brand":[],"product_cat":[15,221,72,81],"product_tag":[],"class_list":{"0":"post-20105","1":"product","2":"type-product","3":"status-publish","4":"has-post-thumbnail","6":"product_cat-genel","7":"product_cat-cekicler","8":"product_cat-hirdavat","9":"product_cat-keskiler-ve-cekicler","11":"first","12":"instock","13":"shipping-taxable","14":"product-type-simple"},"_links":{"self":[{"href":"http:\/\/basakcilastik.com.tr\/index.php?rest_route=\/wp\/v2\/product\/20105","targetHints":{"allow":["GET"]}}],"collection":[{"href":"http:\/\/basakcilastik.com.tr\/index.php?rest_route=\/wp\/v2\/product"}],"about":[{"href":"http:\/\/basakcilastik.com.tr\/index.php?rest_route=\/wp\/v2\/types\/product"}],"replies":[{"embeddable":true,"href":"http:\/\/basakcilastik.com.tr\/index.php?rest_route=%2Fwp%2Fv2%2Fcomments&post=20105"}],"wp:featuredmedia":[{"embeddable":true,"href":"http:\/\/basakcilastik.com.tr\/index.php?rest_route=\/wp\/v2\/media\/20108"}],"wp:attachment":[{"href":"http:\/\/basakcilastik.com.tr\/index.php?rest_route=%2Fwp%2Fv2%2Fmedia&parent=20105"}],"wp:term":[{"taxonomy":"product_brand","embeddable":true,"href":"http:\/\/basakcilastik.com.tr\/index.php?rest_route=%2Fwp%2Fv2%2Fproduct_brand&post=20105"},{"taxonomy":"product_cat","embeddable":true,"href":"http:\/\/basakcilastik.com.tr\/index.php?rest_route=%2Fwp%2Fv2%2Fproduct_cat&post=20105"},{"taxonomy":"product_tag","embeddable":true,"href":"http:\/\/basakcilastik.com.tr\/index.php?rest_route=%2Fwp%2Fv2%2Fproduct_tag&post=20105"}],"curies":[{"name":"wp","href":"https:\/\/api.w.org\/{rel}","templated":true}]}}