{"id":20035,"date":"2020-08-06T12:46:34","date_gmt":"2020-08-06T12:46:34","guid":{"rendered":"https:\/\/basakcilastik.com.tr\/?post_type=product&#038;p=20035"},"modified":"2020-08-06T12:46:35","modified_gmt":"2020-08-06T12:46:35","slug":"5800-tesviyeci-cekic","status":"publish","type":"product","link":"http:\/\/basakcilastik.com.tr\/?product=5800-tesviyeci-cekic","title":{"rendered":"5800 Tesviyeci \u00c7eki\u00e7"},"content":{"rendered":"<p>5800 Tesviyeci \u00c7eki\u00e7<\/p>\n","protected":false},"excerpt":{"rendered":"<p>5800 Tesviyeci \u00c7eki\u00e7<\/p>\n","protected":false},"featured_media":20038,"comment_status":"open","ping_status":"closed","template":"","meta":[],"product_brand":[],"product_cat":[15,221,72,81],"product_tag":[],"class_list":{"0":"post-20035","1":"product","2":"type-product","3":"status-publish","4":"has-post-thumbnail","6":"product_cat-genel","7":"product_cat-cekicler","8":"product_cat-hirdavat","9":"product_cat-keskiler-ve-cekicler","11":"first","12":"instock","13":"shipping-taxable","14":"product-type-simple"},"_links":{"self":[{"href":"http:\/\/basakcilastik.com.tr\/index.php?rest_route=\/wp\/v2\/product\/20035","targetHints":{"allow":["GET"]}}],"collection":[{"href":"http:\/\/basakcilastik.com.tr\/index.php?rest_route=\/wp\/v2\/product"}],"about":[{"href":"http:\/\/basakcilastik.com.tr\/index.php?rest_route=\/wp\/v2\/types\/product"}],"replies":[{"embeddable":true,"href":"http:\/\/basakcilastik.com.tr\/index.php?rest_route=%2Fwp%2Fv2%2Fcomments&post=20035"}],"wp:featuredmedia":[{"embeddable":true,"href":"http:\/\/basakcilastik.com.tr\/index.php?rest_route=\/wp\/v2\/media\/20038"}],"wp:attachment":[{"href":"http:\/\/basakcilastik.com.tr\/index.php?rest_route=%2Fwp%2Fv2%2Fmedia&parent=20035"}],"wp:term":[{"taxonomy":"product_brand","embeddable":true,"href":"http:\/\/basakcilastik.com.tr\/index.php?rest_route=%2Fwp%2Fv2%2Fproduct_brand&post=20035"},{"taxonomy":"product_cat","embeddable":true,"href":"http:\/\/basakcilastik.com.tr\/index.php?rest_route=%2Fwp%2Fv2%2Fproduct_cat&post=20035"},{"taxonomy":"product_tag","embeddable":true,"href":"http:\/\/basakcilastik.com.tr\/index.php?rest_route=%2Fwp%2Fv2%2Fproduct_tag&post=20035"}],"curies":[{"name":"wp","href":"https:\/\/api.w.org\/{rel}","templated":true}]}}