{"id":19970,"date":"2020-08-06T12:23:07","date_gmt":"2020-08-06T12:23:07","guid":{"rendered":"https:\/\/basakcilastik.com.tr\/?post_type=product&#038;p=19970"},"modified":"2020-08-06T12:23:08","modified_gmt":"2020-08-06T12:23:08","slug":"016-rc3850-kaportaci-cekici-kc-04","status":"publish","type":"product","link":"http:\/\/basakcilastik.com.tr\/?product=016-rc3850-kaportaci-cekici-kc-04","title":{"rendered":"016-RC3850 KAPORTACI \u00c7EK\u0130C\u0130 K\u00c7-04"},"content":{"rendered":"<p>016-RC3850 KAPORTACI \u00c7EK\u0130C\u0130 K\u00c7-04<\/p>\n","protected":false},"excerpt":{"rendered":"<p>016-RC3850 KAPORTACI \u00c7EK\u0130C\u0130 K\u00c7-04<\/p>\n","protected":false},"featured_media":19973,"comment_status":"open","ping_status":"closed","template":"","meta":[],"product_brand":[],"product_cat":[15,221,72,81],"product_tag":[],"class_list":{"0":"post-19970","1":"product","2":"type-product","3":"status-publish","4":"has-post-thumbnail","6":"product_cat-genel","7":"product_cat-cekicler","8":"product_cat-hirdavat","9":"product_cat-keskiler-ve-cekicler","11":"first","12":"instock","13":"shipping-taxable","14":"product-type-simple"},"_links":{"self":[{"href":"http:\/\/basakcilastik.com.tr\/index.php?rest_route=\/wp\/v2\/product\/19970","targetHints":{"allow":["GET"]}}],"collection":[{"href":"http:\/\/basakcilastik.com.tr\/index.php?rest_route=\/wp\/v2\/product"}],"about":[{"href":"http:\/\/basakcilastik.com.tr\/index.php?rest_route=\/wp\/v2\/types\/product"}],"replies":[{"embeddable":true,"href":"http:\/\/basakcilastik.com.tr\/index.php?rest_route=%2Fwp%2Fv2%2Fcomments&post=19970"}],"wp:featuredmedia":[{"embeddable":true,"href":"http:\/\/basakcilastik.com.tr\/index.php?rest_route=\/wp\/v2\/media\/19973"}],"wp:attachment":[{"href":"http:\/\/basakcilastik.com.tr\/index.php?rest_route=%2Fwp%2Fv2%2Fmedia&parent=19970"}],"wp:term":[{"taxonomy":"product_brand","embeddable":true,"href":"http:\/\/basakcilastik.com.tr\/index.php?rest_route=%2Fwp%2Fv2%2Fproduct_brand&post=19970"},{"taxonomy":"product_cat","embeddable":true,"href":"http:\/\/basakcilastik.com.tr\/index.php?rest_route=%2Fwp%2Fv2%2Fproduct_cat&post=19970"},{"taxonomy":"product_tag","embeddable":true,"href":"http:\/\/basakcilastik.com.tr\/index.php?rest_route=%2Fwp%2Fv2%2Fproduct_tag&post=19970"}],"curies":[{"name":"wp","href":"https:\/\/api.w.org\/{rel}","templated":true}]}}