{"id":19945,"date":"2020-08-06T12:13:47","date_gmt":"2020-08-06T12:13:47","guid":{"rendered":"https:\/\/basakcilastik.com.tr\/?post_type=product&#038;p=19945"},"modified":"2020-08-06T12:13:48","modified_gmt":"2020-08-06T12:13:48","slug":"21-yedek-kaucuk-baslik-balyozlar-icin","status":"publish","type":"product","link":"http:\/\/basakcilastik.com.tr\/?product=21-yedek-kaucuk-baslik-balyozlar-icin","title":{"rendered":"21 Yedek Kau\u00e7uk Ba\u015fl\u0131k Balyozlar i\u00e7in"},"content":{"rendered":"<p>21 Yedek Kau\u00e7uk Ba\u015fl\u0131k Balyozlar i\u00e7in<\/p>\n","protected":false},"excerpt":{"rendered":"<p>21 Yedek Kau\u00e7uk Ba\u015fl\u0131k Balyozlar i\u00e7in<\/p>\n","protected":false},"featured_media":19948,"comment_status":"open","ping_status":"closed","template":"","meta":[],"product_brand":[],"product_cat":[15,220,72,81],"product_tag":[],"class_list":{"0":"post-19945","1":"product","2":"type-product","3":"status-publish","4":"has-post-thumbnail","6":"product_cat-genel","7":"product_cat-balyozlar","8":"product_cat-hirdavat","9":"product_cat-keskiler-ve-cekicler","11":"first","12":"instock","13":"shipping-taxable","14":"product-type-simple"},"_links":{"self":[{"href":"http:\/\/basakcilastik.com.tr\/index.php?rest_route=\/wp\/v2\/product\/19945","targetHints":{"allow":["GET"]}}],"collection":[{"href":"http:\/\/basakcilastik.com.tr\/index.php?rest_route=\/wp\/v2\/product"}],"about":[{"href":"http:\/\/basakcilastik.com.tr\/index.php?rest_route=\/wp\/v2\/types\/product"}],"replies":[{"embeddable":true,"href":"http:\/\/basakcilastik.com.tr\/index.php?rest_route=%2Fwp%2Fv2%2Fcomments&post=19945"}],"wp:featuredmedia":[{"embeddable":true,"href":"http:\/\/basakcilastik.com.tr\/index.php?rest_route=\/wp\/v2\/media\/19948"}],"wp:attachment":[{"href":"http:\/\/basakcilastik.com.tr\/index.php?rest_route=%2Fwp%2Fv2%2Fmedia&parent=19945"}],"wp:term":[{"taxonomy":"product_brand","embeddable":true,"href":"http:\/\/basakcilastik.com.tr\/index.php?rest_route=%2Fwp%2Fv2%2Fproduct_brand&post=19945"},{"taxonomy":"product_cat","embeddable":true,"href":"http:\/\/basakcilastik.com.tr\/index.php?rest_route=%2Fwp%2Fv2%2Fproduct_cat&post=19945"},{"taxonomy":"product_tag","embeddable":true,"href":"http:\/\/basakcilastik.com.tr\/index.php?rest_route=%2Fwp%2Fv2%2Fproduct_tag&post=19945"}],"curies":[{"name":"wp","href":"https:\/\/api.w.org\/{rel}","templated":true}]}}