{"id":19108,"date":"2020-08-03T21:51:47","date_gmt":"2020-08-03T21:51:47","guid":{"rendered":"https:\/\/basakcilastik.com.tr\/?post_type=product&#038;p=19108"},"modified":"2020-08-03T21:51:48","modified_gmt":"2020-08-03T21:51:48","slug":"eratool-cam-vantuz-agir-tip","status":"publish","type":"product","link":"http:\/\/basakcilastik.com.tr\/?product=eratool-cam-vantuz-agir-tip","title":{"rendered":"ERATOOL CAM VANTUZ A\u011eIR T\u0130P"},"content":{"rendered":"<p>ERATOOL CAM VANTUZ A\u011eIR T\u0130P<\/p>\n","protected":false},"excerpt":{"rendered":"<p>ERATOOL CAM VANTUZ A\u011eIR T\u0130P<\/p>\n","protected":false},"featured_media":19111,"comment_status":"open","ping_status":"closed","template":"","meta":[],"product_brand":[],"product_cat":[15,79,72],"product_tag":[],"class_list":{"0":"post-19108","1":"product","2":"type-product","3":"status-publish","4":"has-post-thumbnail","6":"product_cat-genel","7":"product_cat-diger-hirdavat-urunleri","8":"product_cat-hirdavat","10":"first","11":"instock","12":"shipping-taxable","13":"product-type-simple"},"_links":{"self":[{"href":"http:\/\/basakcilastik.com.tr\/index.php?rest_route=\/wp\/v2\/product\/19108","targetHints":{"allow":["GET"]}}],"collection":[{"href":"http:\/\/basakcilastik.com.tr\/index.php?rest_route=\/wp\/v2\/product"}],"about":[{"href":"http:\/\/basakcilastik.com.tr\/index.php?rest_route=\/wp\/v2\/types\/product"}],"replies":[{"embeddable":true,"href":"http:\/\/basakcilastik.com.tr\/index.php?rest_route=%2Fwp%2Fv2%2Fcomments&post=19108"}],"wp:featuredmedia":[{"embeddable":true,"href":"http:\/\/basakcilastik.com.tr\/index.php?rest_route=\/wp\/v2\/media\/19111"}],"wp:attachment":[{"href":"http:\/\/basakcilastik.com.tr\/index.php?rest_route=%2Fwp%2Fv2%2Fmedia&parent=19108"}],"wp:term":[{"taxonomy":"product_brand","embeddable":true,"href":"http:\/\/basakcilastik.com.tr\/index.php?rest_route=%2Fwp%2Fv2%2Fproduct_brand&post=19108"},{"taxonomy":"product_cat","embeddable":true,"href":"http:\/\/basakcilastik.com.tr\/index.php?rest_route=%2Fwp%2Fv2%2Fproduct_cat&post=19108"},{"taxonomy":"product_tag","embeddable":true,"href":"http:\/\/basakcilastik.com.tr\/index.php?rest_route=%2Fwp%2Fv2%2Fproduct_tag&post=19108"}],"curies":[{"name":"wp","href":"https:\/\/api.w.org\/{rel}","templated":true}]}}