{"id":18905,"date":"2020-08-03T19:04:13","date_gmt":"2020-08-03T19:04:13","guid":{"rendered":"https:\/\/basakcilastik.com.tr\/?post_type=product&#038;p=18905"},"modified":"2020-08-03T19:04:14","modified_gmt":"2020-08-03T19:04:14","slug":"eratool-kestirme-fircasi-oynar-basli","status":"publish","type":"product","link":"http:\/\/basakcilastik.com.tr\/?product=eratool-kestirme-fircasi-oynar-basli","title":{"rendered":"ERATOOL KEST\u0130RME FIR\u00c7ASI OYNAR BA\u015eLI"},"content":{"rendered":"<p>ERATOOL KEST\u0130RME FIR\u00c7ASI OYNAR BA\u015eLI<\/p>\n","protected":false},"excerpt":{"rendered":"<p>ERATOOL KEST\u0130RME FIR\u00c7ASI OYNAR BA\u015eLI<\/p>\n","protected":false},"featured_media":18908,"comment_status":"open","ping_status":"closed","template":"","meta":[],"product_brand":[],"product_cat":[15,78,204,72],"product_tag":[],"class_list":{"0":"post-18905","1":"product","2":"type-product","3":"status-publish","4":"has-post-thumbnail","6":"product_cat-genel","7":"product_cat-boya-ekipmanlari","8":"product_cat-firca-rulo-grubu","9":"product_cat-hirdavat","11":"first","12":"instock","13":"shipping-taxable","14":"product-type-simple"},"_links":{"self":[{"href":"http:\/\/basakcilastik.com.tr\/index.php?rest_route=\/wp\/v2\/product\/18905","targetHints":{"allow":["GET"]}}],"collection":[{"href":"http:\/\/basakcilastik.com.tr\/index.php?rest_route=\/wp\/v2\/product"}],"about":[{"href":"http:\/\/basakcilastik.com.tr\/index.php?rest_route=\/wp\/v2\/types\/product"}],"replies":[{"embeddable":true,"href":"http:\/\/basakcilastik.com.tr\/index.php?rest_route=%2Fwp%2Fv2%2Fcomments&post=18905"}],"wp:featuredmedia":[{"embeddable":true,"href":"http:\/\/basakcilastik.com.tr\/index.php?rest_route=\/wp\/v2\/media\/18908"}],"wp:attachment":[{"href":"http:\/\/basakcilastik.com.tr\/index.php?rest_route=%2Fwp%2Fv2%2Fmedia&parent=18905"}],"wp:term":[{"taxonomy":"product_brand","embeddable":true,"href":"http:\/\/basakcilastik.com.tr\/index.php?rest_route=%2Fwp%2Fv2%2Fproduct_brand&post=18905"},{"taxonomy":"product_cat","embeddable":true,"href":"http:\/\/basakcilastik.com.tr\/index.php?rest_route=%2Fwp%2Fv2%2Fproduct_cat&post=18905"},{"taxonomy":"product_tag","embeddable":true,"href":"http:\/\/basakcilastik.com.tr\/index.php?rest_route=%2Fwp%2Fv2%2Fproduct_tag&post=18905"}],"curies":[{"name":"wp","href":"https:\/\/api.w.org\/{rel}","templated":true}]}}