{"id":18875,"date":"2020-08-03T14:37:18","date_gmt":"2020-08-03T14:37:18","guid":{"rendered":"https:\/\/basakcilastik.com.tr\/?post_type=product&#038;p=18875"},"modified":"2020-08-03T14:37:19","modified_gmt":"2020-08-03T14:37:19","slug":"profesyonel-tutkal-karistirici-o120-ptk120","status":"publish","type":"product","link":"http:\/\/basakcilastik.com.tr\/?product=profesyonel-tutkal-karistirici-o120-ptk120","title":{"rendered":"Profesyonel Tutkal Kar\u0131\u015ft\u0131r\u0131c\u0131 \u00d8120 PTK120"},"content":{"rendered":"<p>Profesyonel Tutkal Kar\u0131\u015ft\u0131r\u0131c\u0131 \u00d8120 PTK120<\/p>\n","protected":false},"excerpt":{"rendered":"<p>Profesyonel Tutkal Kar\u0131\u015ft\u0131r\u0131c\u0131 \u00d8120 PTK120<\/p>\n","protected":false},"featured_media":18878,"comment_status":"open","ping_status":"closed","template":"","meta":[],"product_brand":[],"product_cat":[15,78,202,72],"product_tag":[],"class_list":{"0":"post-18875","1":"product","2":"type-product","3":"status-publish","4":"has-post-thumbnail","6":"product_cat-genel","7":"product_cat-boya-ekipmanlari","8":"product_cat-boya-karistiricilar","9":"product_cat-hirdavat","11":"first","12":"instock","13":"shipping-taxable","14":"product-type-simple"},"_links":{"self":[{"href":"http:\/\/basakcilastik.com.tr\/index.php?rest_route=\/wp\/v2\/product\/18875","targetHints":{"allow":["GET"]}}],"collection":[{"href":"http:\/\/basakcilastik.com.tr\/index.php?rest_route=\/wp\/v2\/product"}],"about":[{"href":"http:\/\/basakcilastik.com.tr\/index.php?rest_route=\/wp\/v2\/types\/product"}],"replies":[{"embeddable":true,"href":"http:\/\/basakcilastik.com.tr\/index.php?rest_route=%2Fwp%2Fv2%2Fcomments&post=18875"}],"wp:featuredmedia":[{"embeddable":true,"href":"http:\/\/basakcilastik.com.tr\/index.php?rest_route=\/wp\/v2\/media\/18878"}],"wp:attachment":[{"href":"http:\/\/basakcilastik.com.tr\/index.php?rest_route=%2Fwp%2Fv2%2Fmedia&parent=18875"}],"wp:term":[{"taxonomy":"product_brand","embeddable":true,"href":"http:\/\/basakcilastik.com.tr\/index.php?rest_route=%2Fwp%2Fv2%2Fproduct_brand&post=18875"},{"taxonomy":"product_cat","embeddable":true,"href":"http:\/\/basakcilastik.com.tr\/index.php?rest_route=%2Fwp%2Fv2%2Fproduct_cat&post=18875"},{"taxonomy":"product_tag","embeddable":true,"href":"http:\/\/basakcilastik.com.tr\/index.php?rest_route=%2Fwp%2Fv2%2Fproduct_tag&post=18875"}],"curies":[{"name":"wp","href":"https:\/\/api.w.org\/{rel}","templated":true}]}}