{"id":18869,"date":"2020-08-03T14:32:30","date_gmt":"2020-08-03T14:32:30","guid":{"rendered":"https:\/\/basakcilastik.com.tr\/?post_type=product&#038;p=18869"},"modified":"2020-08-03T14:32:31","modified_gmt":"2020-08-03T14:32:31","slug":"elektrikli-boya-karistirici-1600w","status":"publish","type":"product","link":"http:\/\/basakcilastik.com.tr\/?product=elektrikli-boya-karistirici-1600w","title":{"rendered":"ELEKTR\u0130KL\u0130 BOYA KARI\u015eTIRICI 1600W"},"content":{"rendered":"<p>ELEKTR\u0130KL\u0130 BOYA KARI\u015eTIRICI 1600W<\/p>\n","protected":false},"excerpt":{"rendered":"<p>ELEKTR\u0130KL\u0130 BOYA KARI\u015eTIRICI 1600W<\/p>\n","protected":false},"featured_media":18872,"comment_status":"open","ping_status":"closed","template":"","meta":[],"product_brand":[],"product_cat":[15,78,202,72],"product_tag":[],"class_list":{"0":"post-18869","1":"product","2":"type-product","3":"status-publish","4":"has-post-thumbnail","6":"product_cat-genel","7":"product_cat-boya-ekipmanlari","8":"product_cat-boya-karistiricilar","9":"product_cat-hirdavat","11":"first","12":"instock","13":"shipping-taxable","14":"product-type-simple"},"_links":{"self":[{"href":"http:\/\/basakcilastik.com.tr\/index.php?rest_route=\/wp\/v2\/product\/18869","targetHints":{"allow":["GET"]}}],"collection":[{"href":"http:\/\/basakcilastik.com.tr\/index.php?rest_route=\/wp\/v2\/product"}],"about":[{"href":"http:\/\/basakcilastik.com.tr\/index.php?rest_route=\/wp\/v2\/types\/product"}],"replies":[{"embeddable":true,"href":"http:\/\/basakcilastik.com.tr\/index.php?rest_route=%2Fwp%2Fv2%2Fcomments&post=18869"}],"wp:featuredmedia":[{"embeddable":true,"href":"http:\/\/basakcilastik.com.tr\/index.php?rest_route=\/wp\/v2\/media\/18872"}],"wp:attachment":[{"href":"http:\/\/basakcilastik.com.tr\/index.php?rest_route=%2Fwp%2Fv2%2Fmedia&parent=18869"}],"wp:term":[{"taxonomy":"product_brand","embeddable":true,"href":"http:\/\/basakcilastik.com.tr\/index.php?rest_route=%2Fwp%2Fv2%2Fproduct_brand&post=18869"},{"taxonomy":"product_cat","embeddable":true,"href":"http:\/\/basakcilastik.com.tr\/index.php?rest_route=%2Fwp%2Fv2%2Fproduct_cat&post=18869"},{"taxonomy":"product_tag","embeddable":true,"href":"http:\/\/basakcilastik.com.tr\/index.php?rest_route=%2Fwp%2Fv2%2Fproduct_tag&post=18869"}],"curies":[{"name":"wp","href":"https:\/\/api.w.org\/{rel}","templated":true}]}}