{"id":18862,"date":"2020-08-03T14:29:40","date_gmt":"2020-08-03T14:29:40","guid":{"rendered":"https:\/\/basakcilastik.com.tr\/?post_type=product&#038;p=18862"},"modified":"2020-08-03T14:29:41","modified_gmt":"2020-08-03T14:29:41","slug":"asturo-kopuk-tabancasi-kt2-metal","status":"publish","type":"product","link":"http:\/\/basakcilastik.com.tr\/?product=asturo-kopuk-tabancasi-kt2-metal","title":{"rendered":"ASTURO K\u00d6P\u00dcK TABANCASI KT2 METAL"},"content":{"rendered":"<p>ASTURO K\u00d6P\u00dcK TABANCASI KT2 METAL<\/p>\n","protected":false},"excerpt":{"rendered":"<p>ASTURO K\u00d6P\u00dcK TABANCASI KT2 METAL<\/p>\n","protected":false},"featured_media":18864,"comment_status":"open","ping_status":"closed","template":"","meta":[],"product_brand":[],"product_cat":[15,78,202,72],"product_tag":[],"class_list":{"0":"post-18862","1":"product","2":"type-product","3":"status-publish","4":"has-post-thumbnail","6":"product_cat-genel","7":"product_cat-boya-ekipmanlari","8":"product_cat-boya-karistiricilar","9":"product_cat-hirdavat","11":"first","12":"instock","13":"shipping-taxable","14":"product-type-simple"},"_links":{"self":[{"href":"http:\/\/basakcilastik.com.tr\/index.php?rest_route=\/wp\/v2\/product\/18862","targetHints":{"allow":["GET"]}}],"collection":[{"href":"http:\/\/basakcilastik.com.tr\/index.php?rest_route=\/wp\/v2\/product"}],"about":[{"href":"http:\/\/basakcilastik.com.tr\/index.php?rest_route=\/wp\/v2\/types\/product"}],"replies":[{"embeddable":true,"href":"http:\/\/basakcilastik.com.tr\/index.php?rest_route=%2Fwp%2Fv2%2Fcomments&post=18862"}],"wp:featuredmedia":[{"embeddable":true,"href":"http:\/\/basakcilastik.com.tr\/index.php?rest_route=\/wp\/v2\/media\/18864"}],"wp:attachment":[{"href":"http:\/\/basakcilastik.com.tr\/index.php?rest_route=%2Fwp%2Fv2%2Fmedia&parent=18862"}],"wp:term":[{"taxonomy":"product_brand","embeddable":true,"href":"http:\/\/basakcilastik.com.tr\/index.php?rest_route=%2Fwp%2Fv2%2Fproduct_brand&post=18862"},{"taxonomy":"product_cat","embeddable":true,"href":"http:\/\/basakcilastik.com.tr\/index.php?rest_route=%2Fwp%2Fv2%2Fproduct_cat&post=18862"},{"taxonomy":"product_tag","embeddable":true,"href":"http:\/\/basakcilastik.com.tr\/index.php?rest_route=%2Fwp%2Fv2%2Fproduct_tag&post=18862"}],"curies":[{"name":"wp","href":"https:\/\/api.w.org\/{rel}","templated":true}]}}