{"id":18721,"date":"2020-08-03T12:57:53","date_gmt":"2020-08-03T12:57:53","guid":{"rendered":"https:\/\/basakcilastik.com.tr\/?post_type=product&#038;p=18721"},"modified":"2020-08-03T12:57:55","modified_gmt":"2020-08-03T12:57:55","slug":"troy-21806-kombine-pense-s-o-s-1000-v-160mm","status":"publish","type":"product","link":"http:\/\/basakcilastik.com.tr\/?product=troy-21806-kombine-pense-s-o-s-1000-v-160mm","title":{"rendered":"TROY 21806 Kombine Pense S.O.S. 1000 V (160mm)"},"content":{"rendered":"<p>TROY 21806 Kombine Pense S.O.S. 1000 V<\/p>\n<p>&nbsp;<\/p>\n<ul>\n<li>1000V \u0130zoleli kombine pense<br \/>\n\u25cf Profesyonel kalite C70 \u00e7elikten mamul<br \/>\n\u25cf Paslanmaya kar\u015f\u0131 mat krom kapl\u0131<br \/>\n\u25cf Kaymaz \u00e7ift renkli yumu\u015fak sapl\u0131<br \/>\n\u25cf Ask\u0131l\u0131<\/li>\n<\/ul>\n<p><strong>A\u011f\u0131rl\u0131k(Kg)<\/strong><\/p>\n<p><strong>:<\/strong><\/p>\n<p>0.21<\/p>\n<p>&nbsp;<\/p>\n","protected":false},"excerpt":{"rendered":"<p>TROY 21806 Kombine Pense S.O.S. 1000 V &nbsp; 1000V \u0130zoleli kombine pense \u25cf Profesyonel kalite C70 \u00e7elikten mamul \u25cf Paslanmaya kar\u015f\u0131 mat krom kapl\u0131 \u25cf Kaymaz \u00e7ift renkli yumu\u015fak sapl\u0131 \u25cf Ask\u0131l\u0131 A\u011f\u0131rl\u0131k(Kg) : 0.21 &nbsp;<\/p>\n","protected":false},"featured_media":18724,"comment_status":"open","ping_status":"closed","template":"","meta":[],"product_brand":[],"product_cat":[15,77,72,200],"product_tag":[],"class_list":{"0":"post-18721","1":"product","2":"type-product","3":"status-publish","4":"has-post-thumbnail","6":"product_cat-genel","7":"product_cat-boru-anahtarlari-ve-penseler","8":"product_cat-hirdavat","9":"product_cat-penseler","11":"first","12":"instock","13":"shipping-taxable","14":"product-type-simple"},"_links":{"self":[{"href":"http:\/\/basakcilastik.com.tr\/index.php?rest_route=\/wp\/v2\/product\/18721","targetHints":{"allow":["GET"]}}],"collection":[{"href":"http:\/\/basakcilastik.com.tr\/index.php?rest_route=\/wp\/v2\/product"}],"about":[{"href":"http:\/\/basakcilastik.com.tr\/index.php?rest_route=\/wp\/v2\/types\/product"}],"replies":[{"embeddable":true,"href":"http:\/\/basakcilastik.com.tr\/index.php?rest_route=%2Fwp%2Fv2%2Fcomments&post=18721"}],"wp:featuredmedia":[{"embeddable":true,"href":"http:\/\/basakcilastik.com.tr\/index.php?rest_route=\/wp\/v2\/media\/18724"}],"wp:attachment":[{"href":"http:\/\/basakcilastik.com.tr\/index.php?rest_route=%2Fwp%2Fv2%2Fmedia&parent=18721"}],"wp:term":[{"taxonomy":"product_brand","embeddable":true,"href":"http:\/\/basakcilastik.com.tr\/index.php?rest_route=%2Fwp%2Fv2%2Fproduct_brand&post=18721"},{"taxonomy":"product_cat","embeddable":true,"href":"http:\/\/basakcilastik.com.tr\/index.php?rest_route=%2Fwp%2Fv2%2Fproduct_cat&post=18721"},{"taxonomy":"product_tag","embeddable":true,"href":"http:\/\/basakcilastik.com.tr\/index.php?rest_route=%2Fwp%2Fv2%2Fproduct_tag&post=18721"}],"curies":[{"name":"wp","href":"https:\/\/api.w.org\/{rel}","templated":true}]}}