{"id":18719,"date":"2020-08-03T12:56:48","date_gmt":"2020-08-03T12:56:48","guid":{"rendered":"https:\/\/basakcilastik.com.tr\/?post_type=product&#038;p=18719"},"modified":"2020-08-03T12:56:49","modified_gmt":"2020-08-03T12:56:49","slug":"troy-21091-cok-amacli-cep-pensesi-10-fonksiyonlu","status":"publish","type":"product","link":"http:\/\/basakcilastik.com.tr\/?product=troy-21091-cok-amacli-cep-pensesi-10-fonksiyonlu","title":{"rendered":"TROY 21091 \u00c7ok Ama\u00e7l\u0131 Cep Pensesi (10 Fonksiyonlu)"},"content":{"rendered":"<p>TROY 21091 \u00c7ok Ama\u00e7l\u0131 Cep Pensesi (10 Fonksiyonlu)<\/p>\n<p>&nbsp;<\/p>\n<ul>\n<li>10 fonksiyonlu paslanmaz \u00e7elik g\u00f6vdeli ah\u015fap dekorlu \u00e7ok ama\u00e7l\u0131 kombine pense<br \/>\n\u25cf A\u00e7\u0131kken uzunluk : 180mm<br \/>\n\u25cf Kemer kancal\u0131, k\u0131l\u0131fl\u0131<br \/>\n\u25cf Blister ambalajl\u0131<br \/>\n\u25cf \u0130\u00e7indekiler:<br \/>\n1. Kombine pense<br \/>\n2. Konserve\/\u015fi\u015fe a\u00e7aca\u011f\u0131<br \/>\n3. PH tornavida<br \/>\n4. Testere<br \/>\n5. E\u011feli bal\u0131k kancas\u0131<br \/>\n6. Keskin b\u0131\u00e7ak<br \/>\n7. K\u00fc\u00e7\u00fck b\u0131\u00e7ak<br \/>\n8. D\u00fcz tornavidal\u0131 \u015fi\u015fe a\u00e7aca\u011f\u0131<br \/>\n9. D\u00fcz tornavida<\/li>\n<\/ul>\n<p><strong>A\u011f\u0131rl\u0131k(Kg)<\/strong><\/p>\n<p><strong>:<\/strong><\/p>\n<p>0.43<\/p>\n<p>&nbsp;<\/p>\n","protected":false},"excerpt":{"rendered":"<p>TROY 21091 \u00c7ok Ama\u00e7l\u0131 Cep Pensesi (10 Fonksiyonlu) &nbsp; 10 fonksiyonlu paslanmaz \u00e7elik g\u00f6vdeli ah\u015fap dekorlu \u00e7ok ama\u00e7l\u0131 kombine pense \u25cf A\u00e7\u0131kken uzunluk : 180mm \u25cf Kemer kancal\u0131, k\u0131l\u0131fl\u0131 \u25cf Blister ambalajl\u0131 \u25cf \u0130\u00e7indekiler: 1. Kombine pense 2. Konserve\/\u015fi\u015fe a\u00e7aca\u011f\u0131 3. PH tornavida 4. Testere 5. E\u011feli bal\u0131k kancas\u0131 6. Keskin b\u0131\u00e7ak 7. K\u00fc\u00e7\u00fck b\u0131\u00e7ak 8. D\u00fcz tornavidal\u0131 \u015fi\u015fe a\u00e7aca\u011f\u0131 [&hellip;]<\/p>\n","protected":false},"featured_media":18722,"comment_status":"open","ping_status":"closed","template":"","meta":[],"product_brand":[],"product_cat":[15,77,72,200],"product_tag":[],"class_list":{"0":"post-18719","1":"product","2":"type-product","3":"status-publish","4":"has-post-thumbnail","6":"product_cat-genel","7":"product_cat-boru-anahtarlari-ve-penseler","8":"product_cat-hirdavat","9":"product_cat-penseler","11":"first","12":"instock","13":"shipping-taxable","14":"product-type-simple"},"_links":{"self":[{"href":"http:\/\/basakcilastik.com.tr\/index.php?rest_route=\/wp\/v2\/product\/18719","targetHints":{"allow":["GET"]}}],"collection":[{"href":"http:\/\/basakcilastik.com.tr\/index.php?rest_route=\/wp\/v2\/product"}],"about":[{"href":"http:\/\/basakcilastik.com.tr\/index.php?rest_route=\/wp\/v2\/types\/product"}],"replies":[{"embeddable":true,"href":"http:\/\/basakcilastik.com.tr\/index.php?rest_route=%2Fwp%2Fv2%2Fcomments&post=18719"}],"wp:featuredmedia":[{"embeddable":true,"href":"http:\/\/basakcilastik.com.tr\/index.php?rest_route=\/wp\/v2\/media\/18722"}],"wp:attachment":[{"href":"http:\/\/basakcilastik.com.tr\/index.php?rest_route=%2Fwp%2Fv2%2Fmedia&parent=18719"}],"wp:term":[{"taxonomy":"product_brand","embeddable":true,"href":"http:\/\/basakcilastik.com.tr\/index.php?rest_route=%2Fwp%2Fv2%2Fproduct_brand&post=18719"},{"taxonomy":"product_cat","embeddable":true,"href":"http:\/\/basakcilastik.com.tr\/index.php?rest_route=%2Fwp%2Fv2%2Fproduct_cat&post=18719"},{"taxonomy":"product_tag","embeddable":true,"href":"http:\/\/basakcilastik.com.tr\/index.php?rest_route=%2Fwp%2Fv2%2Fproduct_tag&post=18719"}],"curies":[{"name":"wp","href":"https:\/\/api.w.org\/{rel}","templated":true}]}}