{"id":18717,"date":"2020-08-03T12:56:12","date_gmt":"2020-08-03T12:56:12","guid":{"rendered":"https:\/\/basakcilastik.com.tr\/?post_type=product&#038;p=18717"},"modified":"2020-08-03T12:56:13","modified_gmt":"2020-08-03T12:56:13","slug":"troy-21090-cift-baslikli-pensekargaburun","status":"publish","type":"product","link":"http:\/\/basakcilastik.com.tr\/?product=troy-21090-cift-baslikli-pensekargaburun","title":{"rendered":"TROY 21090 \u00c7ift Ba\u015fl\u0131kl\u0131 Pense+Kargaburun"},"content":{"rendered":"<p>TROY 21090 \u00c7ift Ba\u015fl\u0131kl\u0131 Pense+Kargaburun<\/p>\n","protected":false},"excerpt":{"rendered":"<p>TROY 21090 \u00c7ift Ba\u015fl\u0131kl\u0131 Pense+Kargaburun<\/p>\n","protected":false},"featured_media":18720,"comment_status":"open","ping_status":"closed","template":"","meta":[],"product_brand":[],"product_cat":[15,77,72,200],"product_tag":[],"class_list":{"0":"post-18717","1":"product","2":"type-product","3":"status-publish","4":"has-post-thumbnail","6":"product_cat-genel","7":"product_cat-boru-anahtarlari-ve-penseler","8":"product_cat-hirdavat","9":"product_cat-penseler","11":"first","12":"instock","13":"shipping-taxable","14":"product-type-simple"},"_links":{"self":[{"href":"http:\/\/basakcilastik.com.tr\/index.php?rest_route=\/wp\/v2\/product\/18717","targetHints":{"allow":["GET"]}}],"collection":[{"href":"http:\/\/basakcilastik.com.tr\/index.php?rest_route=\/wp\/v2\/product"}],"about":[{"href":"http:\/\/basakcilastik.com.tr\/index.php?rest_route=\/wp\/v2\/types\/product"}],"replies":[{"embeddable":true,"href":"http:\/\/basakcilastik.com.tr\/index.php?rest_route=%2Fwp%2Fv2%2Fcomments&post=18717"}],"wp:featuredmedia":[{"embeddable":true,"href":"http:\/\/basakcilastik.com.tr\/index.php?rest_route=\/wp\/v2\/media\/18720"}],"wp:attachment":[{"href":"http:\/\/basakcilastik.com.tr\/index.php?rest_route=%2Fwp%2Fv2%2Fmedia&parent=18717"}],"wp:term":[{"taxonomy":"product_brand","embeddable":true,"href":"http:\/\/basakcilastik.com.tr\/index.php?rest_route=%2Fwp%2Fv2%2Fproduct_brand&post=18717"},{"taxonomy":"product_cat","embeddable":true,"href":"http:\/\/basakcilastik.com.tr\/index.php?rest_route=%2Fwp%2Fv2%2Fproduct_cat&post=18717"},{"taxonomy":"product_tag","embeddable":true,"href":"http:\/\/basakcilastik.com.tr\/index.php?rest_route=%2Fwp%2Fv2%2Fproduct_tag&post=18717"}],"curies":[{"name":"wp","href":"https:\/\/api.w.org\/{rel}","templated":true}]}}