{"id":18190,"date":"2020-08-01T18:13:16","date_gmt":"2020-08-01T18:13:16","guid":{"rendered":"https:\/\/basakcilastik.com.tr\/?post_type=product&#038;p=18190"},"modified":"2020-08-01T18:13:17","modified_gmt":"2020-08-01T18:13:17","slug":"uzun-egri-kargaburun","status":"publish","type":"product","link":"http:\/\/basakcilastik.com.tr\/?product=uzun-egri-kargaburun","title":{"rendered":"Uzun E\u011fri Kargaburun"},"content":{"rendered":"<ul>\n<li>Y\u00fcksek vas\u0131fl\u0131 krom-vanadium \u00e7eli\u011finden \u00fcretilmi\u015ftir.<\/li>\n<li>Parlak krom kaplamal\u0131 y\u00fczey ve PVC izoleli sap.<\/li>\n<\/ul>\n<table width=\"100%\">\n<tbody>\n<tr>\n<td width=\"148\"><strong>\u00a0\u00dcr\u00fcn Kodu<\/strong><\/td>\n<td width=\"159\"><strong>\u00a0\u00d6l\u00e7\u00fc<\/strong><\/td>\n<td width=\"173\"><strong>\u00a0Paket \/ Koli<\/strong><\/td>\n<\/tr>\n<tr>\n<td width=\"148\">\u00a0RUK1345<\/td>\n<td width=\"159\">\u00a0300 mm<\/td>\n<td width=\"173\">\u00a06 \/ 36 Adet<\/td>\n<\/tr>\n<\/tbody>\n<\/table>\n<p>&nbsp;<\/p>\n","protected":false},"excerpt":{"rendered":"<p>Y\u00fcksek vas\u0131fl\u0131 krom-vanadium \u00e7eli\u011finden \u00fcretilmi\u015ftir. Parlak krom kaplamal\u0131 y\u00fczey ve PVC izoleli sap. \u00a0\u00dcr\u00fcn Kodu \u00a0\u00d6l\u00e7\u00fc \u00a0Paket \/ Koli \u00a0RUK1345 \u00a0300 mm \u00a06 \/ 36 Adet &nbsp;<\/p>\n","protected":false},"featured_media":18193,"comment_status":"open","ping_status":"closed","template":"","meta":[],"product_brand":[],"product_cat":[15,77,72,196],"product_tag":[],"class_list":{"0":"post-18190","1":"product","2":"type-product","3":"status-publish","4":"has-post-thumbnail","6":"product_cat-genel","7":"product_cat-boru-anahtarlari-ve-penseler","8":"product_cat-hirdavat","9":"product_cat-kargaburunlar","11":"first","12":"instock","13":"shipping-taxable","14":"product-type-simple"},"_links":{"self":[{"href":"http:\/\/basakcilastik.com.tr\/index.php?rest_route=\/wp\/v2\/product\/18190","targetHints":{"allow":["GET"]}}],"collection":[{"href":"http:\/\/basakcilastik.com.tr\/index.php?rest_route=\/wp\/v2\/product"}],"about":[{"href":"http:\/\/basakcilastik.com.tr\/index.php?rest_route=\/wp\/v2\/types\/product"}],"replies":[{"embeddable":true,"href":"http:\/\/basakcilastik.com.tr\/index.php?rest_route=%2Fwp%2Fv2%2Fcomments&post=18190"}],"wp:featuredmedia":[{"embeddable":true,"href":"http:\/\/basakcilastik.com.tr\/index.php?rest_route=\/wp\/v2\/media\/18193"}],"wp:attachment":[{"href":"http:\/\/basakcilastik.com.tr\/index.php?rest_route=%2Fwp%2Fv2%2Fmedia&parent=18190"}],"wp:term":[{"taxonomy":"product_brand","embeddable":true,"href":"http:\/\/basakcilastik.com.tr\/index.php?rest_route=%2Fwp%2Fv2%2Fproduct_brand&post=18190"},{"taxonomy":"product_cat","embeddable":true,"href":"http:\/\/basakcilastik.com.tr\/index.php?rest_route=%2Fwp%2Fv2%2Fproduct_cat&post=18190"},{"taxonomy":"product_tag","embeddable":true,"href":"http:\/\/basakcilastik.com.tr\/index.php?rest_route=%2Fwp%2Fv2%2Fproduct_tag&post=18190"}],"curies":[{"name":"wp","href":"https:\/\/api.w.org\/{rel}","templated":true}]}}