{"id":18184,"date":"2020-08-01T18:10:46","date_gmt":"2020-08-01T18:10:46","guid":{"rendered":"https:\/\/basakcilastik.com.tr\/?post_type=product&#038;p=18184"},"modified":"2020-08-01T18:10:47","modified_gmt":"2020-08-01T18:10:47","slug":"troy-21054-elektronikci-egri-kargaburun-120mm","status":"publish","type":"product","link":"http:\/\/basakcilastik.com.tr\/?product=troy-21054-elektronikci-egri-kargaburun-120mm","title":{"rendered":"TROY 21054 Elektronik\u00e7i E\u011fri Kargaburun (120mm)"},"content":{"rendered":"<p>TROY 21054 Elektronik\u00e7i E\u011fri Kargaburun (120mm)<\/p>\n<p>&nbsp;<\/p>\n<ul>\n<li>Profesyonel kalite C60 \u00e7elikten mamul<\/li>\n<li>Sertle\u015ftirilmi\u015f tekst\u00fcrl\u00fc kavray\u0131c\u0131 a\u011f\u0131z<\/li>\n<li>Spiral \u00e7ift sarmall\u0131 yayl\u0131<\/li>\n<li>Paslanmaya kar\u015f\u0131 mat krom kapl\u0131<\/li>\n<li>Kaymaz \u00e7ift renkli yumu\u015fak sapl\u0131<\/li>\n<li>Ask\u0131l\u0131<\/li>\n<\/ul>\n<p><strong>A\u011f\u0131rl\u0131k(Kg)<\/strong><\/p>\n<p><strong>:<\/strong><\/p>\n<p>0.11<\/p>\n<p>&nbsp;<\/p>\n","protected":false},"excerpt":{"rendered":"<p>TROY 21054 Elektronik\u00e7i E\u011fri Kargaburun (120mm) &nbsp; Profesyonel kalite C60 \u00e7elikten mamul Sertle\u015ftirilmi\u015f tekst\u00fcrl\u00fc kavray\u0131c\u0131 a\u011f\u0131z Spiral \u00e7ift sarmall\u0131 yayl\u0131 Paslanmaya kar\u015f\u0131 mat krom kapl\u0131 Kaymaz \u00e7ift renkli yumu\u015fak sapl\u0131 Ask\u0131l\u0131 A\u011f\u0131rl\u0131k(Kg) : 0.11 &nbsp;<\/p>\n","protected":false},"featured_media":18187,"comment_status":"open","ping_status":"closed","template":"","meta":[],"product_brand":[],"product_cat":[15,77,72,196],"product_tag":[],"class_list":{"0":"post-18184","1":"product","2":"type-product","3":"status-publish","4":"has-post-thumbnail","6":"product_cat-genel","7":"product_cat-boru-anahtarlari-ve-penseler","8":"product_cat-hirdavat","9":"product_cat-kargaburunlar","11":"first","12":"instock","13":"shipping-taxable","14":"product-type-simple"},"_links":{"self":[{"href":"http:\/\/basakcilastik.com.tr\/index.php?rest_route=\/wp\/v2\/product\/18184","targetHints":{"allow":["GET"]}}],"collection":[{"href":"http:\/\/basakcilastik.com.tr\/index.php?rest_route=\/wp\/v2\/product"}],"about":[{"href":"http:\/\/basakcilastik.com.tr\/index.php?rest_route=\/wp\/v2\/types\/product"}],"replies":[{"embeddable":true,"href":"http:\/\/basakcilastik.com.tr\/index.php?rest_route=%2Fwp%2Fv2%2Fcomments&post=18184"}],"wp:featuredmedia":[{"embeddable":true,"href":"http:\/\/basakcilastik.com.tr\/index.php?rest_route=\/wp\/v2\/media\/18187"}],"wp:attachment":[{"href":"http:\/\/basakcilastik.com.tr\/index.php?rest_route=%2Fwp%2Fv2%2Fmedia&parent=18184"}],"wp:term":[{"taxonomy":"product_brand","embeddable":true,"href":"http:\/\/basakcilastik.com.tr\/index.php?rest_route=%2Fwp%2Fv2%2Fproduct_brand&post=18184"},{"taxonomy":"product_cat","embeddable":true,"href":"http:\/\/basakcilastik.com.tr\/index.php?rest_route=%2Fwp%2Fv2%2Fproduct_cat&post=18184"},{"taxonomy":"product_tag","embeddable":true,"href":"http:\/\/basakcilastik.com.tr\/index.php?rest_route=%2Fwp%2Fv2%2Fproduct_tag&post=18184"}],"curies":[{"name":"wp","href":"https:\/\/api.w.org\/{rel}","templated":true}]}}