{"id":18061,"date":"2020-07-31T22:33:34","date_gmt":"2020-07-31T22:33:34","guid":{"rendered":"https:\/\/basakcilastik.com.tr\/?post_type=product&#038;p=18061"},"modified":"2020-07-31T22:33:35","modified_gmt":"2020-07-31T22:33:35","slug":"troy-24007-kablo-siyirici-otomatik","status":"publish","type":"product","link":"http:\/\/basakcilastik.com.tr\/?product=troy-24007-kablo-siyirici-otomatik","title":{"rendered":"TROY 24007 Kablo S\u0131y\u0131r\u0131c\u0131 (Otomatik)"},"content":{"rendered":"<p>TROY 24007 Kablo S\u0131y\u0131r\u0131c\u0131 (Otomatik)<\/p>\n","protected":false},"excerpt":{"rendered":"<p>TROY 24007 Kablo S\u0131y\u0131r\u0131c\u0131 (Otomatik)<\/p>\n","protected":false},"featured_media":18064,"comment_status":"open","ping_status":"closed","template":"","meta":[],"product_brand":[],"product_cat":[15,77,72,195],"product_tag":[],"class_list":{"0":"post-18061","1":"product","2":"type-product","3":"status-publish","4":"has-post-thumbnail","6":"product_cat-genel","7":"product_cat-boru-anahtarlari-ve-penseler","8":"product_cat-hirdavat","9":"product_cat-kablo-icin-el-aletleri","11":"first","12":"instock","13":"shipping-taxable","14":"product-type-simple"},"_links":{"self":[{"href":"http:\/\/basakcilastik.com.tr\/index.php?rest_route=\/wp\/v2\/product\/18061","targetHints":{"allow":["GET"]}}],"collection":[{"href":"http:\/\/basakcilastik.com.tr\/index.php?rest_route=\/wp\/v2\/product"}],"about":[{"href":"http:\/\/basakcilastik.com.tr\/index.php?rest_route=\/wp\/v2\/types\/product"}],"replies":[{"embeddable":true,"href":"http:\/\/basakcilastik.com.tr\/index.php?rest_route=%2Fwp%2Fv2%2Fcomments&post=18061"}],"wp:featuredmedia":[{"embeddable":true,"href":"http:\/\/basakcilastik.com.tr\/index.php?rest_route=\/wp\/v2\/media\/18064"}],"wp:attachment":[{"href":"http:\/\/basakcilastik.com.tr\/index.php?rest_route=%2Fwp%2Fv2%2Fmedia&parent=18061"}],"wp:term":[{"taxonomy":"product_brand","embeddable":true,"href":"http:\/\/basakcilastik.com.tr\/index.php?rest_route=%2Fwp%2Fv2%2Fproduct_brand&post=18061"},{"taxonomy":"product_cat","embeddable":true,"href":"http:\/\/basakcilastik.com.tr\/index.php?rest_route=%2Fwp%2Fv2%2Fproduct_cat&post=18061"},{"taxonomy":"product_tag","embeddable":true,"href":"http:\/\/basakcilastik.com.tr\/index.php?rest_route=%2Fwp%2Fv2%2Fproduct_tag&post=18061"}],"curies":[{"name":"wp","href":"https:\/\/api.w.org\/{rel}","templated":true}]}}