{"id":18055,"date":"2020-07-31T22:31:38","date_gmt":"2020-07-31T22:31:38","guid":{"rendered":"https:\/\/basakcilastik.com.tr\/?post_type=product&#038;p=18055"},"modified":"2020-07-31T22:31:39","modified_gmt":"2020-07-31T22:31:39","slug":"troy-24003-kablo-siyirici-o-27-37mm","status":"publish","type":"product","link":"http:\/\/basakcilastik.com.tr\/?product=troy-24003-kablo-siyirici-o-27-37mm","title":{"rendered":"TROY 24003 Kablo S\u0131y\u0131r\u0131c\u0131 (\u00d8 27-37mm)"},"content":{"rendered":"<p>TROY 24003 Kablo S\u0131y\u0131r\u0131c\u0131 (\u00d8 27-37mm)<\/p>\n","protected":false},"excerpt":{"rendered":"<p>TROY 24003 Kablo S\u0131y\u0131r\u0131c\u0131 (\u00d8 27-37mm)<\/p>\n","protected":false},"featured_media":18058,"comment_status":"open","ping_status":"closed","template":"","meta":[],"product_brand":[],"product_cat":[15,77,72,195],"product_tag":[],"class_list":{"0":"post-18055","1":"product","2":"type-product","3":"status-publish","4":"has-post-thumbnail","6":"product_cat-genel","7":"product_cat-boru-anahtarlari-ve-penseler","8":"product_cat-hirdavat","9":"product_cat-kablo-icin-el-aletleri","11":"first","12":"instock","13":"shipping-taxable","14":"product-type-simple"},"_links":{"self":[{"href":"http:\/\/basakcilastik.com.tr\/index.php?rest_route=\/wp\/v2\/product\/18055","targetHints":{"allow":["GET"]}}],"collection":[{"href":"http:\/\/basakcilastik.com.tr\/index.php?rest_route=\/wp\/v2\/product"}],"about":[{"href":"http:\/\/basakcilastik.com.tr\/index.php?rest_route=\/wp\/v2\/types\/product"}],"replies":[{"embeddable":true,"href":"http:\/\/basakcilastik.com.tr\/index.php?rest_route=%2Fwp%2Fv2%2Fcomments&post=18055"}],"wp:featuredmedia":[{"embeddable":true,"href":"http:\/\/basakcilastik.com.tr\/index.php?rest_route=\/wp\/v2\/media\/18058"}],"wp:attachment":[{"href":"http:\/\/basakcilastik.com.tr\/index.php?rest_route=%2Fwp%2Fv2%2Fmedia&parent=18055"}],"wp:term":[{"taxonomy":"product_brand","embeddable":true,"href":"http:\/\/basakcilastik.com.tr\/index.php?rest_route=%2Fwp%2Fv2%2Fproduct_brand&post=18055"},{"taxonomy":"product_cat","embeddable":true,"href":"http:\/\/basakcilastik.com.tr\/index.php?rest_route=%2Fwp%2Fv2%2Fproduct_cat&post=18055"},{"taxonomy":"product_tag","embeddable":true,"href":"http:\/\/basakcilastik.com.tr\/index.php?rest_route=%2Fwp%2Fv2%2Fproduct_tag&post=18055"}],"curies":[{"name":"wp","href":"https:\/\/api.w.org\/{rel}","templated":true}]}}