{"id":17689,"date":"2020-07-31T20:30:33","date_gmt":"2020-07-31T20:30:33","guid":{"rendered":"https:\/\/basakcilastik.com.tr\/?post_type=product&#038;p=17689"},"modified":"2020-07-31T20:30:35","modified_gmt":"2020-07-31T20:30:35","slug":"troytroy-21010-masali-boru-anahtari-isvec-modeli-1","status":"publish","type":"product","link":"http:\/\/basakcilastik.com.tr\/?product=troytroy-21010-masali-boru-anahtari-isvec-modeli-1","title":{"rendered":"TROYTROY 21010 Ma\u015fal\u0131 Boru Anahtar\u0131 &#8211; \u0130sve\u00e7 Modeli (1\u201d)"},"content":{"rendered":"<p>TROYTROY 21010 Ma\u015fal\u0131 Boru Anahtar\u0131 &#8211; \u0130sve\u00e7 Modeli (1\u201d)<\/p>\n","protected":false},"excerpt":{"rendered":"<p>TROYTROY 21010 Ma\u015fal\u0131 Boru Anahtar\u0131 &#8211; \u0130sve\u00e7 Modeli (1\u201d)<\/p>\n","protected":false},"featured_media":17696,"comment_status":"open","ping_status":"closed","template":"","meta":[],"product_brand":[],"product_cat":[15,193,77,72],"product_tag":[],"class_list":{"0":"post-17689","1":"product","2":"type-product","3":"status-publish","4":"has-post-thumbnail","6":"product_cat-genel","7":"product_cat-boru-anahtarlari","8":"product_cat-boru-anahtarlari-ve-penseler","9":"product_cat-hirdavat","11":"first","12":"instock","13":"shipping-taxable","14":"product-type-simple"},"_links":{"self":[{"href":"http:\/\/basakcilastik.com.tr\/index.php?rest_route=\/wp\/v2\/product\/17689","targetHints":{"allow":["GET"]}}],"collection":[{"href":"http:\/\/basakcilastik.com.tr\/index.php?rest_route=\/wp\/v2\/product"}],"about":[{"href":"http:\/\/basakcilastik.com.tr\/index.php?rest_route=\/wp\/v2\/types\/product"}],"replies":[{"embeddable":true,"href":"http:\/\/basakcilastik.com.tr\/index.php?rest_route=%2Fwp%2Fv2%2Fcomments&post=17689"}],"wp:featuredmedia":[{"embeddable":true,"href":"http:\/\/basakcilastik.com.tr\/index.php?rest_route=\/wp\/v2\/media\/17696"}],"wp:attachment":[{"href":"http:\/\/basakcilastik.com.tr\/index.php?rest_route=%2Fwp%2Fv2%2Fmedia&parent=17689"}],"wp:term":[{"taxonomy":"product_brand","embeddable":true,"href":"http:\/\/basakcilastik.com.tr\/index.php?rest_route=%2Fwp%2Fv2%2Fproduct_brand&post=17689"},{"taxonomy":"product_cat","embeddable":true,"href":"http:\/\/basakcilastik.com.tr\/index.php?rest_route=%2Fwp%2Fv2%2Fproduct_cat&post=17689"},{"taxonomy":"product_tag","embeddable":true,"href":"http:\/\/basakcilastik.com.tr\/index.php?rest_route=%2Fwp%2Fv2%2Fproduct_tag&post=17689"}],"curies":[{"name":"wp","href":"https:\/\/api.w.org\/{rel}","templated":true}]}}