{"id":17688,"date":"2020-07-31T20:29:18","date_gmt":"2020-07-31T20:29:18","guid":{"rendered":"https:\/\/basakcilastik.com.tr\/?post_type=product&#038;p=17688"},"modified":"2020-07-31T20:29:19","modified_gmt":"2020-07-31T20:29:19","slug":"dijital-kumpas-plastik-govde","status":"publish","type":"product","link":"http:\/\/basakcilastik.com.tr\/?product=dijital-kumpas-plastik-govde","title":{"rendered":"Dijital Kumpas Plastik G\u00f6vde"},"content":{"rendered":"<p>Dijital Kumpas Plastik G\u00f6vde<\/p>\n<p><strong>\u00dcr\u00fcn Teknik Bilgileri<\/strong><\/p>\n<table width=\"100%\">\n<tbody>\n<tr>\n<td width=\"249\"><strong>Model<\/strong><\/td>\n<td width=\"262\"><strong>Kilit<\/strong><\/td>\n<td width=\"291\"><strong>Ambalaj<\/strong><\/td>\n<\/tr>\n<tr>\n<td><strong>150 mm<\/strong><\/td>\n<td><strong>Otomatik<\/strong><\/td>\n<td><strong>Plastik<\/strong><\/td>\n<\/tr>\n<tr>\n<td><strong>200 mm<\/strong><\/td>\n<td><strong>Otomatik<\/strong><\/td>\n<td><strong>Plastik<\/strong><\/td>\n<\/tr>\n<\/tbody>\n<\/table>\n<p>&nbsp;<\/p>\n","protected":false},"excerpt":{"rendered":"<p>Dijital Kumpas Plastik G\u00f6vde \u00dcr\u00fcn Teknik Bilgileri Model Kilit Ambalaj 150 mm Otomatik Plastik 200 mm Otomatik Plastik &nbsp;<\/p>\n","protected":false},"featured_media":17690,"comment_status":"open","ping_status":"closed","template":"","meta":[],"product_brand":[],"product_cat":[15,72,86],"product_tag":[],"class_list":{"0":"post-17688","1":"product","2":"type-product","3":"status-publish","4":"has-post-thumbnail","6":"product_cat-genel","7":"product_cat-hirdavat","8":"product_cat-olcme-ve-isaretleme-araclari","10":"first","11":"instock","12":"shipping-taxable","13":"product-type-simple"},"_links":{"self":[{"href":"http:\/\/basakcilastik.com.tr\/index.php?rest_route=\/wp\/v2\/product\/17688","targetHints":{"allow":["GET"]}}],"collection":[{"href":"http:\/\/basakcilastik.com.tr\/index.php?rest_route=\/wp\/v2\/product"}],"about":[{"href":"http:\/\/basakcilastik.com.tr\/index.php?rest_route=\/wp\/v2\/types\/product"}],"replies":[{"embeddable":true,"href":"http:\/\/basakcilastik.com.tr\/index.php?rest_route=%2Fwp%2Fv2%2Fcomments&post=17688"}],"wp:featuredmedia":[{"embeddable":true,"href":"http:\/\/basakcilastik.com.tr\/index.php?rest_route=\/wp\/v2\/media\/17690"}],"wp:attachment":[{"href":"http:\/\/basakcilastik.com.tr\/index.php?rest_route=%2Fwp%2Fv2%2Fmedia&parent=17688"}],"wp:term":[{"taxonomy":"product_brand","embeddable":true,"href":"http:\/\/basakcilastik.com.tr\/index.php?rest_route=%2Fwp%2Fv2%2Fproduct_brand&post=17688"},{"taxonomy":"product_cat","embeddable":true,"href":"http:\/\/basakcilastik.com.tr\/index.php?rest_route=%2Fwp%2Fv2%2Fproduct_cat&post=17688"},{"taxonomy":"product_tag","embeddable":true,"href":"http:\/\/basakcilastik.com.tr\/index.php?rest_route=%2Fwp%2Fv2%2Fproduct_tag&post=17688"}],"curies":[{"name":"wp","href":"https:\/\/api.w.org\/{rel}","templated":true}]}}