{"id":17665,"date":"2020-07-31T20:25:13","date_gmt":"2020-07-31T20:25:13","guid":{"rendered":"https:\/\/basakcilastik.com.tr\/?post_type=product&#038;p=17665"},"modified":"2020-07-31T20:25:15","modified_gmt":"2020-07-31T20:25:15","slug":"celik-gonye","status":"publish","type":"product","link":"http:\/\/basakcilastik.com.tr\/?product=celik-gonye","title":{"rendered":"\u00c7elik G\u00f6nye"},"content":{"rendered":"<p>\u00c7elik G\u00f6nye<\/p>\n<ul>\n<li>Al\u00fcminyum g\u00f6vde ve paslanmaz \u00e7elik cetvel<\/li>\n<li>Kolay okunabilen numaraland\u0131rma sistemi<\/li>\n<\/ul>\n<table width=\"100%\">\n<tbody>\n<tr>\n<td width=\"148\"><strong>\u00a0\u00dcr\u00fcn Kodu<\/strong><\/td>\n<td width=\"159\"><strong>\u00a0\u00d6l\u00e7\u00fc<\/strong><\/td>\n<td width=\"173\"><strong>\u00a0Paket \/ Koli<\/strong><\/td>\n<\/tr>\n<tr>\n<td width=\"148\">\u00a0RCG1025<\/td>\n<td width=\"159\">\u00a0250 mm<\/td>\n<td width=\"173\">\u00a010 \/ 80 Adet<\/td>\n<\/tr>\n<tr>\n<td width=\"148\">\u00a0RCG1030<\/td>\n<td width=\"159\">\u00a0300 mm<\/td>\n<td width=\"173\">\u00a010 \/ 80 Adet<\/td>\n<\/tr>\n<tr>\n<td width=\"148\">\u00a0RCG1035<\/td>\n<td width=\"159\">\u00a0350 mm<\/td>\n<td width=\"173\">\u00a010 \/ 60 Adet<\/td>\n<\/tr>\n<tr>\n<td width=\"148\">\u00a0RCG1040<\/td>\n<td width=\"159\">\u00a0400 mm<\/td>\n<td width=\"173\">\u00a010 \/ 60 Adet<\/td>\n<\/tr>\n<tr>\n<td width=\"148\">\u00a0RCG1050<\/td>\n<td width=\"159\">\u00a0500 mm<\/td>\n<td width=\"173\">\u00a010 \/ 60 Adet<\/td>\n<\/tr>\n<\/tbody>\n<\/table>\n<p>&nbsp;<\/p>\n","protected":false},"excerpt":{"rendered":"<p>\u00c7elik G\u00f6nye Al\u00fcminyum g\u00f6vde ve paslanmaz \u00e7elik cetvel Kolay okunabilen numaraland\u0131rma sistemi \u00a0\u00dcr\u00fcn Kodu \u00a0\u00d6l\u00e7\u00fc \u00a0Paket \/ Koli \u00a0RCG1025 \u00a0250 mm \u00a010 \/ 80 Adet \u00a0RCG1030 \u00a0300 mm \u00a010 \/ 80 Adet \u00a0RCG1035 \u00a0350 mm \u00a010 \/ 60 Adet \u00a0RCG1040 \u00a0400 mm \u00a010 \/ 60 Adet \u00a0RCG1050 \u00a0500 mm \u00a010 \/ 60 Adet &nbsp;<\/p>\n","protected":false},"featured_media":17669,"comment_status":"open","ping_status":"closed","template":"","meta":[],"product_brand":[],"product_cat":[15,72,86],"product_tag":[],"class_list":{"0":"post-17665","1":"product","2":"type-product","3":"status-publish","4":"has-post-thumbnail","6":"product_cat-genel","7":"product_cat-hirdavat","8":"product_cat-olcme-ve-isaretleme-araclari","10":"first","11":"instock","12":"shipping-taxable","13":"product-type-simple"},"_links":{"self":[{"href":"http:\/\/basakcilastik.com.tr\/index.php?rest_route=\/wp\/v2\/product\/17665","targetHints":{"allow":["GET"]}}],"collection":[{"href":"http:\/\/basakcilastik.com.tr\/index.php?rest_route=\/wp\/v2\/product"}],"about":[{"href":"http:\/\/basakcilastik.com.tr\/index.php?rest_route=\/wp\/v2\/types\/product"}],"replies":[{"embeddable":true,"href":"http:\/\/basakcilastik.com.tr\/index.php?rest_route=%2Fwp%2Fv2%2Fcomments&post=17665"}],"wp:featuredmedia":[{"embeddable":true,"href":"http:\/\/basakcilastik.com.tr\/index.php?rest_route=\/wp\/v2\/media\/17669"}],"wp:attachment":[{"href":"http:\/\/basakcilastik.com.tr\/index.php?rest_route=%2Fwp%2Fv2%2Fmedia&parent=17665"}],"wp:term":[{"taxonomy":"product_brand","embeddable":true,"href":"http:\/\/basakcilastik.com.tr\/index.php?rest_route=%2Fwp%2Fv2%2Fproduct_brand&post=17665"},{"taxonomy":"product_cat","embeddable":true,"href":"http:\/\/basakcilastik.com.tr\/index.php?rest_route=%2Fwp%2Fv2%2Fproduct_cat&post=17665"},{"taxonomy":"product_tag","embeddable":true,"href":"http:\/\/basakcilastik.com.tr\/index.php?rest_route=%2Fwp%2Fv2%2Fproduct_tag&post=17665"}],"curies":[{"name":"wp","href":"https:\/\/api.w.org\/{rel}","templated":true}]}}