{"id":17660,"date":"2020-07-31T20:23:41","date_gmt":"2020-07-31T20:23:41","guid":{"rendered":"https:\/\/basakcilastik.com.tr\/?post_type=product&#038;p=17660"},"modified":"2020-07-31T20:23:44","modified_gmt":"2020-07-31T20:23:44","slug":"celik-cetvel","status":"publish","type":"product","link":"http:\/\/basakcilastik.com.tr\/?product=celik-cetvel","title":{"rendered":"\u00c7elik Cetvel"},"content":{"rendered":"<p>\u00c7elik Cetvel<\/p>\n<ul>\n<li>Paslanmaz \u00e7elik cetvel<\/li>\n<li>Kolay okunabilen numaraland\u0131rma sistemi<\/li>\n<\/ul>\n<table width=\"100%\">\n<tbody>\n<tr>\n<td width=\"148\"><strong>\u00a0\u00dcr\u00fcn Kodu<\/strong><\/td>\n<td width=\"159\"><strong>\u00a0\u00d6l\u00e7\u00fc<\/strong><\/td>\n<td width=\"173\"><strong>\u00a0Paket \/ Koli<\/strong><\/td>\n<\/tr>\n<tr>\n<td width=\"148\">\u00a0RCC0300<\/td>\n<td width=\"159\">\u00a025 &#8211; 300 mm<\/td>\n<td width=\"173\">\u00a012 \/ 300 Adet<\/td>\n<\/tr>\n<tr>\n<td width=\"148\">\u00a0RCC0500<\/td>\n<td width=\"159\">\u00a030 &#8211; 500 mm<\/td>\n<td width=\"173\">\u00a020 \/ 200 Adet<\/td>\n<\/tr>\n<tr>\n<td width=\"148\">\u00a0RCC0600<\/td>\n<td width=\"159\">\u00a030 &#8211; 600 mm<\/td>\n<td width=\"173\">\u00a020 \/ 200 Adet<\/td>\n<\/tr>\n<tr>\n<td width=\"148\">\u00a0RCC1000<\/td>\n<td width=\"159\">\u00a035 &#8211; 1000 mm<\/td>\n<td width=\"173\">\u00a020 \/ 60 Adet<\/td>\n<\/tr>\n<tr>\n<td width=\"148\">\u00a0RCG1500<\/td>\n<td width=\"159\">\u00a045 &#8211; 1500 mm<\/td>\n<td width=\"173\">\u00a020 \/ 60 Adet<\/td>\n<\/tr>\n<\/tbody>\n<\/table>\n<p>&nbsp;<\/p>\n","protected":false},"excerpt":{"rendered":"<p>\u00c7elik Cetvel Paslanmaz \u00e7elik cetvel Kolay okunabilen numaraland\u0131rma sistemi \u00a0\u00dcr\u00fcn Kodu \u00a0\u00d6l\u00e7\u00fc \u00a0Paket \/ Koli \u00a0RCC0300 \u00a025 &#8211; 300 mm \u00a012 \/ 300 Adet \u00a0RCC0500 \u00a030 &#8211; 500 mm \u00a020 \/ 200 Adet \u00a0RCC0600 \u00a030 &#8211; 600 mm \u00a020 \/ 200 Adet \u00a0RCC1000 \u00a035 &#8211; 1000 mm \u00a020 \/ 60 Adet \u00a0RCG1500 \u00a045 &#8211; 1500 mm \u00a020 \/ 60 Adet [&hellip;]<\/p>\n","protected":false},"featured_media":17663,"comment_status":"open","ping_status":"closed","template":"","meta":[],"product_brand":[],"product_cat":[15,72,86],"product_tag":[],"class_list":{"0":"post-17660","1":"product","2":"type-product","3":"status-publish","4":"has-post-thumbnail","6":"product_cat-genel","7":"product_cat-hirdavat","8":"product_cat-olcme-ve-isaretleme-araclari","10":"first","11":"instock","12":"shipping-taxable","13":"product-type-simple"},"_links":{"self":[{"href":"http:\/\/basakcilastik.com.tr\/index.php?rest_route=\/wp\/v2\/product\/17660","targetHints":{"allow":["GET"]}}],"collection":[{"href":"http:\/\/basakcilastik.com.tr\/index.php?rest_route=\/wp\/v2\/product"}],"about":[{"href":"http:\/\/basakcilastik.com.tr\/index.php?rest_route=\/wp\/v2\/types\/product"}],"replies":[{"embeddable":true,"href":"http:\/\/basakcilastik.com.tr\/index.php?rest_route=%2Fwp%2Fv2%2Fcomments&post=17660"}],"wp:featuredmedia":[{"embeddable":true,"href":"http:\/\/basakcilastik.com.tr\/index.php?rest_route=\/wp\/v2\/media\/17663"}],"wp:attachment":[{"href":"http:\/\/basakcilastik.com.tr\/index.php?rest_route=%2Fwp%2Fv2%2Fmedia&parent=17660"}],"wp:term":[{"taxonomy":"product_brand","embeddable":true,"href":"http:\/\/basakcilastik.com.tr\/index.php?rest_route=%2Fwp%2Fv2%2Fproduct_brand&post=17660"},{"taxonomy":"product_cat","embeddable":true,"href":"http:\/\/basakcilastik.com.tr\/index.php?rest_route=%2Fwp%2Fv2%2Fproduct_cat&post=17660"},{"taxonomy":"product_tag","embeddable":true,"href":"http:\/\/basakcilastik.com.tr\/index.php?rest_route=%2Fwp%2Fv2%2Fproduct_tag&post=17660"}],"curies":[{"name":"wp","href":"https:\/\/api.w.org\/{rel}","templated":true}]}}