{"id":17620,"date":"2020-07-31T20:15:29","date_gmt":"2020-07-31T20:15:29","guid":{"rendered":"https:\/\/basakcilastik.com.tr\/?post_type=product&#038;p=17620"},"modified":"2020-07-31T20:15:30","modified_gmt":"2020-07-31T20:15:30","slug":"beta-960pmc-enjektor-test-cihazi","status":"publish","type":"product","link":"http:\/\/basakcilastik.com.tr\/?product=beta-960pmc-enjektor-test-cihazi","title":{"rendered":"BETA 960PMC Enjekt\u00f6r Test Cihaz\u0131"},"content":{"rendered":"<p>BETA 960PMC Enjekt\u00f6r Test Cihaz\u0131<\/p>\n","protected":false},"excerpt":{"rendered":"<p>BETA 960PMC Enjekt\u00f6r Test Cihaz\u0131<\/p>\n","protected":false},"featured_media":17621,"comment_status":"open","ping_status":"closed","template":"","meta":[],"product_brand":[],"product_cat":[15,72,86],"product_tag":[],"class_list":{"0":"post-17620","1":"product","2":"type-product","3":"status-publish","4":"has-post-thumbnail","6":"product_cat-genel","7":"product_cat-hirdavat","8":"product_cat-olcme-ve-isaretleme-araclari","10":"first","11":"instock","12":"shipping-taxable","13":"product-type-simple"},"_links":{"self":[{"href":"http:\/\/basakcilastik.com.tr\/index.php?rest_route=\/wp\/v2\/product\/17620","targetHints":{"allow":["GET"]}}],"collection":[{"href":"http:\/\/basakcilastik.com.tr\/index.php?rest_route=\/wp\/v2\/product"}],"about":[{"href":"http:\/\/basakcilastik.com.tr\/index.php?rest_route=\/wp\/v2\/types\/product"}],"replies":[{"embeddable":true,"href":"http:\/\/basakcilastik.com.tr\/index.php?rest_route=%2Fwp%2Fv2%2Fcomments&post=17620"}],"wp:featuredmedia":[{"embeddable":true,"href":"http:\/\/basakcilastik.com.tr\/index.php?rest_route=\/wp\/v2\/media\/17621"}],"wp:attachment":[{"href":"http:\/\/basakcilastik.com.tr\/index.php?rest_route=%2Fwp%2Fv2%2Fmedia&parent=17620"}],"wp:term":[{"taxonomy":"product_brand","embeddable":true,"href":"http:\/\/basakcilastik.com.tr\/index.php?rest_route=%2Fwp%2Fv2%2Fproduct_brand&post=17620"},{"taxonomy":"product_cat","embeddable":true,"href":"http:\/\/basakcilastik.com.tr\/index.php?rest_route=%2Fwp%2Fv2%2Fproduct_cat&post=17620"},{"taxonomy":"product_tag","embeddable":true,"href":"http:\/\/basakcilastik.com.tr\/index.php?rest_route=%2Fwp%2Fv2%2Fproduct_tag&post=17620"}],"curies":[{"name":"wp","href":"https:\/\/api.w.org\/{rel}","templated":true}]}}