{"id":17618,"date":"2020-07-31T20:16:13","date_gmt":"2020-07-31T20:16:13","guid":{"rendered":"https:\/\/basakcilastik.com.tr\/?post_type=product&#038;p=17618"},"modified":"2020-07-31T20:16:14","modified_gmt":"2020-07-31T20:16:14","slug":"troy-21020-masali-boru-anahtari-isvec-modeli-2","status":"publish","type":"product","link":"http:\/\/basakcilastik.com.tr\/?product=troy-21020-masali-boru-anahtari-isvec-modeli-2","title":{"rendered":"TROY 21020 Ma\u015fal\u0131 Boru Anahtar\u0131 &#8211; \u0130sve\u00e7 Modeli (2\u201d)"},"content":{"rendered":"<p>TROY 21020 Ma\u015fal\u0131 Boru Anahtar\u0131 &#8211; \u0130sve\u00e7 Modeli (2\u201d)<\/p>\n","protected":false},"excerpt":{"rendered":"<p>TROY 21020 Ma\u015fal\u0131 Boru Anahtar\u0131 &#8211; \u0130sve\u00e7 Modeli (2\u201d)<\/p>\n","protected":false},"featured_media":17625,"comment_status":"open","ping_status":"closed","template":"","meta":[],"product_brand":[],"product_cat":[15,193,77,72],"product_tag":[],"class_list":{"0":"post-17618","1":"product","2":"type-product","3":"status-publish","4":"has-post-thumbnail","6":"product_cat-genel","7":"product_cat-boru-anahtarlari","8":"product_cat-boru-anahtarlari-ve-penseler","9":"product_cat-hirdavat","11":"first","12":"instock","13":"shipping-taxable","14":"product-type-simple"},"_links":{"self":[{"href":"http:\/\/basakcilastik.com.tr\/index.php?rest_route=\/wp\/v2\/product\/17618","targetHints":{"allow":["GET"]}}],"collection":[{"href":"http:\/\/basakcilastik.com.tr\/index.php?rest_route=\/wp\/v2\/product"}],"about":[{"href":"http:\/\/basakcilastik.com.tr\/index.php?rest_route=\/wp\/v2\/types\/product"}],"replies":[{"embeddable":true,"href":"http:\/\/basakcilastik.com.tr\/index.php?rest_route=%2Fwp%2Fv2%2Fcomments&post=17618"}],"wp:featuredmedia":[{"embeddable":true,"href":"http:\/\/basakcilastik.com.tr\/index.php?rest_route=\/wp\/v2\/media\/17625"}],"wp:attachment":[{"href":"http:\/\/basakcilastik.com.tr\/index.php?rest_route=%2Fwp%2Fv2%2Fmedia&parent=17618"}],"wp:term":[{"taxonomy":"product_brand","embeddable":true,"href":"http:\/\/basakcilastik.com.tr\/index.php?rest_route=%2Fwp%2Fv2%2Fproduct_brand&post=17618"},{"taxonomy":"product_cat","embeddable":true,"href":"http:\/\/basakcilastik.com.tr\/index.php?rest_route=%2Fwp%2Fv2%2Fproduct_cat&post=17618"},{"taxonomy":"product_tag","embeddable":true,"href":"http:\/\/basakcilastik.com.tr\/index.php?rest_route=%2Fwp%2Fv2%2Fproduct_tag&post=17618"}],"curies":[{"name":"wp","href":"https:\/\/api.w.org\/{rel}","templated":true}]}}