{"id":17183,"date":"2020-07-30T20:23:50","date_gmt":"2020-07-30T20:23:50","guid":{"rendered":"https:\/\/basakcilastik.com.tr\/?post_type=product&#038;p=17183"},"modified":"2020-07-30T20:25:16","modified_gmt":"2020-07-30T20:25:16","slug":"fsn-1100-professional-sistem-aksesuarlari","status":"publish","type":"product","link":"http:\/\/basakcilastik.com.tr\/?product=fsn-1100-professional-sistem-aksesuarlari","title":{"rendered":"FSN 1100 Professional Sistem aksesuarlar\u0131"},"content":{"rendered":"<p>FSN 1100 Professional Sistem aksesuarlar\u0131<\/p>\n<p>Teknik veriler<\/p>\n<table width=\"750\">\n<thead>\n<tr>\n<td colspan=\"2\">Ek veriler<\/td>\n<\/tr>\n<\/thead>\n<tbody>\n<tr>\n<td><strong>Tak\u0131m \u00f6l\u00e7\u00fcleri (uzunluk)*<\/strong><\/td>\n<td><strong>1.100<\/strong>\u00a0<strong>mm<\/strong><\/td>\n<\/tr>\n<\/tbody>\n<\/table>\n<p>* Vurgulanan Veriler<\/p>\n<p>Avantajlar<\/p>\n<p>Hassas y\u00f6nlendirme i\u00e7in k\u0131lavuz ray teknolojisi<\/p>\n<ul>\n<li>Hassas k\u0131lavuz \u2013 kendi kendini ayarlayan ba\u011flant\u0131 eleman\u0131 sayesinde uzat\u0131lm\u0131\u015f raylarda bile raylar tam olarak d\u00fczd\u00fcr<\/li>\n<li>Dengeli uzatma \u2013 k\u0131lavuz raylar\u0131n dengeli ve h\u0131zl\u0131 ba\u011flanmas\u0131 i\u00e7in VEL ba\u011flant\u0131 par\u00e7as\u0131 sayesinde<\/li>\n<li>G\u00fcvenli model \u2013 temiz kesim kenarlar\u0131 i\u00e7in par\u00e7alanma korumas\u0131 ve kayd\u0131rmadan kullan\u0131m i\u00e7in yap\u0131\u015fkan bantlar<\/li>\n<\/ul>\n<p>Fonksiyonlar<\/p>\n<p>Bu paketin i\u00e7indekiler<\/p>\n<p>FSN 1100 Professional<\/p>\n","protected":false},"excerpt":{"rendered":"<p>FSN 1100 Professional Sistem aksesuarlar\u0131 Teknik veriler Ek veriler Tak\u0131m \u00f6l\u00e7\u00fcleri (uzunluk)* 1.100\u00a0mm * Vurgulanan Veriler Avantajlar Hassas y\u00f6nlendirme i\u00e7in k\u0131lavuz ray teknolojisi Hassas k\u0131lavuz \u2013 kendi kendini ayarlayan ba\u011flant\u0131 eleman\u0131 sayesinde uzat\u0131lm\u0131\u015f raylarda bile raylar tam olarak d\u00fczd\u00fcr Dengeli uzatma \u2013 k\u0131lavuz raylar\u0131n dengeli ve h\u0131zl\u0131 ba\u011flanmas\u0131 i\u00e7in VEL ba\u011flant\u0131 par\u00e7as\u0131 sayesinde G\u00fcvenli model \u2013 temiz kesim kenarlar\u0131 i\u00e7in [&hellip;]<\/p>\n","protected":false},"featured_media":17185,"comment_status":"open","ping_status":"closed","template":"","meta":[],"product_brand":[],"product_cat":[15,80,72],"product_tag":[],"class_list":{"0":"post-17183","1":"product","2":"type-product","3":"status-publish","4":"has-post-thumbnail","6":"product_cat-genel","7":"product_cat-frezeler","8":"product_cat-hirdavat","10":"first","11":"instock","12":"shipping-taxable","13":"product-type-simple"},"_links":{"self":[{"href":"http:\/\/basakcilastik.com.tr\/index.php?rest_route=\/wp\/v2\/product\/17183","targetHints":{"allow":["GET"]}}],"collection":[{"href":"http:\/\/basakcilastik.com.tr\/index.php?rest_route=\/wp\/v2\/product"}],"about":[{"href":"http:\/\/basakcilastik.com.tr\/index.php?rest_route=\/wp\/v2\/types\/product"}],"replies":[{"embeddable":true,"href":"http:\/\/basakcilastik.com.tr\/index.php?rest_route=%2Fwp%2Fv2%2Fcomments&post=17183"}],"wp:featuredmedia":[{"embeddable":true,"href":"http:\/\/basakcilastik.com.tr\/index.php?rest_route=\/wp\/v2\/media\/17185"}],"wp:attachment":[{"href":"http:\/\/basakcilastik.com.tr\/index.php?rest_route=%2Fwp%2Fv2%2Fmedia&parent=17183"}],"wp:term":[{"taxonomy":"product_brand","embeddable":true,"href":"http:\/\/basakcilastik.com.tr\/index.php?rest_route=%2Fwp%2Fv2%2Fproduct_brand&post=17183"},{"taxonomy":"product_cat","embeddable":true,"href":"http:\/\/basakcilastik.com.tr\/index.php?rest_route=%2Fwp%2Fv2%2Fproduct_cat&post=17183"},{"taxonomy":"product_tag","embeddable":true,"href":"http:\/\/basakcilastik.com.tr\/index.php?rest_route=%2Fwp%2Fv2%2Fproduct_tag&post=17183"}],"curies":[{"name":"wp","href":"https:\/\/api.w.org\/{rel}","templated":true}]}}