{"id":17102,"date":"2020-07-30T20:01:34","date_gmt":"2020-07-30T20:01:34","guid":{"rendered":"https:\/\/basakcilastik.com.tr\/?post_type=product&#038;p=17102"},"modified":"2020-07-30T20:01:36","modified_gmt":"2020-07-30T20:01:36","slug":"delik-freezesi-2-agizli","status":"publish","type":"product","link":"http:\/\/basakcilastik.com.tr\/?product=delik-freezesi-2-agizli","title":{"rendered":"Delik Freezesi 2 A\u011f\u0131zl\u0131"},"content":{"rendered":"<p>Delik Freezesi 2 A\u011f\u0131zl\u0131<\/p>\n<p><strong>\u00dcr\u00fcn Teknik Bilgileri<\/strong><\/p>\n<table width=\"100%\">\n<tbody>\n<tr>\n<td width=\"226\"><strong>\u00d6l\u00e7\u00fc<\/strong><\/td>\n<td width=\"304\"><strong>Kesici Uzunluk mm<\/strong><\/td>\n<td width=\"272\"><strong>Komple Uzunluk mm<\/strong><\/td>\n<\/tr>\n<tr>\n<td><strong>3 mm<\/strong><\/td>\n<td><strong>5<\/strong><\/td>\n<td><strong>49<\/strong><\/td>\n<\/tr>\n<tr>\n<td><strong>4 mm<\/strong><\/td>\n<td><strong>7<\/strong><\/td>\n<td><strong>51<\/strong><\/td>\n<\/tr>\n<tr>\n<td><strong>8 mm<\/strong><\/td>\n<td><strong>11<\/strong><\/td>\n<td><strong>61<\/strong><\/td>\n<\/tr>\n<tr>\n<td><strong>10 mm<\/strong><\/td>\n<td><strong>13<\/strong><\/td>\n<td><strong>63<\/strong><\/td>\n<\/tr>\n<tr>\n<td><strong>12 mm<\/strong><\/td>\n<td><strong>16<\/strong><\/td>\n<td><strong>73<\/strong><\/td>\n<\/tr>\n<tr>\n<td><strong>16 mm<\/strong><\/td>\n<td><strong>19<\/strong><\/td>\n<td><strong>79<\/strong><\/td>\n<\/tr>\n<tr>\n<td><strong>20 mm<\/strong><\/td>\n<td><strong>22<\/strong><\/td>\n<td><strong>88<\/strong><\/td>\n<\/tr>\n<\/tbody>\n<\/table>\n","protected":false},"excerpt":{"rendered":"<p>Delik Freezesi 2 A\u011f\u0131zl\u0131 \u00dcr\u00fcn Teknik Bilgileri \u00d6l\u00e7\u00fc Kesici Uzunluk mm Komple Uzunluk mm 3 mm 5 49 4 mm 7 51 8 mm 11 61 10 mm 13 63 12 mm 16 73 16 mm 19 79 20 mm 22 88<\/p>\n","protected":false},"featured_media":17105,"comment_status":"open","ping_status":"closed","template":"","meta":[],"product_brand":[],"product_cat":[15,80,72],"product_tag":[],"class_list":{"0":"post-17102","1":"product","2":"type-product","3":"status-publish","4":"has-post-thumbnail","6":"product_cat-genel","7":"product_cat-frezeler","8":"product_cat-hirdavat","10":"first","11":"instock","12":"shipping-taxable","13":"product-type-simple"},"_links":{"self":[{"href":"http:\/\/basakcilastik.com.tr\/index.php?rest_route=\/wp\/v2\/product\/17102","targetHints":{"allow":["GET"]}}],"collection":[{"href":"http:\/\/basakcilastik.com.tr\/index.php?rest_route=\/wp\/v2\/product"}],"about":[{"href":"http:\/\/basakcilastik.com.tr\/index.php?rest_route=\/wp\/v2\/types\/product"}],"replies":[{"embeddable":true,"href":"http:\/\/basakcilastik.com.tr\/index.php?rest_route=%2Fwp%2Fv2%2Fcomments&post=17102"}],"wp:featuredmedia":[{"embeddable":true,"href":"http:\/\/basakcilastik.com.tr\/index.php?rest_route=\/wp\/v2\/media\/17105"}],"wp:attachment":[{"href":"http:\/\/basakcilastik.com.tr\/index.php?rest_route=%2Fwp%2Fv2%2Fmedia&parent=17102"}],"wp:term":[{"taxonomy":"product_brand","embeddable":true,"href":"http:\/\/basakcilastik.com.tr\/index.php?rest_route=%2Fwp%2Fv2%2Fproduct_brand&post=17102"},{"taxonomy":"product_cat","embeddable":true,"href":"http:\/\/basakcilastik.com.tr\/index.php?rest_route=%2Fwp%2Fv2%2Fproduct_cat&post=17102"},{"taxonomy":"product_tag","embeddable":true,"href":"http:\/\/basakcilastik.com.tr\/index.php?rest_route=%2Fwp%2Fv2%2Fproduct_tag&post=17102"}],"curies":[{"name":"wp","href":"https:\/\/api.w.org\/{rel}","templated":true}]}}