{"id":17090,"date":"2020-07-30T19:58:20","date_gmt":"2020-07-30T19:58:20","guid":{"rendered":"https:\/\/basakcilastik.com.tr\/?post_type=product&#038;p=17090"},"modified":"2020-07-30T19:58:21","modified_gmt":"2020-07-30T19:58:21","slug":"wert-3206-sds-plus-matkap-ucu-8x110mm","status":"publish","type":"product","link":"http:\/\/basakcilastik.com.tr\/?product=wert-3206-sds-plus-matkap-ucu-8x110mm","title":{"rendered":"WERT 3206 SDS-Plus Matkap Ucu (8x110mm)"},"content":{"rendered":"<p>WERT 3206 SDS-Plus Matkap Ucu (8x110mm)<\/p>\n<p>&nbsp;<\/p>\n<ul>\n<li>Darbeli matkaplar ve k\u0131r\u0131c\u0131 deliciler i\u00e7in profesyonel SDS matkap u\u00e7lar\u0131<\/li>\n<li>\u00d6zg\u00fcn carbide u\u00e7 tasar\u0131m\u0131 ile kolay delme, minimum a\u015f\u0131nma<\/li>\n<li>G\u00f6vdesindeki L-kanal\u0131 sayesinde h\u0131zl\u0131 toz uzakla\u015ft\u0131rma<\/li>\n<li>End\u00fcstriyel kaplama<\/li>\n<\/ul>\n<p><strong>A\u011f\u0131rl\u0131k(Kg)<\/strong><\/p>\n<p><strong>:<\/strong><\/p>\n<p>0.05<\/p>\n<p>&nbsp;<\/p>\n","protected":false},"excerpt":{"rendered":"<p>WERT 3206 SDS-Plus Matkap Ucu (8x110mm) &nbsp; Darbeli matkaplar ve k\u0131r\u0131c\u0131 deliciler i\u00e7in profesyonel SDS matkap u\u00e7lar\u0131 \u00d6zg\u00fcn carbide u\u00e7 tasar\u0131m\u0131 ile kolay delme, minimum a\u015f\u0131nma G\u00f6vdesindeki L-kanal\u0131 sayesinde h\u0131zl\u0131 toz uzakla\u015ft\u0131rma End\u00fcstriyel kaplama A\u011f\u0131rl\u0131k(Kg) : 0.05 &nbsp;<\/p>\n","protected":false},"featured_media":17096,"comment_status":"open","ping_status":"closed","template":"","meta":[],"product_brand":[],"product_cat":[15,76,72,190],"product_tag":[],"class_list":{"0":"post-17090","1":"product","2":"type-product","3":"status-publish","4":"has-post-thumbnail","6":"product_cat-genel","7":"product_cat-bits-uclar-ve-matkap-uclari","8":"product_cat-hirdavat","9":"product_cat-matkap-uclari","11":"first","12":"instock","13":"shipping-taxable","14":"product-type-simple"},"_links":{"self":[{"href":"http:\/\/basakcilastik.com.tr\/index.php?rest_route=\/wp\/v2\/product\/17090","targetHints":{"allow":["GET"]}}],"collection":[{"href":"http:\/\/basakcilastik.com.tr\/index.php?rest_route=\/wp\/v2\/product"}],"about":[{"href":"http:\/\/basakcilastik.com.tr\/index.php?rest_route=\/wp\/v2\/types\/product"}],"replies":[{"embeddable":true,"href":"http:\/\/basakcilastik.com.tr\/index.php?rest_route=%2Fwp%2Fv2%2Fcomments&post=17090"}],"wp:featuredmedia":[{"embeddable":true,"href":"http:\/\/basakcilastik.com.tr\/index.php?rest_route=\/wp\/v2\/media\/17096"}],"wp:attachment":[{"href":"http:\/\/basakcilastik.com.tr\/index.php?rest_route=%2Fwp%2Fv2%2Fmedia&parent=17090"}],"wp:term":[{"taxonomy":"product_brand","embeddable":true,"href":"http:\/\/basakcilastik.com.tr\/index.php?rest_route=%2Fwp%2Fv2%2Fproduct_brand&post=17090"},{"taxonomy":"product_cat","embeddable":true,"href":"http:\/\/basakcilastik.com.tr\/index.php?rest_route=%2Fwp%2Fv2%2Fproduct_cat&post=17090"},{"taxonomy":"product_tag","embeddable":true,"href":"http:\/\/basakcilastik.com.tr\/index.php?rest_route=%2Fwp%2Fv2%2Fproduct_tag&post=17090"}],"curies":[{"name":"wp","href":"https:\/\/api.w.org\/{rel}","templated":true}]}}