{"id":17083,"date":"2020-07-30T19:56:04","date_gmt":"2020-07-30T19:56:04","guid":{"rendered":"https:\/\/basakcilastik.com.tr\/?post_type=product&#038;p=17083"},"modified":"2020-07-30T19:56:05","modified_gmt":"2020-07-30T19:56:05","slug":"wert-3204-sds-plus-matkap-ucu-7x160mm","status":"publish","type":"product","link":"http:\/\/basakcilastik.com.tr\/?product=wert-3204-sds-plus-matkap-ucu-7x160mm","title":{"rendered":"WERT 3204 SDS-Plus Matkap Ucu (7x160mm)"},"content":{"rendered":"<p>WERT 3204 SDS-Plus Matkap Ucu (7x160mm)<\/p>\n<p>&nbsp;<\/p>\n<ul>\n<li>Darbeli matkaplar ve k\u0131r\u0131c\u0131 deliciler i\u00e7in profesyonel SDS matkap u\u00e7lar\u0131<br \/>\n\u25cf \u00d6zg\u00fcn carbide u\u00e7 tasar\u0131m\u0131 ile kolay delme, minimum a\u015f\u0131nma<br \/>\n\u25cf G\u00f6vdesindeki L-kanal\u0131 sayesinde h\u0131zl\u0131 toz uzakla\u015ft\u0131rma<br \/>\n\u25cf End\u00fcstriyel kaplama<\/li>\n<\/ul>\n<p><strong>A\u011f\u0131rl\u0131k(Kg)<\/strong><\/p>\n<p><strong>:<\/strong><\/p>\n<p>0.07<\/p>\n<p>&nbsp;<\/p>\n","protected":false},"excerpt":{"rendered":"<p>WERT 3204 SDS-Plus Matkap Ucu (7x160mm) &nbsp; Darbeli matkaplar ve k\u0131r\u0131c\u0131 deliciler i\u00e7in profesyonel SDS matkap u\u00e7lar\u0131 \u25cf \u00d6zg\u00fcn carbide u\u00e7 tasar\u0131m\u0131 ile kolay delme, minimum a\u015f\u0131nma \u25cf G\u00f6vdesindeki L-kanal\u0131 sayesinde h\u0131zl\u0131 toz uzakla\u015ft\u0131rma \u25cf End\u00fcstriyel kaplama A\u011f\u0131rl\u0131k(Kg) : 0.07 &nbsp;<\/p>\n","protected":false},"featured_media":17088,"comment_status":"open","ping_status":"closed","template":"","meta":[],"product_brand":[],"product_cat":[15,72,190],"product_tag":[],"class_list":{"0":"post-17083","1":"product","2":"type-product","3":"status-publish","4":"has-post-thumbnail","6":"product_cat-genel","7":"product_cat-hirdavat","8":"product_cat-matkap-uclari","10":"first","11":"instock","12":"shipping-taxable","13":"product-type-simple"},"_links":{"self":[{"href":"http:\/\/basakcilastik.com.tr\/index.php?rest_route=\/wp\/v2\/product\/17083","targetHints":{"allow":["GET"]}}],"collection":[{"href":"http:\/\/basakcilastik.com.tr\/index.php?rest_route=\/wp\/v2\/product"}],"about":[{"href":"http:\/\/basakcilastik.com.tr\/index.php?rest_route=\/wp\/v2\/types\/product"}],"replies":[{"embeddable":true,"href":"http:\/\/basakcilastik.com.tr\/index.php?rest_route=%2Fwp%2Fv2%2Fcomments&post=17083"}],"wp:featuredmedia":[{"embeddable":true,"href":"http:\/\/basakcilastik.com.tr\/index.php?rest_route=\/wp\/v2\/media\/17088"}],"wp:attachment":[{"href":"http:\/\/basakcilastik.com.tr\/index.php?rest_route=%2Fwp%2Fv2%2Fmedia&parent=17083"}],"wp:term":[{"taxonomy":"product_brand","embeddable":true,"href":"http:\/\/basakcilastik.com.tr\/index.php?rest_route=%2Fwp%2Fv2%2Fproduct_brand&post=17083"},{"taxonomy":"product_cat","embeddable":true,"href":"http:\/\/basakcilastik.com.tr\/index.php?rest_route=%2Fwp%2Fv2%2Fproduct_cat&post=17083"},{"taxonomy":"product_tag","embeddable":true,"href":"http:\/\/basakcilastik.com.tr\/index.php?rest_route=%2Fwp%2Fv2%2Fproduct_tag&post=17083"}],"curies":[{"name":"wp","href":"https:\/\/api.w.org\/{rel}","templated":true}]}}