{"id":16883,"date":"2020-07-29T21:50:45","date_gmt":"2020-07-29T21:50:45","guid":{"rendered":"https:\/\/basakcilastik.com.tr\/?post_type=product&#038;p=16883"},"modified":"2020-07-29T21:50:46","modified_gmt":"2020-07-29T21:50:46","slug":"master-sds-plus-adaptorleri","status":"publish","type":"product","link":"http:\/\/basakcilastik.com.tr\/?product=master-sds-plus-adaptorleri","title":{"rendered":"&#8221;Master&#8221; SDS Plus Adapt\u00f6rleri"},"content":{"rendered":"<table width=\"100%\">\n<thead>\n<tr>\n<td><strong>\u00dcR\u00dcN KODU<\/strong><\/td>\n<td><strong>B\u0130R\u0130M<\/strong><\/td>\n<td><strong>Tip<\/strong><\/td>\n<td><strong>Paketleme Bilgisi Miktar<\/strong><\/td>\n<td><strong>En<\/strong><\/td>\n<td><strong>Boy<\/strong><\/td>\n<td><strong>Y\u00fckseklik<\/strong><\/td>\n<td><strong>Net A\u011f\u0131rl\u0131k<\/strong><\/td>\n<td><strong>Br\u00fct A\u011f\u0131rl\u0131k<\/strong><\/td>\n<\/tr>\n<\/thead>\n<tbody>\n<tr>\n<td>02.05.01.01.00015<\/td>\n<td>AD<\/td>\n<td>Mandren<\/td>\n<td>1<\/td>\n<td>0<\/td>\n<td>0<\/td>\n<td>0<\/td>\n<td>0<\/td>\n<td>0<\/td>\n<\/tr>\n<tr>\n<td>02.05.01.01.00015<\/td>\n<td>PK<\/td>\n<td>Mandren<\/td>\n<td>25<\/td>\n<td>0<\/td>\n<td>0<\/td>\n<td>0<\/td>\n<td>0<\/td>\n<td>0<\/td>\n<\/tr>\n<tr>\n<td>02.05.01.01.00015<\/td>\n<td>KL<\/td>\n<td>Mandren<\/td>\n<td>500<\/td>\n<td>31<\/td>\n<td>69<\/td>\n<td>27<\/td>\n<td>25.5<\/td>\n<td>26.8<\/td>\n<\/tr>\n<tr>\n<td>02.05.01.02.00018<\/td>\n<td>AD<\/td>\n<td>U\u00e7<\/td>\n<td>1<\/td>\n<td>0<\/td>\n<td>0<\/td>\n<td>0<\/td>\n<td>0<\/td>\n<td>0<\/td>\n<\/tr>\n<tr>\n<td>02.05.01.02.00018<\/td>\n<td>PK<\/td>\n<td>U\u00e7<\/td>\n<td>50<\/td>\n<td>0<\/td>\n<td>0<\/td>\n<td>0<\/td>\n<td>0<\/td>\n<td>0<\/td>\n<\/tr>\n<tr>\n<td>02.05.01.02.00018<\/td>\n<td>KL<\/td>\n<td>U\u00e7<\/td>\n<td>500<\/td>\n<td>34<\/td>\n<td>44<\/td>\n<td>22<\/td>\n<td>20<\/td>\n<td>21<\/td>\n<\/tr>\n<\/tbody>\n<\/table>\n<p>&nbsp;<\/p>\n","protected":false},"excerpt":{"rendered":"<p>\u00dcR\u00dcN KODU B\u0130R\u0130M Tip Paketleme Bilgisi Miktar En Boy Y\u00fckseklik Net A\u011f\u0131rl\u0131k Br\u00fct A\u011f\u0131rl\u0131k 02.05.01.01.00015 AD Mandren 1 0 0 0 0 0 02.05.01.01.00015 PK Mandren 25 0 0 0 0 0 02.05.01.01.00015 KL Mandren 500 31 69 27 25.5 26.8 02.05.01.02.00018 AD U\u00e7 1 0 0 0 0 0 02.05.01.02.00018 PK U\u00e7 50 0 0 0 0 0 02.05.01.02.00018 [&hellip;]<\/p>\n","protected":false},"featured_media":16887,"comment_status":"open","ping_status":"closed","template":"","meta":[],"product_brand":[],"product_cat":[15,76,72,190],"product_tag":[],"class_list":{"0":"post-16883","1":"product","2":"type-product","3":"status-publish","4":"has-post-thumbnail","6":"product_cat-genel","7":"product_cat-bits-uclar-ve-matkap-uclari","8":"product_cat-hirdavat","9":"product_cat-matkap-uclari","11":"first","12":"instock","13":"shipping-taxable","14":"product-type-simple"},"_links":{"self":[{"href":"http:\/\/basakcilastik.com.tr\/index.php?rest_route=\/wp\/v2\/product\/16883","targetHints":{"allow":["GET"]}}],"collection":[{"href":"http:\/\/basakcilastik.com.tr\/index.php?rest_route=\/wp\/v2\/product"}],"about":[{"href":"http:\/\/basakcilastik.com.tr\/index.php?rest_route=\/wp\/v2\/types\/product"}],"replies":[{"embeddable":true,"href":"http:\/\/basakcilastik.com.tr\/index.php?rest_route=%2Fwp%2Fv2%2Fcomments&post=16883"}],"wp:featuredmedia":[{"embeddable":true,"href":"http:\/\/basakcilastik.com.tr\/index.php?rest_route=\/wp\/v2\/media\/16887"}],"wp:attachment":[{"href":"http:\/\/basakcilastik.com.tr\/index.php?rest_route=%2Fwp%2Fv2%2Fmedia&parent=16883"}],"wp:term":[{"taxonomy":"product_brand","embeddable":true,"href":"http:\/\/basakcilastik.com.tr\/index.php?rest_route=%2Fwp%2Fv2%2Fproduct_brand&post=16883"},{"taxonomy":"product_cat","embeddable":true,"href":"http:\/\/basakcilastik.com.tr\/index.php?rest_route=%2Fwp%2Fv2%2Fproduct_cat&post=16883"},{"taxonomy":"product_tag","embeddable":true,"href":"http:\/\/basakcilastik.com.tr\/index.php?rest_route=%2Fwp%2Fv2%2Fproduct_tag&post=16883"}],"curies":[{"name":"wp","href":"https:\/\/api.w.org\/{rel}","templated":true}]}}