{"id":16875,"date":"2020-07-29T21:46:53","date_gmt":"2020-07-29T21:46:53","guid":{"rendered":"https:\/\/basakcilastik.com.tr\/?post_type=product&#038;p=16875"},"modified":"2020-07-29T21:46:54","modified_gmt":"2020-07-29T21:46:54","slug":"mannesmann-92562-mini-matkap-ucu-seti-7-parca","status":"publish","type":"product","link":"http:\/\/basakcilastik.com.tr\/?product=mannesmann-92562-mini-matkap-ucu-seti-7-parca","title":{"rendered":"Mannesmann 92562 Mini Matkap Ucu Seti, 7 Par\u00e7a"},"content":{"rendered":"<p>Mannesmann 92562 Mini Matkap Ucu Seti (7 Par\u00e7a)<\/p>\n<p>&nbsp;<\/p>\n<ul>\n<li>Hobi seti, grav\u00fcr seti ile kullanmak i\u00e7in mini matkap ucu seti<br \/>\n\u25cf \u00d83mm mil<br \/>\n\u25cf 3 adet parmak freze<br \/>\n\u25cf 4 adet matkap ucu: 1 &#8211; 1,5 &#8211; 2 &#8211; 2,5mm<\/li>\n<\/ul>\n<p><strong>A\u011f\u0131rl\u0131k(Kg)<\/strong><\/p>\n<p><strong>:<\/strong><\/p>\n<p>0.1<\/p>\n<p>&nbsp;<\/p>\n","protected":false},"excerpt":{"rendered":"<p>Mannesmann 92562 Mini Matkap Ucu Seti (7 Par\u00e7a) &nbsp; Hobi seti, grav\u00fcr seti ile kullanmak i\u00e7in mini matkap ucu seti \u25cf \u00d83mm mil \u25cf 3 adet parmak freze \u25cf 4 adet matkap ucu: 1 &#8211; 1,5 &#8211; 2 &#8211; 2,5mm A\u011f\u0131rl\u0131k(Kg) : 0.1 &nbsp;<\/p>\n","protected":false},"featured_media":16878,"comment_status":"open","ping_status":"closed","template":"","meta":[],"product_brand":[],"product_cat":[15,76,72,190],"product_tag":[],"class_list":{"0":"post-16875","1":"product","2":"type-product","3":"status-publish","4":"has-post-thumbnail","6":"product_cat-genel","7":"product_cat-bits-uclar-ve-matkap-uclari","8":"product_cat-hirdavat","9":"product_cat-matkap-uclari","11":"first","12":"instock","13":"shipping-taxable","14":"product-type-simple"},"_links":{"self":[{"href":"http:\/\/basakcilastik.com.tr\/index.php?rest_route=\/wp\/v2\/product\/16875","targetHints":{"allow":["GET"]}}],"collection":[{"href":"http:\/\/basakcilastik.com.tr\/index.php?rest_route=\/wp\/v2\/product"}],"about":[{"href":"http:\/\/basakcilastik.com.tr\/index.php?rest_route=\/wp\/v2\/types\/product"}],"replies":[{"embeddable":true,"href":"http:\/\/basakcilastik.com.tr\/index.php?rest_route=%2Fwp%2Fv2%2Fcomments&post=16875"}],"wp:featuredmedia":[{"embeddable":true,"href":"http:\/\/basakcilastik.com.tr\/index.php?rest_route=\/wp\/v2\/media\/16878"}],"wp:attachment":[{"href":"http:\/\/basakcilastik.com.tr\/index.php?rest_route=%2Fwp%2Fv2%2Fmedia&parent=16875"}],"wp:term":[{"taxonomy":"product_brand","embeddable":true,"href":"http:\/\/basakcilastik.com.tr\/index.php?rest_route=%2Fwp%2Fv2%2Fproduct_brand&post=16875"},{"taxonomy":"product_cat","embeddable":true,"href":"http:\/\/basakcilastik.com.tr\/index.php?rest_route=%2Fwp%2Fv2%2Fproduct_cat&post=16875"},{"taxonomy":"product_tag","embeddable":true,"href":"http:\/\/basakcilastik.com.tr\/index.php?rest_route=%2Fwp%2Fv2%2Fproduct_tag&post=16875"}],"curies":[{"name":"wp","href":"https:\/\/api.w.org\/{rel}","templated":true}]}}