{"id":16803,"date":"2020-07-29T21:02:41","date_gmt":"2020-07-29T21:02:41","guid":{"rendered":"https:\/\/basakcilastik.com.tr\/?post_type=product&#038;p=16803"},"modified":"2020-07-29T21:02:42","modified_gmt":"2020-07-29T21:02:42","slug":"009-rc1109-13-parca-tin-hss-matkap-ucu-seti","status":"publish","type":"product","link":"http:\/\/basakcilastik.com.tr\/?product=009-rc1109-13-parca-tin-hss-matkap-ucu-seti","title":{"rendered":"009-RC1109 13 PAR\u00c7A T\u0130N HSS MATKAP UCU SET\u0130"},"content":{"rendered":"<p>009-RC1109 13 PAR\u00c7A T\u0130N HSS MATKAP UCU SET\u0130<\/p>\n","protected":false},"excerpt":{"rendered":"<p>009-RC1109 13 PAR\u00c7A T\u0130N HSS MATKAP UCU SET\u0130<\/p>\n","protected":false},"featured_media":16806,"comment_status":"open","ping_status":"closed","template":"","meta":[],"product_brand":[],"product_cat":[15,76,72,190],"product_tag":[],"class_list":{"0":"post-16803","1":"product","2":"type-product","3":"status-publish","4":"has-post-thumbnail","6":"product_cat-genel","7":"product_cat-bits-uclar-ve-matkap-uclari","8":"product_cat-hirdavat","9":"product_cat-matkap-uclari","11":"first","12":"instock","13":"shipping-taxable","14":"product-type-simple"},"_links":{"self":[{"href":"http:\/\/basakcilastik.com.tr\/index.php?rest_route=\/wp\/v2\/product\/16803","targetHints":{"allow":["GET"]}}],"collection":[{"href":"http:\/\/basakcilastik.com.tr\/index.php?rest_route=\/wp\/v2\/product"}],"about":[{"href":"http:\/\/basakcilastik.com.tr\/index.php?rest_route=\/wp\/v2\/types\/product"}],"replies":[{"embeddable":true,"href":"http:\/\/basakcilastik.com.tr\/index.php?rest_route=%2Fwp%2Fv2%2Fcomments&post=16803"}],"wp:featuredmedia":[{"embeddable":true,"href":"http:\/\/basakcilastik.com.tr\/index.php?rest_route=\/wp\/v2\/media\/16806"}],"wp:attachment":[{"href":"http:\/\/basakcilastik.com.tr\/index.php?rest_route=%2Fwp%2Fv2%2Fmedia&parent=16803"}],"wp:term":[{"taxonomy":"product_brand","embeddable":true,"href":"http:\/\/basakcilastik.com.tr\/index.php?rest_route=%2Fwp%2Fv2%2Fproduct_brand&post=16803"},{"taxonomy":"product_cat","embeddable":true,"href":"http:\/\/basakcilastik.com.tr\/index.php?rest_route=%2Fwp%2Fv2%2Fproduct_cat&post=16803"},{"taxonomy":"product_tag","embeddable":true,"href":"http:\/\/basakcilastik.com.tr\/index.php?rest_route=%2Fwp%2Fv2%2Fproduct_tag&post=16803"}],"curies":[{"name":"wp","href":"https:\/\/api.w.org\/{rel}","templated":true}]}}