{"id":16773,"date":"2020-07-29T20:25:58","date_gmt":"2020-07-29T20:25:58","guid":{"rendered":"https:\/\/basakcilastik.com.tr\/?post_type=product&#038;p=16773"},"modified":"2020-07-29T20:25:59","modified_gmt":"2020-07-29T20:25:59","slug":"master-anahtarli-metal-mandrenler","status":"publish","type":"product","link":"http:\/\/basakcilastik.com.tr\/?product=master-anahtarli-metal-mandrenler","title":{"rendered":"&#8221;Master&#8221; Anahtarl\u0131 Metal Mandrenler"},"content":{"rendered":"<p>Kimi ta\u015f\u0131nabilir makinalar\u0131n burnuna tak\u0131lan ve d\u00f6nen \u00f6\u011feyi s\u0131k\u0131\u015ft\u0131rmaya ve sabitlemeye yarayan, anahtar ile s\u0131k\u0131lan, metal alettir.<\/p>\n<table width=\"100%\">\n<thead>\n<tr>\n<td><strong>\u00dcR\u00dcN KODU<\/strong><\/td>\n<td><strong>B\u0130R\u0130M<\/strong><\/td>\n<td><strong>Kapasite (mm)<\/strong><\/td>\n<td><strong>Tak\u0131labilecek Max. U\u00e7 Ebat\u0131 (mm)<\/strong><\/td>\n<td><strong>Mandren Arka K\u0131s\u0131m Geni\u015flik<\/strong><\/td>\n<td><strong>Ba\u011flant\u0131 Tipi<\/strong><\/td>\n<td><strong>Paketleme Bilgisi Miktar<\/strong><\/td>\n<td><strong>En<\/strong><\/td>\n<td><strong>Boy<\/strong><\/td>\n<td><strong>Y\u00fckseklik<\/strong><\/td>\n<td><strong>Net A\u011f\u0131rl\u0131k<\/strong><\/td>\n<td><strong>Br\u00fct A\u011f\u0131rl\u0131k<\/strong><\/td>\n<\/tr>\n<\/thead>\n<tbody>\n<tr>\n<td>02.03.01.00.10380<\/td>\n<td>AD<\/td>\n<td>0.8<\/td>\n<td>10<\/td>\n<td>1\/2<\/td>\n<td>20<\/td>\n<td>1<\/td>\n<td>0<\/td>\n<td>0<\/td>\n<td>0<\/td>\n<td>0<\/td>\n<td>0<\/td>\n<\/tr>\n<tr>\n<td>02.03.01.00.10380<\/td>\n<td>PK<\/td>\n<td>0.8<\/td>\n<td>10<\/td>\n<td>1\/2<\/td>\n<td>20<\/td>\n<td>1<\/td>\n<td>0<\/td>\n<td>0<\/td>\n<td>0<\/td>\n<td>0<\/td>\n<td>0<\/td>\n<\/tr>\n<tr>\n<td>02.03.01.00.10380<\/td>\n<td>KL<\/td>\n<td>0.8<\/td>\n<td>10<\/td>\n<td>1\/2<\/td>\n<td>20<\/td>\n<td>100<\/td>\n<td>0<\/td>\n<td>0<\/td>\n<td>0<\/td>\n<td>0<\/td>\n<td>0<\/td>\n<\/tr>\n<tr>\n<td>02.03.01.00.10381<\/td>\n<td>AD<\/td>\n<td>0.8<\/td>\n<td>10<\/td>\n<td>3\/8<\/td>\n<td>24<\/td>\n<td>1<\/td>\n<td>0<\/td>\n<td>0<\/td>\n<td>0<\/td>\n<td>0<\/td>\n<td>0<\/td>\n<\/tr>\n<tr>\n<td>02.03.01.00.10381<\/td>\n<td>PK<\/td>\n<td>0.8<\/td>\n<td>10<\/td>\n<td>3\/8<\/td>\n<td>24<\/td>\n<td>1<\/td>\n<td>0<\/td>\n<td>0<\/td>\n<td>0<\/td>\n<td>0<\/td>\n<td>0<\/td>\n<\/tr>\n<tr>\n<td>02.03.01.00.10381<\/td>\n<td>KL<\/td>\n<td>0.8<\/td>\n<td>10<\/td>\n<td>3\/8<\/td>\n<td>24<\/td>\n<td>100<\/td>\n<td>0<\/td>\n<td>0<\/td>\n<td>0<\/td>\n<td>0<\/td>\n<td>0<\/td>\n<\/tr>\n<tr>\n<td>02.03.01.00.13012<\/td>\n<td>AD<\/td>\n<td>1.2<\/td>\n<td>13<\/td>\n<td>1\/2<\/td>\n<td>20<\/td>\n<td>1<\/td>\n<td>0<\/td>\n<td>0<\/td>\n<td>0<\/td>\n<td>0<\/td>\n<td>0<\/td>\n<\/tr>\n<tr>\n<td>02.03.01.00.13012<\/td>\n<td>PK<\/td>\n<td>1.2<\/td>\n<td>13<\/td>\n<td>1\/2<\/td>\n<td>20<\/td>\n<td>1<\/td>\n<td>0<\/td>\n<td>0<\/td>\n<td>0<\/td>\n<td>0<\/td>\n<td>0<\/td>\n<\/tr>\n<tr>\n<td>02.03.01.00.13012<\/td>\n<td>KL<\/td>\n<td>1.2<\/td>\n<td>13<\/td>\n<td>1\/2<\/td>\n<td>20<\/td>\n<td>50<\/td>\n<td>0<\/td>\n<td>0<\/td>\n<td>0<\/td>\n<td>0<\/td>\n<td>0<\/td>\n<\/tr>\n<tr>\n<td>02.03.01.00.13381<\/td>\n<td>AD<\/td>\n<td>1.2<\/td>\n<td>13<\/td>\n<td>3\/8<\/td>\n<td>24<\/td>\n<td>1<\/td>\n<td>0<\/td>\n<td>0<\/td>\n<td>0<\/td>\n<td>0<\/td>\n<td>0<\/td>\n<\/tr>\n<tr>\n<td>02.03.01.00.13381<\/td>\n<td>PK<\/td>\n<td>1.2<\/td>\n<td>13<\/td>\n<td>3\/8<\/td>\n<td>24<\/td>\n<td>1<\/td>\n<td>0<\/td>\n<td>0<\/td>\n<td>0<\/td>\n<td>0<\/td>\n<td>0<\/td>\n<\/tr>\n<tr>\n<td>02.03.01.00.13381<\/td>\n<td>KL<\/td>\n<td>1.2<\/td>\n<td>13<\/td>\n<td>3\/8<\/td>\n<td>24<\/td>\n<td>50<\/td>\n<td>0<\/td>\n<td>0<\/td>\n<td>0<\/td>\n<td>0<\/td>\n<td>0<\/td>\n<\/tr>\n<tr>\n<td>02.03.01.00.16012<\/td>\n<td>AD<\/td>\n<td>3.0<\/td>\n<td>16<\/td>\n<td>1\/2<\/td>\n<td>20<\/td>\n<td>1<\/td>\n<td>0<\/td>\n<td>0<\/td>\n<td>0<\/td>\n<td>0<\/td>\n<td>0<\/td>\n<\/tr>\n<tr>\n<td>02.03.01.00.16012<\/td>\n<td>PK<\/td>\n<td>3.0<\/td>\n<td>16<\/td>\n<td>1\/2<\/td>\n<td>20<\/td>\n<td>1<\/td>\n<td>0<\/td>\n<td>0<\/td>\n<td>0<\/td>\n<td>0<\/td>\n<td>0<\/td>\n<\/tr>\n<tr>\n<td>02.03.01.00.16012<\/td>\n<td>KL<\/td>\n<td>3.0<\/td>\n<td>16<\/td>\n<td>1\/2<\/td>\n<td>20<\/td>\n<td>30<\/td>\n<td>0<\/td>\n<td>0<\/td>\n<td>0<\/td>\n<td>0<\/td>\n<td>0<\/td>\n<\/tr>\n<\/tbody>\n<\/table>\n<p>&nbsp;<\/p>\n","protected":false},"excerpt":{"rendered":"<p>Kimi ta\u015f\u0131nabilir makinalar\u0131n burnuna tak\u0131lan ve d\u00f6nen \u00f6\u011feyi s\u0131k\u0131\u015ft\u0131rmaya ve sabitlemeye yarayan, anahtar ile s\u0131k\u0131lan, metal alettir. \u00dcR\u00dcN KODU B\u0130R\u0130M Kapasite (mm) Tak\u0131labilecek Max. U\u00e7 Ebat\u0131 (mm) Mandren Arka K\u0131s\u0131m Geni\u015flik Ba\u011flant\u0131 Tipi Paketleme Bilgisi Miktar En Boy Y\u00fckseklik Net A\u011f\u0131rl\u0131k Br\u00fct A\u011f\u0131rl\u0131k 02.03.01.00.10380 AD 0.8 10 1\/2 20 1 0 0 0 0 0 02.03.01.00.10380 PK 0.8 10 1\/2 [&hellip;]<\/p>\n","protected":false},"featured_media":16776,"comment_status":"open","ping_status":"closed","template":"","meta":[],"product_brand":[],"product_cat":[15,76,72,189],"product_tag":[],"class_list":{"0":"post-16773","1":"product","2":"type-product","3":"status-publish","4":"has-post-thumbnail","6":"product_cat-genel","7":"product_cat-bits-uclar-ve-matkap-uclari","8":"product_cat-hirdavat","9":"product_cat-madrenler","11":"first","12":"instock","13":"shipping-taxable","14":"product-type-simple"},"_links":{"self":[{"href":"http:\/\/basakcilastik.com.tr\/index.php?rest_route=\/wp\/v2\/product\/16773","targetHints":{"allow":["GET"]}}],"collection":[{"href":"http:\/\/basakcilastik.com.tr\/index.php?rest_route=\/wp\/v2\/product"}],"about":[{"href":"http:\/\/basakcilastik.com.tr\/index.php?rest_route=\/wp\/v2\/types\/product"}],"replies":[{"embeddable":true,"href":"http:\/\/basakcilastik.com.tr\/index.php?rest_route=%2Fwp%2Fv2%2Fcomments&post=16773"}],"wp:featuredmedia":[{"embeddable":true,"href":"http:\/\/basakcilastik.com.tr\/index.php?rest_route=\/wp\/v2\/media\/16776"}],"wp:attachment":[{"href":"http:\/\/basakcilastik.com.tr\/index.php?rest_route=%2Fwp%2Fv2%2Fmedia&parent=16773"}],"wp:term":[{"taxonomy":"product_brand","embeddable":true,"href":"http:\/\/basakcilastik.com.tr\/index.php?rest_route=%2Fwp%2Fv2%2Fproduct_brand&post=16773"},{"taxonomy":"product_cat","embeddable":true,"href":"http:\/\/basakcilastik.com.tr\/index.php?rest_route=%2Fwp%2Fv2%2Fproduct_cat&post=16773"},{"taxonomy":"product_tag","embeddable":true,"href":"http:\/\/basakcilastik.com.tr\/index.php?rest_route=%2Fwp%2Fv2%2Fproduct_tag&post=16773"}],"curies":[{"name":"wp","href":"https:\/\/api.w.org\/{rel}","templated":true}]}}