{"id":16755,"date":"2020-07-29T20:16:10","date_gmt":"2020-07-29T20:16:10","guid":{"rendered":"https:\/\/basakcilastik.com.tr\/?post_type=product&#038;p=16755"},"modified":"2020-07-29T20:16:11","modified_gmt":"2020-07-29T20:16:11","slug":"unf-ince-dis-kilavuzlari","status":"publish","type":"product","link":"http:\/\/basakcilastik.com.tr\/?product=unf-ince-dis-kilavuzlari","title":{"rendered":"UNF \u0130NCE D\u0130\u015e KILAVUZLARI"},"content":{"rendered":"<p>UNF \u0130NCE D\u0130\u015e KILAVUZLARI<\/p>\n","protected":false},"excerpt":{"rendered":"<p>UNF \u0130NCE D\u0130\u015e KILAVUZLARI<\/p>\n","protected":false},"featured_media":16758,"comment_status":"open","ping_status":"closed","template":"","meta":[],"product_brand":[],"product_cat":[15,76,72,188],"product_tag":[],"class_list":{"0":"post-16755","1":"product","2":"type-product","3":"status-publish","4":"has-post-thumbnail","6":"product_cat-genel","7":"product_cat-bits-uclar-ve-matkap-uclari","8":"product_cat-hirdavat","9":"product_cat-klavuz","11":"first","12":"instock","13":"shipping-taxable","14":"product-type-simple"},"_links":{"self":[{"href":"http:\/\/basakcilastik.com.tr\/index.php?rest_route=\/wp\/v2\/product\/16755","targetHints":{"allow":["GET"]}}],"collection":[{"href":"http:\/\/basakcilastik.com.tr\/index.php?rest_route=\/wp\/v2\/product"}],"about":[{"href":"http:\/\/basakcilastik.com.tr\/index.php?rest_route=\/wp\/v2\/types\/product"}],"replies":[{"embeddable":true,"href":"http:\/\/basakcilastik.com.tr\/index.php?rest_route=%2Fwp%2Fv2%2Fcomments&post=16755"}],"wp:featuredmedia":[{"embeddable":true,"href":"http:\/\/basakcilastik.com.tr\/index.php?rest_route=\/wp\/v2\/media\/16758"}],"wp:attachment":[{"href":"http:\/\/basakcilastik.com.tr\/index.php?rest_route=%2Fwp%2Fv2%2Fmedia&parent=16755"}],"wp:term":[{"taxonomy":"product_brand","embeddable":true,"href":"http:\/\/basakcilastik.com.tr\/index.php?rest_route=%2Fwp%2Fv2%2Fproduct_brand&post=16755"},{"taxonomy":"product_cat","embeddable":true,"href":"http:\/\/basakcilastik.com.tr\/index.php?rest_route=%2Fwp%2Fv2%2Fproduct_cat&post=16755"},{"taxonomy":"product_tag","embeddable":true,"href":"http:\/\/basakcilastik.com.tr\/index.php?rest_route=%2Fwp%2Fv2%2Fproduct_tag&post=16755"}],"curies":[{"name":"wp","href":"https:\/\/api.w.org\/{rel}","templated":true}]}}