{"id":16504,"date":"2020-07-28T22:23:47","date_gmt":"2020-07-28T22:23:47","guid":{"rendered":"https:\/\/basakcilastik.com.tr\/?post_type=product&#038;p=16504"},"modified":"2020-07-28T22:23:48","modified_gmt":"2020-07-28T22:23:48","slug":"yatay-dikey-doner-tabla-ve-hareketli-supportlar","status":"publish","type":"product","link":"http:\/\/basakcilastik.com.tr\/?product=yatay-dikey-doner-tabla-ve-hareketli-supportlar","title":{"rendered":"YATAY-D\u0130KEY D\u00d6NER TABLA VE HAREKETL\u0130 SUPPORTLAR"},"content":{"rendered":"<p>YATAY-D\u0130KEY D\u00d6NER TABLA VE HAREKETL\u0130 SUPPORTLAR<\/p>\n","protected":false},"excerpt":{"rendered":"<p>YATAY-D\u0130KEY D\u00d6NER TABLA VE HAREKETL\u0130 SUPPORTLAR<\/p>\n","protected":false},"featured_media":16507,"comment_status":"open","ping_status":"closed","template":"","meta":[],"product_brand":[],"product_cat":[15,76,186,72],"product_tag":[],"class_list":{"0":"post-16504","1":"product","2":"type-product","3":"status-publish","4":"has-post-thumbnail","6":"product_cat-genel","7":"product_cat-bits-uclar-ve-matkap-uclari","8":"product_cat-diger","9":"product_cat-hirdavat","11":"first","12":"instock","13":"shipping-taxable","14":"product-type-simple"},"_links":{"self":[{"href":"http:\/\/basakcilastik.com.tr\/index.php?rest_route=\/wp\/v2\/product\/16504","targetHints":{"allow":["GET"]}}],"collection":[{"href":"http:\/\/basakcilastik.com.tr\/index.php?rest_route=\/wp\/v2\/product"}],"about":[{"href":"http:\/\/basakcilastik.com.tr\/index.php?rest_route=\/wp\/v2\/types\/product"}],"replies":[{"embeddable":true,"href":"http:\/\/basakcilastik.com.tr\/index.php?rest_route=%2Fwp%2Fv2%2Fcomments&post=16504"}],"wp:featuredmedia":[{"embeddable":true,"href":"http:\/\/basakcilastik.com.tr\/index.php?rest_route=\/wp\/v2\/media\/16507"}],"wp:attachment":[{"href":"http:\/\/basakcilastik.com.tr\/index.php?rest_route=%2Fwp%2Fv2%2Fmedia&parent=16504"}],"wp:term":[{"taxonomy":"product_brand","embeddable":true,"href":"http:\/\/basakcilastik.com.tr\/index.php?rest_route=%2Fwp%2Fv2%2Fproduct_brand&post=16504"},{"taxonomy":"product_cat","embeddable":true,"href":"http:\/\/basakcilastik.com.tr\/index.php?rest_route=%2Fwp%2Fv2%2Fproduct_cat&post=16504"},{"taxonomy":"product_tag","embeddable":true,"href":"http:\/\/basakcilastik.com.tr\/index.php?rest_route=%2Fwp%2Fv2%2Fproduct_tag&post=16504"}],"curies":[{"name":"wp","href":"https:\/\/api.w.org\/{rel}","templated":true}]}}