{"id":16498,"date":"2020-07-28T22:21:22","date_gmt":"2020-07-28T22:21:22","guid":{"rendered":"https:\/\/basakcilastik.com.tr\/?post_type=product&#038;p=16498"},"modified":"2020-07-28T22:21:23","modified_gmt":"2020-07-28T22:21:23","slug":"workpro-w009012-cantali-pembe-el-aletleri-seti-103parca","status":"publish","type":"product","link":"http:\/\/basakcilastik.com.tr\/?product=workpro-w009012-cantali-pembe-el-aletleri-seti-103parca","title":{"rendered":"WORKPRO W009012 \u00c7antal\u0131 Pembe El Aletleri Seti, 103Par\u00e7a"},"content":{"rendered":"<p>WORKPRO W009012 \u00c7antal\u0131 Pembe El Aletleri Seti, 103Par\u00e7a<\/p>\n<p>&nbsp;<\/p>\n<ul>\n<li>\u00c7o\u011fu ev i\u015flerinde kullan\u0131ma uygun kompakt, hafif, ideal el aletleri seti<br \/>\n\u25cf Y\u00fcksek kalite standartlar\u0131na uygun Cr-V&#8217;dan mam\u00fcl<br \/>\n\u25cf Kolay kullan\u0131m ve ta\u015f\u0131ma i\u00e7in hafif ve dayan\u0131kl\u0131 ta\u015f\u0131ma \u00e7antas\u0131 ile birlikte<br \/>\n\u25cf 1 x 6&#8242;(152mm) ayarl\u0131 pense<br \/>\n\u25cf 1 x 6&#8242;(152mm) kargaburun<br \/>\n\u25cf 1 x 6&#8242;(152mm) ingiliz anahtar\u0131<br \/>\n\u25cf 5 x hassas tornavida<br \/>\n\u25cf 1 x m\u0131knat\u0131sl\u0131 bits u\u00e7 tutucu tornavida kolu<br \/>\n\u25cf 40 x 1&#8242; tutuculu bits u\u00e7<br \/>\n\u25cf 1 x 9&#8242; m\u0131knat\u0131sl\u0131 su terazisi<br \/>\n\u25cf 1 x 16oz fiberglas \u00e7atal \u00e7eki\u00e7<br \/>\n\u25cf 1 x 16FT.(5m) \u015ferit metre<br \/>\n\u25cf 1 x maket b\u0131\u00e7a\u011f\u0131<br \/>\n\u25cf 10 x maket b\u0131\u00e7a\u011f\u0131 yedek b\u0131\u00e7a\u011f\u0131<br \/>\n\u25cf 40 x kablo ba\u011f\u0131<br \/>\n\u25cf 1 x ta\u015f\u0131ma \u00e7antas\u0131<\/li>\n<\/ul>\n<p>&nbsp;<\/p>\n","protected":false},"excerpt":{"rendered":"<p>WORKPRO W009012 \u00c7antal\u0131 Pembe El Aletleri Seti, 103Par\u00e7a &nbsp; \u00c7o\u011fu ev i\u015flerinde kullan\u0131ma uygun kompakt, hafif, ideal el aletleri seti \u25cf Y\u00fcksek kalite standartlar\u0131na uygun Cr-V&#8217;dan mam\u00fcl \u25cf Kolay kullan\u0131m ve ta\u015f\u0131ma i\u00e7in hafif ve dayan\u0131kl\u0131 ta\u015f\u0131ma \u00e7antas\u0131 ile birlikte \u25cf 1 x 6&#8242;(152mm) ayarl\u0131 pense \u25cf 1 x 6&#8242;(152mm) kargaburun \u25cf 1 x 6&#8242;(152mm) ingiliz anahtar\u0131 \u25cf 5 x [&hellip;]<\/p>\n","protected":false},"featured_media":16501,"comment_status":"open","ping_status":"closed","template":"","meta":[],"product_brand":[],"product_cat":[15,76,186,72],"product_tag":[],"class_list":{"0":"post-16498","1":"product","2":"type-product","3":"status-publish","4":"has-post-thumbnail","6":"product_cat-genel","7":"product_cat-bits-uclar-ve-matkap-uclari","8":"product_cat-diger","9":"product_cat-hirdavat","11":"first","12":"instock","13":"shipping-taxable","14":"product-type-simple"},"_links":{"self":[{"href":"http:\/\/basakcilastik.com.tr\/index.php?rest_route=\/wp\/v2\/product\/16498","targetHints":{"allow":["GET"]}}],"collection":[{"href":"http:\/\/basakcilastik.com.tr\/index.php?rest_route=\/wp\/v2\/product"}],"about":[{"href":"http:\/\/basakcilastik.com.tr\/index.php?rest_route=\/wp\/v2\/types\/product"}],"replies":[{"embeddable":true,"href":"http:\/\/basakcilastik.com.tr\/index.php?rest_route=%2Fwp%2Fv2%2Fcomments&post=16498"}],"wp:featuredmedia":[{"embeddable":true,"href":"http:\/\/basakcilastik.com.tr\/index.php?rest_route=\/wp\/v2\/media\/16501"}],"wp:attachment":[{"href":"http:\/\/basakcilastik.com.tr\/index.php?rest_route=%2Fwp%2Fv2%2Fmedia&parent=16498"}],"wp:term":[{"taxonomy":"product_brand","embeddable":true,"href":"http:\/\/basakcilastik.com.tr\/index.php?rest_route=%2Fwp%2Fv2%2Fproduct_brand&post=16498"},{"taxonomy":"product_cat","embeddable":true,"href":"http:\/\/basakcilastik.com.tr\/index.php?rest_route=%2Fwp%2Fv2%2Fproduct_cat&post=16498"},{"taxonomy":"product_tag","embeddable":true,"href":"http:\/\/basakcilastik.com.tr\/index.php?rest_route=%2Fwp%2Fv2%2Fproduct_tag&post=16498"}],"curies":[{"name":"wp","href":"https:\/\/api.w.org\/{rel}","templated":true}]}}